{"id":12026,"date":"2025-12-01T09:06:11","date_gmt":"2025-12-01T08:06:11","guid":{"rendered":"https:\/\/staging.zafolaw.com\/cookiepolicy\/"},"modified":"2026-03-03T22:31:08","modified_gmt":"2026-03-03T21:31:08","slug":"cookiepolicy","status":"publish","type":"page","link":"https:\/\/zafolaw.com\/sv\/cookiepolicy\/","title":{"rendered":"Cookiepolicy"},"content":{"rendered":"\t\t<div data-elementor-type=\"wp-page\" data-elementor-id=\"12026\" class=\"elementor elementor-12026 elementor-6508\" data-elementor-post-type=\"page\">\n\t\t\t\t<div class=\"elementor-element elementor-element-50ade39 e-flex e-con-boxed e-con e-parent\" data-id=\"50ade39\" data-element_type=\"container\" data-e-type=\"container\">\n\t\t\t\t\t<div class=\"e-con-inner\">\n\t\t<div class=\"elementor-element elementor-element-a5953c1 e-con-full e-flex e-con e-child\" data-id=\"a5953c1\" data-element_type=\"container\" data-e-type=\"container\">\n\t\t\t\t<div class=\"elementor-element elementor-element-013edcd elementor-widget elementor-widget-heading\" data-id=\"013edcd\" data-element_type=\"widget\" data-e-type=\"widget\" data-widget_type=\"heading.default\">\n\t\t\t\t\t<h1 class=\"elementor-heading-title elementor-size-default\">Cookiepolicy<\/h1>\t\t\t\t<\/div>\n\t\t\t\t<div class=\"elementor-element elementor-element-5dea743 elementor-widget elementor-widget-text-editor\" data-id=\"5dea743\" data-element_type=\"widget\" data-e-type=\"widget\" data-widget_type=\"text-editor.default\">\n\t\t\t\t\t\t\t\t\t<h2>Introduktion<\/h2>\n<p>N\u00e4r du bes\u00f6ker v\u00e5r webbplats samlas information om dig in, vilken anv\u00e4nds f\u00f6r att anpassa och f\u00f6rb\u00e4ttra v\u00e5rt inneh\u00e5ll och f\u00f6r att \u00f6ka v\u00e4rdet p\u00e5 de annonser som visas p\u00e5 sidan. Om du inte vill att information samlas in b\u00f6r du radera dina cookies (se anvisningar nedan i avsnittet Cookies) och undvika vidare anv\u00e4ndning av webbplatsen. Nedan har vi f\u00f6rtydligat vilken information som samlas in, deras syfte och vilka tredje parter som har tillg\u00e5ng till dem.  <\/p>\n<h2>Cookies<\/h2>\n<p>Webbplatsen anv\u00e4nder \u201dcookies\u201d, vilket \u00e4r en textfil som sparas p\u00e5 din dator, mobil eller motsvarande i syfte att k\u00e4nna igen den, komma ih\u00e5g inst\u00e4llningar, utf\u00f6ra statistik och rikta annonser. Cookies kan inte inneh\u00e5lla skadlig kod som t.ex. virus.<br>Det \u00e4r m\u00f6jligt att radera eller blockera cookies. Se v\u00e4gledning:  &nbsp;<font color=\"#333366\"><span style=\"background-color: rgb(255, 255, 255);\"><a href=\"https:\/\/www.aboutcookies.org\/how-to-manage-and-delete-cookies\">https:\/\/www.aboutcookies.org\/how-to-manage-and-delete-cookies<\/a><\/span><\/font><br>Om du raderar eller blockerar cookies kan annonser bli mindre relevanta f\u00f6r dig och visas oftare. Du kan dessutom riskera att webbplatsen inte fungerar optimalt samt att det finns inneh\u00e5ll som du inte kan f\u00e5 \u00e5tkomst till.<br>Webbplatsen inneh\u00e5ller cookies fr\u00e5n tredjeparter, vilket i varierande omfattning kan omfatta: <\/p>\n<p><strong>Funktionscookies<br><\/strong>N\u00f6dv\u00e4ndiga cookies hj\u00e4lper till att g\u00f6ra en webbplats anv\u00e4ndbar genom att aktivera grundl\u00e4ggande funktioner s\u00e5som sidnavigering och tillg\u00e5ng till s\u00e4kra omr\u00e5den p\u00e5 webbplatsen. Webbplatsen kan inte fungera ordentligt utan dessa cookies.<\/p>\n<h2>Personuppgifter<\/h2>\n<h3 align=\"left\">Generellt<\/h3>\n<p>Personuppgifter \u00e4r alla typer av information som i en eller annan utstr\u00e4ckning kan h\u00e4nf\u00f6ras till dig.<br>N\u00e4r du anv\u00e4nder v\u00e5r webbplats samlar vi in och behandlar en rad s\u00e5dana informationer. Det sker vid vanlig \u00e5tkomst av inneh\u00e5ll, n\u00e4r du anm\u00e4ler dig till v\u00e5rt nyhetsbrev eller fyller i kontaktformul\u00e4ret p\u00e5 <a href=\"https:\/\/staging.zafolaw.com\/sv\/kontakt\/\">https:\/\/zafolaw.com\/sv\/kontakt\/<\/a><br>Vi samlar in och behandlar typiskt f\u00f6ljande typer av uppgifter: Ett unikt ID och tekniska uppgifter om din dator, surfplatta eller mobiltelefon, ditt IP-nummer, geografisk placering, samt vilka sidor du klickar p\u00e5 <a href=\"https:\/\/zafolaw.com\/sv\/\">zafolaw.com<\/a>. <\/p>\n<h3 align=\"left\">S\u00e4kerhet<\/h3>\n<p>Vi behandlar dina personuppgifter s\u00e4kert och konfidentiellt i \u00f6verensst\u00e4mmelse med g\u00e4llande lagstiftning, inklusive dataskyddsf\u00f6rordningen och dataskyddslagen.<br>Dina upplysningar kommer enbart att anv\u00e4ndas till det \u00e4ndam\u00e5l de \u00e4r insamlade f\u00f6r, och kommer att raderas n\u00e4r detta \u00e4ndam\u00e5l \u00e4r uppfyllt eller inte l\u00e4ngre relevant.<br>Vi har vidtagit tekniska och organisatoriska \u00e5tg\u00e4rder mot att dina upplysningar oavsiktligt eller olagligt raderas, offentligg\u00f6rs, g\u00e5r f\u00f6rlorade, f\u00f6rs\u00e4mras eller kommer till obeh\u00f6rigas k\u00e4nnedom, missbrukas eller i \u00f6vrigt behandlas i strid med lagstiftningen.<\/p>\n<h3 align=\"left\">Syfte<\/h3>\n<p>Upplysningarna anv\u00e4nds f\u00f6r att identifiera dig som anv\u00e4ndare och visa dig de annonser som kommer att ha st\u00f6rst sannolikhet f\u00f6r att vara relevanta f\u00f6r dig, och f\u00f6r att kunna leverera de tj\u00e4nster du har efterfr\u00e5gat, som t.ex. att skicka ett nyhetsbrev eller besvara digitala f\u00f6rfr\u00e5gningar.<br>H\u00e4rut\u00f6ver anv\u00e4nder vi upplysningarna f\u00f6r att uppn\u00e5 k\u00e4nnedom om anv\u00e4ndarnas anv\u00e4ndning av [dom\u00e4n] med syftet att optimera v\u00e5rt inneh\u00e5ll och tj\u00e4nster p\u00e5 <a href=\"https:\/\/zafolaw.com\/sv\/\">zafolaw.com<\/a>.<\/p>\n<h3 align=\"left\">Period f\u00f6r f\u00f6rvaring<\/h3>\n<p>Upplysningarna f\u00f6rvaras under den tidsperiod som \u00e4r till\u00e5ten enligt lagstiftningen, och vi raderar dem n\u00e4r de inte l\u00e4ngre \u00e4r n\u00f6dv\u00e4ndiga. Perioden beror p\u00e5 upplysningens karakt\u00e4r och bakgrunden f\u00f6r f\u00f6rvaring.<\/p>\n<h3 align=\"left\">Vidaregivning av upplysningar<\/h3>\n<p>Data om din anv\u00e4ndning av webbplatsen, vilka annonser du mottar och ev. klickar p\u00e5, geografisk placering, k\u00f6n och \u00e5lderssegment m.v. vidareges till tredje parter i det omf\u00e5ng dessa upplysningar \u00e4r k\u00e4nda. Du kan se vilka tredje parter det \u00e4r fr\u00e5ga om i avsnittet om \u201dCookies\u201d ovan. Upplysningarna anv\u00e4nds f\u00f6r m\u00e5linriktning av annonsering. <\/p>\n<h3 align=\"left\">Insikt och klagom\u00e5l<\/h3>\n<p>Du har r\u00e4tt att f\u00e5 information om vilka personuppgifter vi behandlar om dig i ett allm\u00e4nt format (dataportabilitet). Du kan dessutom n\u00e4r som helst inv\u00e4nda mot att uppgifter anv\u00e4nds. Du kan ocks\u00e5 \u00e5terkalla ditt samtycke till att uppgifter om dig behandlas.  &nbsp; Om de uppgifter som behandlas om dig \u00e4r felaktiga har du r\u00e4tt att de r\u00e4ttas eller raderas. Henvendelse heromkan ske til: <a href=\"mailto:info@zafolaw.com\">info@zafolaw.com<\/a>. Om du vill klaga \u00f6ver v\u00e5r behandling av dina personuppgifter har du ocks\u00e5 m\u00f6jlighet att kontakta Datainspektionen.  <\/p>\n<p>\u00d6nskar du inte l\u00e4ngre att vi ska behandla dina personuppgifter, eller att vi ska begr\u00e4nsa behandlingen av dina personuppgifter, kan du ocks\u00e5 skicka oss en anmodan h\u00e4rom till <a href=\"mailto:info@zafolaw.com\">info@zafolaw.com<\/a>.<\/p>\n<h3 align=\"left\">Utgivare<\/h3>\n<p>Webbplatsen \u00e4gs och publiceras av:<\/p>\n<p><strong>Zafo Law<\/strong><br>C\/ Beethoven 15 Floor 2 Door 7<br>08021 Barcelona<br>Spain<br>Telefon: (+34) 932 389 300<br>E-post: <a href=\"mailto:info@zafolaw.com\">info@zafolaw.com<\/a><\/p>\t\t\t\t\t\t\t\t<\/div>\n\t\t\t\t<\/div>\n\t\t\t\t\t<\/div>\n\t\t\t\t<\/div>\n\t\t\t\t<\/div>\n\t\t","protected":false},"excerpt":{"rendered":"<p>Cookiepolicy Introduktion N\u00e4r du bes\u00f6ker v\u00e5r webbplats samlas information om dig in, vilken anv\u00e4nds f\u00f6r att anpassa och f\u00f6rb\u00e4ttra v\u00e5rt inneh\u00e5ll och f\u00f6r att \u00f6ka v\u00e4rdet p\u00e5 de annonser som visas p\u00e5 sidan. Om du inte vill att information samlas in b\u00f6r du radera dina cookies (se anvisningar nedan i avsnittet Cookies) och undvika vidare [&hellip;]<\/p>\n","protected":false},"author":1,"featured_media":0,"parent":0,"menu_order":0,"comment_status":"closed","ping_status":"closed","template":"","meta":{"footnotes":""},"class_list":["post-12026","page","type-page","status-publish","hentry"],"yoast_head":"<!-- This site is optimized with the Yoast SEO plugin v27.5 - https:\/\/yoast.com\/product\/yoast-seo-wordpress\/ -->\n<title>Cookiepolicy - Zafo Law<\/title>\n<meta name=\"robots\" content=\"noindex, nofollow\" \/>\n<meta property=\"og:locale\" content=\"sv_SE\" \/>\n<meta property=\"og:type\" content=\"article\" \/>\n<meta property=\"og:title\" content=\"Cookiepolicy - Zafo Law\" \/>\n<meta property=\"og:description\" content=\"Cookiepolicy Introduktion N\u00e4r du bes\u00f6ker v\u00e5r webbplats samlas information om dig in, vilken anv\u00e4nds f\u00f6r att anpassa och f\u00f6rb\u00e4ttra v\u00e5rt inneh\u00e5ll och f\u00f6r att \u00f6ka v\u00e4rdet p\u00e5 de annonser som visas p\u00e5 sidan. Om du inte vill att information samlas in b\u00f6r du radera dina cookies (se anvisningar nedan i avsnittet Cookies) och undvika vidare [&hellip;]\" \/>\n<meta property=\"og:url\" content=\"https:\/\/zafolaw.com\/sv\/cookiepolicy\/\" \/>\n<meta property=\"og:site_name\" content=\"Zafo Law\" \/>\n<meta property=\"article:modified_time\" content=\"2026-03-03T21:31:08+00:00\" \/>\n<meta name=\"twitter:card\" content=\"summary_large_image\" \/>\n<meta name=\"twitter:label1\" content=\"Ber\u00e4knad l\u00e4stid\" \/>\n\t<meta name=\"twitter:data1\" content=\"4 minuter\" \/>\n<script type=\"application\/ld+json\" class=\"yoast-schema-graph\">{\"@context\":\"https:\\\/\\\/schema.org\",\"@graph\":[{\"@type\":\"WebPage\",\"@id\":\"https:\\\/\\\/zafolaw.com\\\/sv\\\/cookiepolicy\\\/\",\"url\":\"https:\\\/\\\/zafolaw.com\\\/sv\\\/cookiepolicy\\\/\",\"name\":\"Cookiepolicy - Zafo Law\",\"isPartOf\":{\"@id\":\"https:\\\/\\\/zafolaw.com\\\/sv\\\/#website\"},\"datePublished\":\"2025-12-01T08:06:11+00:00\",\"dateModified\":\"2026-03-03T21:31:08+00:00\",\"breadcrumb\":{\"@id\":\"https:\\\/\\\/zafolaw.com\\\/sv\\\/cookiepolicy\\\/#breadcrumb\"},\"inLanguage\":\"sv-SE\",\"potentialAction\":[{\"@type\":\"ReadAction\",\"target\":[\"https:\\\/\\\/zafolaw.com\\\/sv\\\/cookiepolicy\\\/\"]}]},{\"@type\":\"BreadcrumbList\",\"@id\":\"https:\\\/\\\/zafolaw.com\\\/sv\\\/cookiepolicy\\\/#breadcrumb\",\"itemListElement\":[{\"@type\":\"ListItem\",\"position\":1,\"name\":\"Hjem\",\"item\":\"https:\\\/\\\/zafolaw.com\\\/sv\\\/\"},{\"@type\":\"ListItem\",\"position\":2,\"name\":\"Cookiepolicy\"}]},{\"@type\":\"WebSite\",\"@id\":\"https:\\\/\\\/zafolaw.com\\\/sv\\\/#website\",\"url\":\"https:\\\/\\\/zafolaw.com\\\/sv\\\/\",\"name\":\"Zafo Law\",\"description\":\"Friend of Scandinavia\",\"publisher\":{\"@id\":\"https:\\\/\\\/zafolaw.com\\\/sv\\\/#organization\"},\"potentialAction\":[{\"@type\":\"SearchAction\",\"target\":{\"@type\":\"EntryPoint\",\"urlTemplate\":\"https:\\\/\\\/zafolaw.com\\\/sv\\\/?s={search_term_string}\"},\"query-input\":{\"@type\":\"PropertyValueSpecification\",\"valueRequired\":true,\"valueName\":\"search_term_string\"}}],\"inLanguage\":\"sv-SE\"},{\"@type\":\"Organization\",\"@id\":\"https:\\\/\\\/zafolaw.com\\\/sv\\\/#organization\",\"name\":\"Zafo Law\",\"url\":\"https:\\\/\\\/zafolaw.com\\\/sv\\\/\",\"logo\":{\"@type\":\"ImageObject\",\"inLanguage\":\"sv-SE\",\"@id\":\"https:\\\/\\\/zafolaw.com\\\/sv\\\/#\\\/schema\\\/logo\\\/image\\\/\",\"url\":\"https:\\\/\\\/zafolaw.com\\\/wp-content\\\/uploads\\\/2025\\\/11\\\/zafolaw-logo-small.svg\",\"contentUrl\":\"https:\\\/\\\/zafolaw.com\\\/wp-content\\\/uploads\\\/2025\\\/11\\\/zafolaw-logo-small.svg\",\"width\":182,\"height\":40,\"caption\":\"Zafo Law\"},\"image\":{\"@id\":\"https:\\\/\\\/zafolaw.com\\\/sv\\\/#\\\/schema\\\/logo\\\/image\\\/\"},\"sameAs\":[\"https:\\\/\\\/www.linkedin.com\\\/company\\\/zafo-law\"]}]}<\/script>\n<!-- \/ Yoast SEO plugin. -->","yoast_head_json":{"title":"Cookiepolicy - Zafo Law","robots":{"index":"noindex","follow":"nofollow"},"og_locale":"sv_SE","og_type":"article","og_title":"Cookiepolicy - Zafo Law","og_description":"Cookiepolicy Introduktion N\u00e4r du bes\u00f6ker v\u00e5r webbplats samlas information om dig in, vilken anv\u00e4nds f\u00f6r att anpassa och f\u00f6rb\u00e4ttra v\u00e5rt inneh\u00e5ll och f\u00f6r att \u00f6ka v\u00e4rdet p\u00e5 de annonser som visas p\u00e5 sidan. Om du inte vill att information samlas in b\u00f6r du radera dina cookies (se anvisningar nedan i avsnittet Cookies) och undvika vidare [&hellip;]","og_url":"https:\/\/zafolaw.com\/sv\/cookiepolicy\/","og_site_name":"Zafo Law","article_modified_time":"2026-03-03T21:31:08+00:00","twitter_card":"summary_large_image","twitter_misc":{"Ber\u00e4knad l\u00e4stid":"4 minuter"},"schema":{"@context":"https:\/\/schema.org","@graph":[{"@type":"WebPage","@id":"https:\/\/zafolaw.com\/sv\/cookiepolicy\/","url":"https:\/\/zafolaw.com\/sv\/cookiepolicy\/","name":"Cookiepolicy - Zafo Law","isPartOf":{"@id":"https:\/\/zafolaw.com\/sv\/#website"},"datePublished":"2025-12-01T08:06:11+00:00","dateModified":"2026-03-03T21:31:08+00:00","breadcrumb":{"@id":"https:\/\/zafolaw.com\/sv\/cookiepolicy\/#breadcrumb"},"inLanguage":"sv-SE","potentialAction":[{"@type":"ReadAction","target":["https:\/\/zafolaw.com\/sv\/cookiepolicy\/"]}]},{"@type":"BreadcrumbList","@id":"https:\/\/zafolaw.com\/sv\/cookiepolicy\/#breadcrumb","itemListElement":[{"@type":"ListItem","position":1,"name":"Hjem","item":"https:\/\/zafolaw.com\/sv\/"},{"@type":"ListItem","position":2,"name":"Cookiepolicy"}]},{"@type":"WebSite","@id":"https:\/\/zafolaw.com\/sv\/#website","url":"https:\/\/zafolaw.com\/sv\/","name":"Zafo Law","description":"Friend of Scandinavia","publisher":{"@id":"https:\/\/zafolaw.com\/sv\/#organization"},"potentialAction":[{"@type":"SearchAction","target":{"@type":"EntryPoint","urlTemplate":"https:\/\/zafolaw.com\/sv\/?s={search_term_string}"},"query-input":{"@type":"PropertyValueSpecification","valueRequired":true,"valueName":"search_term_string"}}],"inLanguage":"sv-SE"},{"@type":"Organization","@id":"https:\/\/zafolaw.com\/sv\/#organization","name":"Zafo Law","url":"https:\/\/zafolaw.com\/sv\/","logo":{"@type":"ImageObject","inLanguage":"sv-SE","@id":"https:\/\/zafolaw.com\/sv\/#\/schema\/logo\/image\/","url":"https:\/\/zafolaw.com\/wp-content\/uploads\/2025\/11\/zafolaw-logo-small.svg","contentUrl":"https:\/\/zafolaw.com\/wp-content\/uploads\/2025\/11\/zafolaw-logo-small.svg","width":182,"height":40,"caption":"Zafo Law"},"image":{"@id":"https:\/\/zafolaw.com\/sv\/#\/schema\/logo\/image\/"},"sameAs":["https:\/\/www.linkedin.com\/company\/zafo-law"]}]}},"_links":{"self":[{"href":"https:\/\/zafolaw.com\/sv\/wp-json\/wp\/v2\/pages\/12026","targetHints":{"allow":["GET"]}}],"collection":[{"href":"https:\/\/zafolaw.com\/sv\/wp-json\/wp\/v2\/pages"}],"about":[{"href":"https:\/\/zafolaw.com\/sv\/wp-json\/wp\/v2\/types\/page"}],"author":[{"embeddable":true,"href":"https:\/\/zafolaw.com\/sv\/wp-json\/wp\/v2\/users\/1"}],"replies":[{"embeddable":true,"href":"https:\/\/zafolaw.com\/sv\/wp-json\/wp\/v2\/comments?post=12026"}],"version-history":[{"count":5,"href":"https:\/\/zafolaw.com\/sv\/wp-json\/wp\/v2\/pages\/12026\/revisions"}],"predecessor-version":[{"id":12855,"href":"https:\/\/zafolaw.com\/sv\/wp-json\/wp\/v2\/pages\/12026\/revisions\/12855"}],"wp:attachment":[{"href":"https:\/\/zafolaw.com\/sv\/wp-json\/wp\/v2\/media?parent=12026"}],"curies":[{"name":"wp","href":"https:\/\/api.w.org\/{rel}","templated":true}]}}