{"id":12009,"date":"2025-10-28T10:36:43","date_gmt":"2025-10-28T09:36:43","guid":{"rendered":"https:\/\/staging.zafolaw.com\/integritetspolicy\/"},"modified":"2026-03-03T22:47:02","modified_gmt":"2026-03-03T21:47:02","slug":"integritetspolicy","status":"publish","type":"page","link":"https:\/\/zafolaw.com\/sv\/integritetspolicy\/","title":{"rendered":"Integritetspolicy"},"content":{"rendered":"\t\t<div data-elementor-type=\"wp-page\" data-elementor-id=\"12009\" class=\"elementor elementor-12009 elementor-3\" data-elementor-post-type=\"page\">\n\t\t\t\t<div class=\"elementor-element elementor-element-4be12414 e-flex e-con-boxed e-con e-parent\" data-id=\"4be12414\" data-element_type=\"container\" data-e-type=\"container\">\n\t\t\t\t\t<div class=\"e-con-inner\">\n\t\t\t\t<div class=\"elementor-element elementor-element-cce143c elementor-widget elementor-widget-heading\" data-id=\"cce143c\" data-element_type=\"widget\" data-e-type=\"widget\" data-widget_type=\"heading.default\">\n\t\t\t\t\t<h1 class=\"elementor-heading-title elementor-size-default\">Integritetspolicy<\/h1>\t\t\t\t<\/div>\n\t\t\t\t<div class=\"elementor-element elementor-element-1050b2c2 elementor-widget elementor-widget-text-editor\" data-id=\"1050b2c2\" data-element_type=\"widget\" data-e-type=\"widget\" data-widget_type=\"text-editor.default\">\n\t\t\t\t\t\t\t\t\t<p>Vi informerar dig om att dina personuppgifter kommer att behandlas av ZAFO LAW SLP f\u00f6r att administrera din f\u00f6rfr\u00e5gan och uppr\u00e4tth\u00e5lla en professionell och kommersiell relation med dig. Dina uppgifter l\u00e4mnas inte ut till tredje part. Denna databehandling \u00e4r n\u00f6dv\u00e4ndig f\u00f6r att tillm\u00f6tesg\u00e5 din f\u00f6rfr\u00e5gan. Dina uppgifter sparas tills du avregistrerar dig fr\u00e5n tj\u00e4nsten och\/eller det har g\u00e5tt en rimlig tid sedan vi svarade p\u00e5 din f\u00f6rfr\u00e5gan. Du kan ut\u00f6va dina r\u00e4ttigheter till tillg\u00e5ng, r\u00e4ttelse, annullering, portabilitet och begr\u00e4nsning av behandlingen av dina uppgifter genom att kontakta ZAFO LAW SLP p\u00e5 adressen Calle Beethoven, 15, 2nd Floor, Door 7, 08021 Barcelona, Spanien eller till info@zafolaw.com. Bifoga en kopia av ditt id och vederb\u00f6rlig bevisning av din identitet. I alla situationer har du r\u00e4tt att l\u00e4mna in ett klagom\u00e5l till den spanska dataskyddsmyndigheten (AEPD).      <\/p>\t\t\t\t\t\t\t\t<\/div>\n\t\t\t\t\t<\/div>\n\t\t\t\t<\/div>\n\t\t\t\t<\/div>\n\t\t","protected":false},"excerpt":{"rendered":"<p>Integritetspolicy Vi informerar dig om att dina personuppgifter kommer att behandlas av ZAFO LAW SLP f\u00f6r att administrera din f\u00f6rfr\u00e5gan och uppr\u00e4tth\u00e5lla en professionell och kommersiell relation med dig. Dina uppgifter l\u00e4mnas inte ut till tredje part. Denna databehandling \u00e4r n\u00f6dv\u00e4ndig f\u00f6r att tillm\u00f6tesg\u00e5 din f\u00f6rfr\u00e5gan. Dina uppgifter sparas tills du avregistrerar dig fr\u00e5n tj\u00e4nsten [&hellip;]<\/p>\n","protected":false},"author":1,"featured_media":4740,"parent":0,"menu_order":0,"comment_status":"closed","ping_status":"closed","template":"","meta":{"footnotes":""},"class_list":["post-12009","page","type-page","status-publish","has-post-thumbnail","hentry"],"yoast_head":"<!-- This site is optimized with the Yoast SEO plugin v27.5 - https:\/\/yoast.com\/product\/yoast-seo-wordpress\/ -->\n<title>Integritetspolicy - Zafo Law<\/title>\n<meta name=\"robots\" content=\"noindex, nofollow\" \/>\n<meta property=\"og:locale\" content=\"sv_SE\" \/>\n<meta property=\"og:type\" content=\"article\" \/>\n<meta property=\"og:title\" content=\"Integritetspolicy - Zafo Law\" \/>\n<meta property=\"og:description\" content=\"Integritetspolicy Vi informerar dig om att dina personuppgifter kommer att behandlas av ZAFO LAW SLP f\u00f6r att administrera din f\u00f6rfr\u00e5gan och uppr\u00e4tth\u00e5lla en professionell och kommersiell relation med dig. Dina uppgifter l\u00e4mnas inte ut till tredje part. Denna databehandling \u00e4r n\u00f6dv\u00e4ndig f\u00f6r att tillm\u00f6tesg\u00e5 din f\u00f6rfr\u00e5gan. Dina uppgifter sparas tills du avregistrerar dig fr\u00e5n tj\u00e4nsten [&hellip;]\" \/>\n<meta property=\"og:url\" content=\"https:\/\/zafolaw.com\/sv\/integritetspolicy\/\" \/>\n<meta property=\"og:site_name\" content=\"Zafo Law\" \/>\n<meta property=\"article:modified_time\" content=\"2026-03-03T21:47:02+00:00\" \/>\n<meta name=\"twitter:card\" content=\"summary_large_image\" \/>\n<meta name=\"twitter:label1\" content=\"Ber\u00e4knad l\u00e4stid\" \/>\n\t<meta name=\"twitter:data1\" content=\"1 minut\" \/>\n<script type=\"application\/ld+json\" class=\"yoast-schema-graph\">{\"@context\":\"https:\\\/\\\/schema.org\",\"@graph\":[{\"@type\":\"WebPage\",\"@id\":\"https:\\\/\\\/zafolaw.com\\\/sv\\\/integritetspolicy\\\/\",\"url\":\"https:\\\/\\\/zafolaw.com\\\/sv\\\/integritetspolicy\\\/\",\"name\":\"Integritetspolicy - Zafo Law\",\"isPartOf\":{\"@id\":\"https:\\\/\\\/zafolaw.com\\\/sv\\\/#website\"},\"primaryImageOfPage\":{\"@id\":\"https:\\\/\\\/zafolaw.com\\\/sv\\\/integritetspolicy\\\/#primaryimage\"},\"image\":{\"@id\":\"https:\\\/\\\/zafolaw.com\\\/sv\\\/integritetspolicy\\\/#primaryimage\"},\"thumbnailUrl\":\"https:\\\/\\\/zafolaw.com\\\/wp-content\\\/uploads\\\/2020\\\/01\\\/zafo-law-symbol.png\",\"datePublished\":\"2025-10-28T09:36:43+00:00\",\"dateModified\":\"2026-03-03T21:47:02+00:00\",\"breadcrumb\":{\"@id\":\"https:\\\/\\\/zafolaw.com\\\/sv\\\/integritetspolicy\\\/#breadcrumb\"},\"inLanguage\":\"sv-SE\",\"potentialAction\":[{\"@type\":\"ReadAction\",\"target\":[\"https:\\\/\\\/zafolaw.com\\\/sv\\\/integritetspolicy\\\/\"]}]},{\"@type\":\"ImageObject\",\"inLanguage\":\"sv-SE\",\"@id\":\"https:\\\/\\\/zafolaw.com\\\/sv\\\/integritetspolicy\\\/#primaryimage\",\"url\":\"https:\\\/\\\/zafolaw.com\\\/wp-content\\\/uploads\\\/2020\\\/01\\\/zafo-law-symbol.png\",\"contentUrl\":\"https:\\\/\\\/zafolaw.com\\\/wp-content\\\/uploads\\\/2020\\\/01\\\/zafo-law-symbol.png\",\"width\":600,\"height\":600,\"caption\":\"Zafo Law\"},{\"@type\":\"BreadcrumbList\",\"@id\":\"https:\\\/\\\/zafolaw.com\\\/sv\\\/integritetspolicy\\\/#breadcrumb\",\"itemListElement\":[{\"@type\":\"ListItem\",\"position\":1,\"name\":\"Hjem\",\"item\":\"https:\\\/\\\/zafolaw.com\\\/sv\\\/\"},{\"@type\":\"ListItem\",\"position\":2,\"name\":\"Integritetspolicy\"}]},{\"@type\":\"WebSite\",\"@id\":\"https:\\\/\\\/zafolaw.com\\\/sv\\\/#website\",\"url\":\"https:\\\/\\\/zafolaw.com\\\/sv\\\/\",\"name\":\"Zafo Law\",\"description\":\"Friend of Scandinavia\",\"publisher\":{\"@id\":\"https:\\\/\\\/zafolaw.com\\\/sv\\\/#organization\"},\"potentialAction\":[{\"@type\":\"SearchAction\",\"target\":{\"@type\":\"EntryPoint\",\"urlTemplate\":\"https:\\\/\\\/zafolaw.com\\\/sv\\\/?s={search_term_string}\"},\"query-input\":{\"@type\":\"PropertyValueSpecification\",\"valueRequired\":true,\"valueName\":\"search_term_string\"}}],\"inLanguage\":\"sv-SE\"},{\"@type\":\"Organization\",\"@id\":\"https:\\\/\\\/zafolaw.com\\\/sv\\\/#organization\",\"name\":\"Zafo Law\",\"url\":\"https:\\\/\\\/zafolaw.com\\\/sv\\\/\",\"logo\":{\"@type\":\"ImageObject\",\"inLanguage\":\"sv-SE\",\"@id\":\"https:\\\/\\\/zafolaw.com\\\/sv\\\/#\\\/schema\\\/logo\\\/image\\\/\",\"url\":\"https:\\\/\\\/zafolaw.com\\\/wp-content\\\/uploads\\\/2025\\\/11\\\/zafolaw-logo-small.svg\",\"contentUrl\":\"https:\\\/\\\/zafolaw.com\\\/wp-content\\\/uploads\\\/2025\\\/11\\\/zafolaw-logo-small.svg\",\"width\":182,\"height\":40,\"caption\":\"Zafo Law\"},\"image\":{\"@id\":\"https:\\\/\\\/zafolaw.com\\\/sv\\\/#\\\/schema\\\/logo\\\/image\\\/\"},\"sameAs\":[\"https:\\\/\\\/www.linkedin.com\\\/company\\\/zafo-law\"]}]}<\/script>\n<!-- \/ Yoast SEO plugin. -->","yoast_head_json":{"title":"Integritetspolicy - Zafo Law","robots":{"index":"noindex","follow":"nofollow"},"og_locale":"sv_SE","og_type":"article","og_title":"Integritetspolicy - Zafo Law","og_description":"Integritetspolicy Vi informerar dig om att dina personuppgifter kommer att behandlas av ZAFO LAW SLP f\u00f6r att administrera din f\u00f6rfr\u00e5gan och uppr\u00e4tth\u00e5lla en professionell och kommersiell relation med dig. Dina uppgifter l\u00e4mnas inte ut till tredje part. Denna databehandling \u00e4r n\u00f6dv\u00e4ndig f\u00f6r att tillm\u00f6tesg\u00e5 din f\u00f6rfr\u00e5gan. Dina uppgifter sparas tills du avregistrerar dig fr\u00e5n tj\u00e4nsten [&hellip;]","og_url":"https:\/\/zafolaw.com\/sv\/integritetspolicy\/","og_site_name":"Zafo Law","article_modified_time":"2026-03-03T21:47:02+00:00","twitter_card":"summary_large_image","twitter_misc":{"Ber\u00e4knad l\u00e4stid":"1 minut"},"schema":{"@context":"https:\/\/schema.org","@graph":[{"@type":"WebPage","@id":"https:\/\/zafolaw.com\/sv\/integritetspolicy\/","url":"https:\/\/zafolaw.com\/sv\/integritetspolicy\/","name":"Integritetspolicy - Zafo Law","isPartOf":{"@id":"https:\/\/zafolaw.com\/sv\/#website"},"primaryImageOfPage":{"@id":"https:\/\/zafolaw.com\/sv\/integritetspolicy\/#primaryimage"},"image":{"@id":"https:\/\/zafolaw.com\/sv\/integritetspolicy\/#primaryimage"},"thumbnailUrl":"https:\/\/zafolaw.com\/wp-content\/uploads\/2020\/01\/zafo-law-symbol.png","datePublished":"2025-10-28T09:36:43+00:00","dateModified":"2026-03-03T21:47:02+00:00","breadcrumb":{"@id":"https:\/\/zafolaw.com\/sv\/integritetspolicy\/#breadcrumb"},"inLanguage":"sv-SE","potentialAction":[{"@type":"ReadAction","target":["https:\/\/zafolaw.com\/sv\/integritetspolicy\/"]}]},{"@type":"ImageObject","inLanguage":"sv-SE","@id":"https:\/\/zafolaw.com\/sv\/integritetspolicy\/#primaryimage","url":"https:\/\/zafolaw.com\/wp-content\/uploads\/2020\/01\/zafo-law-symbol.png","contentUrl":"https:\/\/zafolaw.com\/wp-content\/uploads\/2020\/01\/zafo-law-symbol.png","width":600,"height":600,"caption":"Zafo Law"},{"@type":"BreadcrumbList","@id":"https:\/\/zafolaw.com\/sv\/integritetspolicy\/#breadcrumb","itemListElement":[{"@type":"ListItem","position":1,"name":"Hjem","item":"https:\/\/zafolaw.com\/sv\/"},{"@type":"ListItem","position":2,"name":"Integritetspolicy"}]},{"@type":"WebSite","@id":"https:\/\/zafolaw.com\/sv\/#website","url":"https:\/\/zafolaw.com\/sv\/","name":"Zafo Law","description":"Friend of Scandinavia","publisher":{"@id":"https:\/\/zafolaw.com\/sv\/#organization"},"potentialAction":[{"@type":"SearchAction","target":{"@type":"EntryPoint","urlTemplate":"https:\/\/zafolaw.com\/sv\/?s={search_term_string}"},"query-input":{"@type":"PropertyValueSpecification","valueRequired":true,"valueName":"search_term_string"}}],"inLanguage":"sv-SE"},{"@type":"Organization","@id":"https:\/\/zafolaw.com\/sv\/#organization","name":"Zafo Law","url":"https:\/\/zafolaw.com\/sv\/","logo":{"@type":"ImageObject","inLanguage":"sv-SE","@id":"https:\/\/zafolaw.com\/sv\/#\/schema\/logo\/image\/","url":"https:\/\/zafolaw.com\/wp-content\/uploads\/2025\/11\/zafolaw-logo-small.svg","contentUrl":"https:\/\/zafolaw.com\/wp-content\/uploads\/2025\/11\/zafolaw-logo-small.svg","width":182,"height":40,"caption":"Zafo Law"},"image":{"@id":"https:\/\/zafolaw.com\/sv\/#\/schema\/logo\/image\/"},"sameAs":["https:\/\/www.linkedin.com\/company\/zafo-law"]}]}},"_links":{"self":[{"href":"https:\/\/zafolaw.com\/sv\/wp-json\/wp\/v2\/pages\/12009","targetHints":{"allow":["GET"]}}],"collection":[{"href":"https:\/\/zafolaw.com\/sv\/wp-json\/wp\/v2\/pages"}],"about":[{"href":"https:\/\/zafolaw.com\/sv\/wp-json\/wp\/v2\/types\/page"}],"author":[{"embeddable":true,"href":"https:\/\/zafolaw.com\/sv\/wp-json\/wp\/v2\/users\/1"}],"replies":[{"embeddable":true,"href":"https:\/\/zafolaw.com\/sv\/wp-json\/wp\/v2\/comments?post=12009"}],"version-history":[{"count":2,"href":"https:\/\/zafolaw.com\/sv\/wp-json\/wp\/v2\/pages\/12009\/revisions"}],"predecessor-version":[{"id":12935,"href":"https:\/\/zafolaw.com\/sv\/wp-json\/wp\/v2\/pages\/12009\/revisions\/12935"}],"wp:featuredmedia":[{"embeddable":true,"href":"https:\/\/zafolaw.com\/sv\/wp-json\/wp\/v2\/media\/4740"}],"wp:attachment":[{"href":"https:\/\/zafolaw.com\/sv\/wp-json\/wp\/v2\/media?parent=12009"}],"curies":[{"name":"wp","href":"https:\/\/api.w.org\/{rel}","templated":true}]}}