{"id":13402,"date":"2025-12-01T09:06:11","date_gmt":"2025-12-01T08:06:11","guid":{"rendered":"https:\/\/zafolaw.com\/retningslinjer-for-informasjonskapsler\/"},"modified":"2026-04-07T12:43:54","modified_gmt":"2026-04-07T11:43:54","slug":"retningslinjer-for-informasjonskapsler","status":"publish","type":"page","link":"https:\/\/zafolaw.com\/no\/retningslinjer-for-informasjonskapsler\/","title":{"rendered":"Retningslinjer for informasjonskapsler"},"content":{"rendered":"\t\t<div data-elementor-type=\"wp-page\" data-elementor-id=\"13402\" class=\"elementor elementor-13402 elementor-6508\" data-elementor-post-type=\"page\">\n\t\t\t\t<div class=\"elementor-element elementor-element-50ade39 e-flex e-con-boxed e-con e-parent\" data-id=\"50ade39\" data-element_type=\"container\" data-e-type=\"container\">\n\t\t\t\t\t<div class=\"e-con-inner\">\n\t\t<div class=\"elementor-element elementor-element-a5953c1 e-con-full e-flex e-con e-child\" data-id=\"a5953c1\" data-element_type=\"container\" data-e-type=\"container\">\n\t\t\t\t<div class=\"elementor-element elementor-element-013edcd elementor-widget elementor-widget-heading\" data-id=\"013edcd\" data-element_type=\"widget\" data-e-type=\"widget\" data-widget_type=\"heading.default\">\n\t\t\t\t\t<h1 class=\"elementor-heading-title elementor-size-default\">Retningslinjer for informasjonskapsler<\/h1>\t\t\t\t<\/div>\n\t\t\t\t<div class=\"elementor-element elementor-element-5dea743 elementor-widget elementor-widget-text-editor\" data-id=\"5dea743\" data-element_type=\"widget\" data-e-type=\"widget\" data-widget_type=\"text-editor.default\">\n\t\t\t\t\t\t\t\t\t<h2>Introduksjon<\/h2>\n<p>N\u00e5r du bes\u00f8ker nettstedet v\u00e5rt, samles det inn opplysninger om deg, som brukes til \u00e5 tilpasse og forbedre innholdet v\u00e5rt og til \u00e5 \u00f8ke verdien av annonsene som vises p\u00e5 siden. Hvis du ikke \u00f8nsker at det samles inn opplysninger, b\u00f8r du slette informasjonskapslene dine (se veiledning nedenfor i avsnittet Informasjonskapsler) og avst\u00e5 fra videre bruk av nettstedet. Nedenfor har vi utdypet hvilke opplysninger som samles inn, form\u00e5let med dem og hvilke tredjeparter som har tilgang til dem.  <\/p>\n<h2>Informasjonskapsler<\/h2>\n<p>Nettstedet bruker \u201cinformasjonskapsler\u201d, som er en tekstfil som lagres p\u00e5 datamaskinen din, mobil e.l., med det form\u00e5l \u00e5 gjenkjenne den, huske innstillinger, f\u00f8re statistikk og m\u00e5lrette annonser. Informasjonskapsler kan ikke inneholde skadelig kode som f.eks. virus.<br>Det er mulig \u00e5 slette eller blokkere informasjonskapsler. Se veiledning:  &nbsp;<font color=\"#333366\"><span style=\"background-color: rgb(255, 255, 255);\"><a href=\"https:\/\/www.aboutcookies.org\/how-to-manage-and-delete-cookies\">https:\/\/www.aboutcookies.org\/how-to-manage-and-delete-cookies<\/a><\/span><\/font><br>Hvis du sletter eller blokkerer informasjonskapsler, kan annonser bli mindre relevante for deg og vises oftere. Du kan dessuten risikere at nettstedet ikke fungerer optimalt, samt at det finnes innhold du ikke f\u00e5r tilgang til.<br>Nettstedet inneholder informasjonskapsler fra tredjeparter, som i varierende omfang kan omfatte: <\/p>\n<p><strong>Funksjonsinformasjonskapsler<br><\/strong>N\u00f8dvendige informasjonskapsler bidrar til \u00e5 gj\u00f8re et nettsted brukbart ved \u00e5 aktivere grunnleggende funksjoner som sidenavigasjon og tilgang til sikre omr\u00e5der p\u00e5 nettstedet. Nettstedet kan ikke fungere ordentlig uten disse informasjonskapslene.<\/p>\n<h2>Personopplysninger<\/h2>\n<h3 align=\"left\">Generelt<\/h3>\n<p>Personopplysninger er alle typer informasjon som i en eller annen grad kan knyttes til deg.<br>N\u00e5r du bruker nettstedet v\u00e5rt, samler vi inn og behandler en rekke slike opplysninger. Dette skjer ved vanlig tilgang til innhold, n\u00e5r du melder deg p\u00e5 nyhetsbrevet v\u00e5rt eller fyller ut kontaktskjemaet p\u00e5 <a href=\"https:\/\/zafolaw.com\/kontakt-os\/\">https:\/\/zafolaw.com\/kontakt-os\/<\/a><br>Vi samler og behandler typisk f\u00f8lgende typer opplysninger: En unik ID og tekniske opplysninger om datamaskinen din, nettbrettet eller mobiltelefonen din, IP-nummeret ditt, geografisk plassering, samt hvilke sider du klikker p\u00e5 p\u00e5 <a href=\"https:\/\/zafolaw.com\/no\/\">zafolaw.com<\/a>. <\/p>\n<h3 align=\"left\">Sikkerhet<\/h3>\n<p>Vi behandler personopplysningene dine sikkert og konfidensielt i samsvar med gjeldende lovgivning, herunder personvernforordningen og personopplysningsloven.<br>Opplysningene dine vil kun bli brukt til det form\u00e5let de er samlet inn for, og vil bli slettet n\u00e5r dette form\u00e5let er oppfylt eller ikke lenger relevant.<br>Vi har iverksatt tekniske og organisatoriske tiltak for \u00e5 hindre at opplysningene dine utilsiktet eller ulovlig blir slettet, offentliggjort, tapt, forringet eller kommer uvedkommende i hende, misbrukes eller p\u00e5 annen m\u00e5te behandles i strid med lovgivningen.<\/p>\n<h3 align=\"left\">Form\u00e5l<\/h3>\n<p>Opplysningene brukes til \u00e5 identifisere deg som bruker og vise deg annonsene som med st\u00f8rst sannsynlighet vil v\u00e6re relevante for deg, og for \u00e5 kunne levere tjenestene du har etterspurt, som f.eks. \u00e5 sende et nyhetsbrev eller besvare digitale henvendelser.<br>I tillegg bruker vi opplysningene til \u00e5 f\u00e5 kjennskap til brukernes bruk av [domene] med sikte p\u00e5 \u00e5 optimalisere innholdet og tjenestene v\u00e5re p\u00e5 <a href=\"https:\/\/zafolaw.com\/no\/\">zafolaw.com<\/a>.<\/p>\n<h3 align=\"left\">Oppbevaringsperiode<\/h3>\n<p>Opplysningene oppbevares i den perioden som er tillatt i henhold til lovgivningen, og vi sletter dem n\u00e5r de ikke lenger er n\u00f8dvendige. Perioden avhenger av opplysningens art og bakgrunnen for oppbevaringen.<\/p>\n<h3 align=\"left\">Videreformidling av opplysninger<\/h3>\n<p>Data om din bruk av nettstedet, hvilke annonser du mottar og eventuelt klikker p\u00e5, geografisk plassering, kj\u00f8nn og alderssegment m.m. videreformidles til tredjeparter i den grad disse opplysningene er kjent. Du kan se hvilke tredjeparter det er tale om, i avsnittet om \u201cInformasjonskapsler\u201d ovenfor. Opplysningene brukes til m\u00e5lretting av annonsering. <\/p>\n<h3 align=\"left\">Innsyn og klager<\/h3>\n<p>Du har rett til \u00e5 f\u00e5 opplyst hvilke personopplysninger vi behandler om deg i et alminnelig format (dataportabilitet). Du kan dessuten n\u00e5r som helst protestere mot at opplysninger brukes. Du kan ogs\u00e5 trekke tilbake samtykket ditt til at det behandles opplysninger om deg.  &nbsp; Hvis opplysningene som behandles om deg, er feil, har du rett til at de blir rettet eller slettet. Henvendelse om dette kan rettes til: <a href=\"mailto:info@zafolaw.com\">info@zafolaw.com<\/a>. Hvis du vil klage p\u00e5 v\u00e5r behandling av personopplysningene dine, har du ogs\u00e5 mulighet til \u00e5 kontakte Datatilsynet.  <\/p>\n<p>Dersom du ikke lenger \u00f8nsker at vi skal behandle personopplysningene dine, eller at vi skal begrense behandlingen av personopplysningene dine, kan du ogs\u00e5 sende oss en anmodning om dette til <a href=\"mailto:info@zafolaw.com\">info@zafolaw.com<\/a>.<\/p>\n<h3 align=\"left\">Utgiver<\/h3>\n<p>Nettstedet eies og publiseres av:<\/p>\n<p><strong>Zafo Law<\/strong><br>C\/ Beethoven 15 Floor 2 Door 7<br>08021 Barcelona<br>Spain<br>Telefon: (+34) 932 389 300<br>E-post: <a href=\"mailto:info@zafolaw.com\">info@zafolaw.com<\/a><\/p>\t\t\t\t\t\t\t\t<\/div>\n\t\t\t\t<\/div>\n\t\t\t\t\t<\/div>\n\t\t\t\t<\/div>\n\t\t\t\t<\/div>\n\t\t","protected":false},"excerpt":{"rendered":"<p>Retningslinjer for informasjonskapsler Introduksjon N\u00e5r du bes\u00f8ker nettstedet v\u00e5rt, samles det inn opplysninger om deg, som brukes til \u00e5 tilpasse og forbedre innholdet v\u00e5rt og til \u00e5 \u00f8ke verdien av annonsene som vises p\u00e5 siden. Hvis du ikke \u00f8nsker at det samles inn opplysninger, b\u00f8r du slette informasjonskapslene dine (se veiledning nedenfor i avsnittet Informasjonskapsler) [&hellip;]<\/p>\n","protected":false},"author":1,"featured_media":0,"parent":0,"menu_order":0,"comment_status":"closed","ping_status":"closed","template":"","meta":{"footnotes":""},"class_list":["post-13402","page","type-page","status-publish","hentry"],"yoast_head":"<!-- This site is optimized with the Yoast SEO plugin v27.4 - https:\/\/yoast.com\/product\/yoast-seo-wordpress\/ -->\n<title>Retningslinjer for informasjonskapsler - Zafo Law<\/title>\n<meta name=\"robots\" content=\"noindex, nofollow\" \/>\n<meta property=\"og:locale\" content=\"nb_NO\" \/>\n<meta property=\"og:type\" content=\"article\" \/>\n<meta property=\"og:title\" content=\"Retningslinjer for informasjonskapsler - Zafo Law\" \/>\n<meta property=\"og:description\" content=\"Retningslinjer for informasjonskapsler Introduksjon N\u00e5r du bes\u00f8ker nettstedet v\u00e5rt, samles det inn opplysninger om deg, som brukes til \u00e5 tilpasse og forbedre innholdet v\u00e5rt og til \u00e5 \u00f8ke verdien av annonsene som vises p\u00e5 siden. Hvis du ikke \u00f8nsker at det samles inn opplysninger, b\u00f8r du slette informasjonskapslene dine (se veiledning nedenfor i avsnittet Informasjonskapsler) [&hellip;]\" \/>\n<meta property=\"og:url\" content=\"https:\/\/zafolaw.com\/no\/retningslinjer-for-informasjonskapsler\/\" \/>\n<meta property=\"og:site_name\" content=\"Zafo Law\" \/>\n<meta property=\"article:modified_time\" content=\"2026-04-07T11:43:54+00:00\" \/>\n<meta name=\"twitter:card\" content=\"summary_large_image\" \/>\n<meta name=\"twitter:label1\" content=\"Ansl. lesetid\" \/>\n\t<meta name=\"twitter:data1\" content=\"3 minutter\" \/>\n<script type=\"application\/ld+json\" class=\"yoast-schema-graph\">{\"@context\":\"https:\\\/\\\/schema.org\",\"@graph\":[{\"@type\":\"WebPage\",\"@id\":\"https:\\\/\\\/zafolaw.com\\\/no\\\/retningslinjer-for-informasjonskapsler\\\/\",\"url\":\"https:\\\/\\\/zafolaw.com\\\/no\\\/retningslinjer-for-informasjonskapsler\\\/\",\"name\":\"Retningslinjer for informasjonskapsler - Zafo Law\",\"isPartOf\":{\"@id\":\"https:\\\/\\\/zafolaw.com\\\/no\\\/#website\"},\"datePublished\":\"2025-12-01T08:06:11+00:00\",\"dateModified\":\"2026-04-07T11:43:54+00:00\",\"breadcrumb\":{\"@id\":\"https:\\\/\\\/zafolaw.com\\\/no\\\/retningslinjer-for-informasjonskapsler\\\/#breadcrumb\"},\"inLanguage\":\"nb-NO\",\"potentialAction\":[{\"@type\":\"ReadAction\",\"target\":[\"https:\\\/\\\/zafolaw.com\\\/no\\\/retningslinjer-for-informasjonskapsler\\\/\"]}]},{\"@type\":\"BreadcrumbList\",\"@id\":\"https:\\\/\\\/zafolaw.com\\\/no\\\/retningslinjer-for-informasjonskapsler\\\/#breadcrumb\",\"itemListElement\":[{\"@type\":\"ListItem\",\"position\":1,\"name\":\"Hjem\",\"item\":\"https:\\\/\\\/zafolaw.com\\\/no\\\/\"},{\"@type\":\"ListItem\",\"position\":2,\"name\":\"Retningslinjer for informasjonskapsler\"}]},{\"@type\":\"WebSite\",\"@id\":\"https:\\\/\\\/zafolaw.com\\\/no\\\/#website\",\"url\":\"https:\\\/\\\/zafolaw.com\\\/no\\\/\",\"name\":\"Zafo Law\",\"description\":\"Friend of Scandinavia\",\"publisher\":{\"@id\":\"https:\\\/\\\/zafolaw.com\\\/no\\\/#organization\"},\"potentialAction\":[{\"@type\":\"SearchAction\",\"target\":{\"@type\":\"EntryPoint\",\"urlTemplate\":\"https:\\\/\\\/zafolaw.com\\\/no\\\/?s={search_term_string}\"},\"query-input\":{\"@type\":\"PropertyValueSpecification\",\"valueRequired\":true,\"valueName\":\"search_term_string\"}}],\"inLanguage\":\"nb-NO\"},{\"@type\":\"Organization\",\"@id\":\"https:\\\/\\\/zafolaw.com\\\/no\\\/#organization\",\"name\":\"Zafo Law\",\"url\":\"https:\\\/\\\/zafolaw.com\\\/no\\\/\",\"logo\":{\"@type\":\"ImageObject\",\"inLanguage\":\"nb-NO\",\"@id\":\"https:\\\/\\\/zafolaw.com\\\/no\\\/#\\\/schema\\\/logo\\\/image\\\/\",\"url\":\"https:\\\/\\\/zafolaw.com\\\/wp-content\\\/uploads\\\/2025\\\/11\\\/zafolaw-logo-small.svg\",\"contentUrl\":\"https:\\\/\\\/zafolaw.com\\\/wp-content\\\/uploads\\\/2025\\\/11\\\/zafolaw-logo-small.svg\",\"width\":182,\"height\":40,\"caption\":\"Zafo Law\"},\"image\":{\"@id\":\"https:\\\/\\\/zafolaw.com\\\/no\\\/#\\\/schema\\\/logo\\\/image\\\/\"},\"sameAs\":[\"https:\\\/\\\/www.linkedin.com\\\/company\\\/zafo-law\"]}]}<\/script>\n<!-- \/ Yoast SEO plugin. -->","yoast_head_json":{"title":"Retningslinjer for informasjonskapsler - Zafo Law","robots":{"index":"noindex","follow":"nofollow"},"og_locale":"nb_NO","og_type":"article","og_title":"Retningslinjer for informasjonskapsler - Zafo Law","og_description":"Retningslinjer for informasjonskapsler Introduksjon N\u00e5r du bes\u00f8ker nettstedet v\u00e5rt, samles det inn opplysninger om deg, som brukes til \u00e5 tilpasse og forbedre innholdet v\u00e5rt og til \u00e5 \u00f8ke verdien av annonsene som vises p\u00e5 siden. Hvis du ikke \u00f8nsker at det samles inn opplysninger, b\u00f8r du slette informasjonskapslene dine (se veiledning nedenfor i avsnittet Informasjonskapsler) [&hellip;]","og_url":"https:\/\/zafolaw.com\/no\/retningslinjer-for-informasjonskapsler\/","og_site_name":"Zafo Law","article_modified_time":"2026-04-07T11:43:54+00:00","twitter_card":"summary_large_image","twitter_misc":{"Ansl. lesetid":"3 minutter"},"schema":{"@context":"https:\/\/schema.org","@graph":[{"@type":"WebPage","@id":"https:\/\/zafolaw.com\/no\/retningslinjer-for-informasjonskapsler\/","url":"https:\/\/zafolaw.com\/no\/retningslinjer-for-informasjonskapsler\/","name":"Retningslinjer for informasjonskapsler - Zafo Law","isPartOf":{"@id":"https:\/\/zafolaw.com\/no\/#website"},"datePublished":"2025-12-01T08:06:11+00:00","dateModified":"2026-04-07T11:43:54+00:00","breadcrumb":{"@id":"https:\/\/zafolaw.com\/no\/retningslinjer-for-informasjonskapsler\/#breadcrumb"},"inLanguage":"nb-NO","potentialAction":[{"@type":"ReadAction","target":["https:\/\/zafolaw.com\/no\/retningslinjer-for-informasjonskapsler\/"]}]},{"@type":"BreadcrumbList","@id":"https:\/\/zafolaw.com\/no\/retningslinjer-for-informasjonskapsler\/#breadcrumb","itemListElement":[{"@type":"ListItem","position":1,"name":"Hjem","item":"https:\/\/zafolaw.com\/no\/"},{"@type":"ListItem","position":2,"name":"Retningslinjer for informasjonskapsler"}]},{"@type":"WebSite","@id":"https:\/\/zafolaw.com\/no\/#website","url":"https:\/\/zafolaw.com\/no\/","name":"Zafo Law","description":"Friend of Scandinavia","publisher":{"@id":"https:\/\/zafolaw.com\/no\/#organization"},"potentialAction":[{"@type":"SearchAction","target":{"@type":"EntryPoint","urlTemplate":"https:\/\/zafolaw.com\/no\/?s={search_term_string}"},"query-input":{"@type":"PropertyValueSpecification","valueRequired":true,"valueName":"search_term_string"}}],"inLanguage":"nb-NO"},{"@type":"Organization","@id":"https:\/\/zafolaw.com\/no\/#organization","name":"Zafo Law","url":"https:\/\/zafolaw.com\/no\/","logo":{"@type":"ImageObject","inLanguage":"nb-NO","@id":"https:\/\/zafolaw.com\/no\/#\/schema\/logo\/image\/","url":"https:\/\/zafolaw.com\/wp-content\/uploads\/2025\/11\/zafolaw-logo-small.svg","contentUrl":"https:\/\/zafolaw.com\/wp-content\/uploads\/2025\/11\/zafolaw-logo-small.svg","width":182,"height":40,"caption":"Zafo Law"},"image":{"@id":"https:\/\/zafolaw.com\/no\/#\/schema\/logo\/image\/"},"sameAs":["https:\/\/www.linkedin.com\/company\/zafo-law"]}]}},"_links":{"self":[{"href":"https:\/\/zafolaw.com\/no\/wp-json\/wp\/v2\/pages\/13402","targetHints":{"allow":["GET"]}}],"collection":[{"href":"https:\/\/zafolaw.com\/no\/wp-json\/wp\/v2\/pages"}],"about":[{"href":"https:\/\/zafolaw.com\/no\/wp-json\/wp\/v2\/types\/page"}],"author":[{"embeddable":true,"href":"https:\/\/zafolaw.com\/no\/wp-json\/wp\/v2\/users\/1"}],"replies":[{"embeddable":true,"href":"https:\/\/zafolaw.com\/no\/wp-json\/wp\/v2\/comments?post=13402"}],"version-history":[{"count":1,"href":"https:\/\/zafolaw.com\/no\/wp-json\/wp\/v2\/pages\/13402\/revisions"}],"predecessor-version":[{"id":13403,"href":"https:\/\/zafolaw.com\/no\/wp-json\/wp\/v2\/pages\/13402\/revisions\/13403"}],"wp:attachment":[{"href":"https:\/\/zafolaw.com\/no\/wp-json\/wp\/v2\/media?parent=13402"}],"curies":[{"name":"wp","href":"https:\/\/api.w.org\/{rel}","templated":true}]}}