{"id":13333,"date":"2025-12-01T09:06:00","date_gmt":"2025-12-01T08:06:00","guid":{"rendered":"https:\/\/zafolaw.com\/forretningsbetingelser\/"},"modified":"2026-04-02T21:33:06","modified_gmt":"2026-04-02T20:33:06","slug":"forretningsbetingelser","status":"publish","type":"page","link":"https:\/\/zafolaw.com\/no\/forretningsbetingelser\/","title":{"rendered":"Forretningsbetingelser"},"content":{"rendered":"\t\t<div data-elementor-type=\"wp-page\" data-elementor-id=\"13333\" class=\"elementor elementor-13333 elementor-6506\" data-elementor-post-type=\"page\">\n\t\t\t\t<div class=\"elementor-element elementor-element-a66bb7b e-flex e-con-boxed e-con e-parent\" data-id=\"a66bb7b\" data-element_type=\"container\" data-e-type=\"container\">\n\t\t\t\t\t<div class=\"e-con-inner\">\n\t\t\t\t<div class=\"elementor-element elementor-element-b66850e elementor-widget elementor-widget-text-editor\" data-id=\"b66850e\" data-element_type=\"widget\" data-e-type=\"widget\" data-widget_type=\"text-editor.default\">\n\t\t\t\t\t\t\t\t\t<h1>Forretningsbetingelser<\/h1><p>Zafo Laws forretningsbetingelser, gjeldende fra 1. januar 2010, kan leses nedenfor. Med mindre annet er avtalt skriftlig, er det disse forretningsbetingelsene som gjelder n\u00e5r Zafo Law p\u00e5tar seg et oppdrag for en klient. <\/p><h3>Zafo Law S.L.P.<\/h3><p>Zafo Law S.L.P. er et spansk profesjonelt selskap registrert i det spanske handelsregisteret i Barcelona med spansk moms- og identifikasjonsnummer B63420418.<\/p><h3>Identitetsopplysninger<\/h3><p>Zafo Law er forpliktet til \u00e5 be om identitetsopplysninger fra v\u00e5re klienter. Opplysningene lagres i v\u00e5r klientdatabase og er sikret i samsvar med gjeldende spansk lovgivning om personvern. <\/p><h3>Honorar<\/h3><p>Beregningen av advokathonoraret v\u00e5rt er basert p\u00e5 f\u00f8lgende faktorer:<\/p><ul><li>Sakens verdi eller betydning for klienten.<\/li><li>Oppgavens kompleksitet\/vanskelighetsgrad.<\/li><li>Graden av spesialistkunnskap hos de involverte advokatene.<\/li><li>Arbeidets tidsmessige omfang.<\/li><li>Arbeidets art (hasteoppdrag, tidspress).<\/li><li>Spr\u00e5k som brukes i saksbehandlingen.<\/li><li>Utfallet av saken.<\/li><li>Zafo Laws ansvar i forbindelse med saken.<\/li><\/ul><p>V\u00e5rt honorar beregnes alltid eksklusive diverse saksrelaterte kostnader og utlegg.<\/p><p>Det er ofte sv\u00e6rt vanskelig \u00e5 fastsette honorarets st\u00f8rrelse for en bestemt oppgave p\u00e5 forh\u00e5nd. Vi sender imidlertid alltid et overslag over forventet honorar, kostnader og utlegg. Skulle det vise seg at overslaget ikke stemmer, vil vi informere om dette s\u00e5 tidlig som mulig.  <\/p><h3>Fakturering og betalingsbetingelser<\/h3><p>Zafo Law fakturerer som utgangspunkt honorar ved sakens avslutning, med mindre annet er avtalt. Noen typer saker har imidlertid en lengre varighet, og i slike tilfeller faktureres og gj\u00f8res opp l\u00f8pende i takt med oppdragets gjennomf\u00f8ring. <\/p><p>Betalingsbetingelsene er 8 dager fra fakturadato, og det tilkommer spansk merverdiavgift i henhold til gjeldende regler. Ved forsinket betaling beregnes renter i samsvar med spansk lovgivning p\u00e5 dette omr\u00e5det. <\/p><h3>Forskuddsbetaling<\/h3><p>Hos Zafo Law ber vi vanligvis om forskuddsbetaling av saksrelaterte utgifter og utlegg, og vi kan ogs\u00e5 be om et forskudd p\u00e5 honoraret.<\/p><h3>Lovvalg<\/h3><p>Zafo Laws tjenester er i alle henseender underlagt spansk lov.<\/p>\t\t\t\t\t\t\t\t<\/div>\n\t\t\t\t\t<\/div>\n\t\t\t\t<\/div>\n\t\t\t\t<\/div>\n\t\t","protected":false},"excerpt":{"rendered":"<p>Forretningsbetingelser Zafo Laws forretningsbetingelser, gjeldende fra 1. januar 2010, kan leses nedenfor. Med mindre annet er avtalt skriftlig, er det disse forretningsbetingelsene som gjelder n\u00e5r Zafo Law p\u00e5tar seg et oppdrag for en klient. Zafo Law S.L.P. Zafo Law S.L.P. er et spansk profesjonelt selskap registrert i det spanske handelsregisteret i Barcelona med spansk moms- [&hellip;]<\/p>\n","protected":false},"author":1,"featured_media":0,"parent":0,"menu_order":0,"comment_status":"closed","ping_status":"closed","template":"","meta":{"footnotes":""},"class_list":["post-13333","page","type-page","status-publish","hentry"],"yoast_head":"<!-- This site is optimized with the Yoast SEO plugin v27.4 - https:\/\/yoast.com\/product\/yoast-seo-wordpress\/ -->\n<title>Forretningsbetingelser - Zafo Law<\/title>\n<meta name=\"robots\" content=\"noindex, nofollow\" \/>\n<meta property=\"og:locale\" content=\"nb_NO\" \/>\n<meta property=\"og:type\" content=\"article\" \/>\n<meta property=\"og:title\" content=\"Forretningsbetingelser - Zafo Law\" \/>\n<meta property=\"og:description\" content=\"Forretningsbetingelser Zafo Laws forretningsbetingelser, gjeldende fra 1. januar 2010, kan leses nedenfor. Med mindre annet er avtalt skriftlig, er det disse forretningsbetingelsene som gjelder n\u00e5r Zafo Law p\u00e5tar seg et oppdrag for en klient. Zafo Law S.L.P. Zafo Law S.L.P. er et spansk profesjonelt selskap registrert i det spanske handelsregisteret i Barcelona med spansk moms- [&hellip;]\" \/>\n<meta property=\"og:url\" content=\"https:\/\/zafolaw.com\/no\/forretningsbetingelser\/\" \/>\n<meta property=\"og:site_name\" content=\"Zafo Law\" \/>\n<meta property=\"article:modified_time\" content=\"2026-04-02T20:33:06+00:00\" \/>\n<meta name=\"twitter:card\" content=\"summary_large_image\" \/>\n<meta name=\"twitter:label1\" content=\"Ansl. lesetid\" \/>\n\t<meta name=\"twitter:data1\" content=\"2 minutter\" \/>\n<script type=\"application\/ld+json\" class=\"yoast-schema-graph\">{\"@context\":\"https:\\\/\\\/schema.org\",\"@graph\":[{\"@type\":\"WebPage\",\"@id\":\"https:\\\/\\\/zafolaw.com\\\/no\\\/forretningsbetingelser\\\/\",\"url\":\"https:\\\/\\\/zafolaw.com\\\/no\\\/forretningsbetingelser\\\/\",\"name\":\"Forretningsbetingelser - Zafo Law\",\"isPartOf\":{\"@id\":\"https:\\\/\\\/zafolaw.com\\\/no\\\/#website\"},\"datePublished\":\"2025-12-01T08:06:00+00:00\",\"dateModified\":\"2026-04-02T20:33:06+00:00\",\"breadcrumb\":{\"@id\":\"https:\\\/\\\/zafolaw.com\\\/no\\\/forretningsbetingelser\\\/#breadcrumb\"},\"inLanguage\":\"nb-NO\",\"potentialAction\":[{\"@type\":\"ReadAction\",\"target\":[\"https:\\\/\\\/zafolaw.com\\\/no\\\/forretningsbetingelser\\\/\"]}]},{\"@type\":\"BreadcrumbList\",\"@id\":\"https:\\\/\\\/zafolaw.com\\\/no\\\/forretningsbetingelser\\\/#breadcrumb\",\"itemListElement\":[{\"@type\":\"ListItem\",\"position\":1,\"name\":\"Hjem\",\"item\":\"https:\\\/\\\/zafolaw.com\\\/no\\\/\"},{\"@type\":\"ListItem\",\"position\":2,\"name\":\"Forretningsbetingelser\"}]},{\"@type\":\"WebSite\",\"@id\":\"https:\\\/\\\/zafolaw.com\\\/no\\\/#website\",\"url\":\"https:\\\/\\\/zafolaw.com\\\/no\\\/\",\"name\":\"Zafo Law\",\"description\":\"Friend of Scandinavia\",\"publisher\":{\"@id\":\"https:\\\/\\\/zafolaw.com\\\/no\\\/#organization\"},\"potentialAction\":[{\"@type\":\"SearchAction\",\"target\":{\"@type\":\"EntryPoint\",\"urlTemplate\":\"https:\\\/\\\/zafolaw.com\\\/no\\\/?s={search_term_string}\"},\"query-input\":{\"@type\":\"PropertyValueSpecification\",\"valueRequired\":true,\"valueName\":\"search_term_string\"}}],\"inLanguage\":\"nb-NO\"},{\"@type\":\"Organization\",\"@id\":\"https:\\\/\\\/zafolaw.com\\\/no\\\/#organization\",\"name\":\"Zafo Law\",\"url\":\"https:\\\/\\\/zafolaw.com\\\/no\\\/\",\"logo\":{\"@type\":\"ImageObject\",\"inLanguage\":\"nb-NO\",\"@id\":\"https:\\\/\\\/zafolaw.com\\\/no\\\/#\\\/schema\\\/logo\\\/image\\\/\",\"url\":\"https:\\\/\\\/zafolaw.com\\\/wp-content\\\/uploads\\\/2025\\\/11\\\/zafolaw-logo-small.svg\",\"contentUrl\":\"https:\\\/\\\/zafolaw.com\\\/wp-content\\\/uploads\\\/2025\\\/11\\\/zafolaw-logo-small.svg\",\"width\":182,\"height\":40,\"caption\":\"Zafo Law\"},\"image\":{\"@id\":\"https:\\\/\\\/zafolaw.com\\\/no\\\/#\\\/schema\\\/logo\\\/image\\\/\"},\"sameAs\":[\"https:\\\/\\\/www.linkedin.com\\\/company\\\/zafo-law\"]}]}<\/script>\n<!-- \/ Yoast SEO plugin. -->","yoast_head_json":{"title":"Forretningsbetingelser - Zafo Law","robots":{"index":"noindex","follow":"nofollow"},"og_locale":"nb_NO","og_type":"article","og_title":"Forretningsbetingelser - Zafo Law","og_description":"Forretningsbetingelser Zafo Laws forretningsbetingelser, gjeldende fra 1. januar 2010, kan leses nedenfor. Med mindre annet er avtalt skriftlig, er det disse forretningsbetingelsene som gjelder n\u00e5r Zafo Law p\u00e5tar seg et oppdrag for en klient. Zafo Law S.L.P. Zafo Law S.L.P. er et spansk profesjonelt selskap registrert i det spanske handelsregisteret i Barcelona med spansk moms- [&hellip;]","og_url":"https:\/\/zafolaw.com\/no\/forretningsbetingelser\/","og_site_name":"Zafo Law","article_modified_time":"2026-04-02T20:33:06+00:00","twitter_card":"summary_large_image","twitter_misc":{"Ansl. lesetid":"2 minutter"},"schema":{"@context":"https:\/\/schema.org","@graph":[{"@type":"WebPage","@id":"https:\/\/zafolaw.com\/no\/forretningsbetingelser\/","url":"https:\/\/zafolaw.com\/no\/forretningsbetingelser\/","name":"Forretningsbetingelser - Zafo Law","isPartOf":{"@id":"https:\/\/zafolaw.com\/no\/#website"},"datePublished":"2025-12-01T08:06:00+00:00","dateModified":"2026-04-02T20:33:06+00:00","breadcrumb":{"@id":"https:\/\/zafolaw.com\/no\/forretningsbetingelser\/#breadcrumb"},"inLanguage":"nb-NO","potentialAction":[{"@type":"ReadAction","target":["https:\/\/zafolaw.com\/no\/forretningsbetingelser\/"]}]},{"@type":"BreadcrumbList","@id":"https:\/\/zafolaw.com\/no\/forretningsbetingelser\/#breadcrumb","itemListElement":[{"@type":"ListItem","position":1,"name":"Hjem","item":"https:\/\/zafolaw.com\/no\/"},{"@type":"ListItem","position":2,"name":"Forretningsbetingelser"}]},{"@type":"WebSite","@id":"https:\/\/zafolaw.com\/no\/#website","url":"https:\/\/zafolaw.com\/no\/","name":"Zafo Law","description":"Friend of Scandinavia","publisher":{"@id":"https:\/\/zafolaw.com\/no\/#organization"},"potentialAction":[{"@type":"SearchAction","target":{"@type":"EntryPoint","urlTemplate":"https:\/\/zafolaw.com\/no\/?s={search_term_string}"},"query-input":{"@type":"PropertyValueSpecification","valueRequired":true,"valueName":"search_term_string"}}],"inLanguage":"nb-NO"},{"@type":"Organization","@id":"https:\/\/zafolaw.com\/no\/#organization","name":"Zafo Law","url":"https:\/\/zafolaw.com\/no\/","logo":{"@type":"ImageObject","inLanguage":"nb-NO","@id":"https:\/\/zafolaw.com\/no\/#\/schema\/logo\/image\/","url":"https:\/\/zafolaw.com\/wp-content\/uploads\/2025\/11\/zafolaw-logo-small.svg","contentUrl":"https:\/\/zafolaw.com\/wp-content\/uploads\/2025\/11\/zafolaw-logo-small.svg","width":182,"height":40,"caption":"Zafo Law"},"image":{"@id":"https:\/\/zafolaw.com\/no\/#\/schema\/logo\/image\/"},"sameAs":["https:\/\/www.linkedin.com\/company\/zafo-law"]}]}},"_links":{"self":[{"href":"https:\/\/zafolaw.com\/no\/wp-json\/wp\/v2\/pages\/13333","targetHints":{"allow":["GET"]}}],"collection":[{"href":"https:\/\/zafolaw.com\/no\/wp-json\/wp\/v2\/pages"}],"about":[{"href":"https:\/\/zafolaw.com\/no\/wp-json\/wp\/v2\/types\/page"}],"author":[{"embeddable":true,"href":"https:\/\/zafolaw.com\/no\/wp-json\/wp\/v2\/users\/1"}],"replies":[{"embeddable":true,"href":"https:\/\/zafolaw.com\/no\/wp-json\/wp\/v2\/comments?post=13333"}],"version-history":[{"count":1,"href":"https:\/\/zafolaw.com\/no\/wp-json\/wp\/v2\/pages\/13333\/revisions"}],"predecessor-version":[{"id":13334,"href":"https:\/\/zafolaw.com\/no\/wp-json\/wp\/v2\/pages\/13333\/revisions\/13334"}],"wp:attachment":[{"href":"https:\/\/zafolaw.com\/no\/wp-json\/wp\/v2\/media?parent=13333"}],"curies":[{"name":"wp","href":"https:\/\/api.w.org\/{rel}","templated":true}]}}