{"id":13331,"date":"2025-10-28T10:36:43","date_gmt":"2025-10-28T09:36:43","guid":{"rendered":"https:\/\/zafolaw.com\/personvernerklaering\/"},"modified":"2026-04-02T21:28:15","modified_gmt":"2026-04-02T20:28:15","slug":"personvernerklaering","status":"publish","type":"page","link":"https:\/\/zafolaw.com\/no\/personvernerklaering\/","title":{"rendered":"Personvernerkl\u00e6ring"},"content":{"rendered":"\t\t<div data-elementor-type=\"wp-page\" data-elementor-id=\"13331\" class=\"elementor elementor-13331 elementor-3\" data-elementor-post-type=\"page\">\n\t\t\t\t<div class=\"elementor-element elementor-element-4be12414 e-flex e-con-boxed e-con e-parent\" data-id=\"4be12414\" data-element_type=\"container\" data-e-type=\"container\">\n\t\t\t\t\t<div class=\"e-con-inner\">\n\t\t\t\t<div class=\"elementor-element elementor-element-cce143c elementor-widget elementor-widget-heading\" data-id=\"cce143c\" data-element_type=\"widget\" data-e-type=\"widget\" data-widget_type=\"heading.default\">\n\t\t\t\t\t<h1 class=\"elementor-heading-title elementor-size-default\">Personvernerkl\u00e6ring<\/h1>\t\t\t\t<\/div>\n\t\t\t\t<div class=\"elementor-element elementor-element-1050b2c2 elementor-widget elementor-widget-text-editor\" data-id=\"1050b2c2\" data-element_type=\"widget\" data-e-type=\"widget\" data-widget_type=\"text-editor.default\">\n\t\t\t\t\t\t\t\t\t<p>Vi informerer Dem om at Deres personopplysninger vil bli behandlet av ZAFO LAW SLP for \u00e5 administrere Deres foresp\u00f8rsel og opprettholde et profesjonelt og kommersielt forhold til Dem. Deres opplysninger vil ikke bli utlevert til tredjepart. Denne behandlingen er n\u00f8dvendig for \u00e5 im\u00f8tekomme Deres foresp\u00f8rsel. Deres opplysninger oppbevares til De melder Dem av tjenesten og\/eller det har g\u00e5tt en rimelig tid siden vi besvarte Deres foresp\u00f8rsel. De kan ut\u00f8ve Deres rettigheter til innsyn, retting, sletting, dataportabilitet og begrensning av behandlingen av Deres opplysninger ved \u00e5 kontakte ZAFO LAW SLP p\u00e5 adressen Calle Beethoven, 15, 2nd Floor, Door 7, 08021 Barcelona, Spania eller p\u00e5 info@zafolaw.com. Legg ved en kopi av Deres ID og tilstrekkelig dokumentasjon p\u00e5 Deres identitet. I enhver situasjon har De rett til \u00e5 sende inn en klage til det spanske datatilsynet (AEPD).      <\/p>\t\t\t\t\t\t\t\t<\/div>\n\t\t\t\t\t<\/div>\n\t\t\t\t<\/div>\n\t\t\t\t<\/div>\n\t\t","protected":false},"excerpt":{"rendered":"<p>Personvernerkl\u00e6ring Vi informerer Dem om at Deres personopplysninger vil bli behandlet av ZAFO LAW SLP for \u00e5 administrere Deres foresp\u00f8rsel og opprettholde et profesjonelt og kommersielt forhold til Dem. Deres opplysninger vil ikke bli utlevert til tredjepart. Denne behandlingen er n\u00f8dvendig for \u00e5 im\u00f8tekomme Deres foresp\u00f8rsel. Deres opplysninger oppbevares til De melder Dem av tjenesten [&hellip;]<\/p>\n","protected":false},"author":1,"featured_media":0,"parent":0,"menu_order":0,"comment_status":"closed","ping_status":"closed","template":"","meta":{"footnotes":""},"class_list":["post-13331","page","type-page","status-publish","hentry"],"yoast_head":"<!-- This site is optimized with the Yoast SEO plugin v27.4 - https:\/\/yoast.com\/product\/yoast-seo-wordpress\/ -->\n<title>Personvernerkl\u00e6ring - Zafo Law<\/title>\n<meta name=\"robots\" content=\"noindex, nofollow\" \/>\n<meta property=\"og:locale\" content=\"nb_NO\" \/>\n<meta property=\"og:type\" content=\"article\" \/>\n<meta property=\"og:title\" content=\"Personvernerkl\u00e6ring - Zafo Law\" \/>\n<meta property=\"og:description\" content=\"Personvernerkl\u00e6ring Vi informerer Dem om at Deres personopplysninger vil bli behandlet av ZAFO LAW SLP for \u00e5 administrere Deres foresp\u00f8rsel og opprettholde et profesjonelt og kommersielt forhold til Dem. Deres opplysninger vil ikke bli utlevert til tredjepart. Denne behandlingen er n\u00f8dvendig for \u00e5 im\u00f8tekomme Deres foresp\u00f8rsel. Deres opplysninger oppbevares til De melder Dem av tjenesten [&hellip;]\" \/>\n<meta property=\"og:url\" content=\"https:\/\/zafolaw.com\/no\/personvernerklaering\/\" \/>\n<meta property=\"og:site_name\" content=\"Zafo Law\" \/>\n<meta property=\"article:modified_time\" content=\"2026-04-02T20:28:15+00:00\" \/>\n<meta name=\"twitter:card\" content=\"summary_large_image\" \/>\n<meta name=\"twitter:label1\" content=\"Ansl. lesetid\" \/>\n\t<meta name=\"twitter:data1\" content=\"1 minutt\" \/>\n<script type=\"application\/ld+json\" class=\"yoast-schema-graph\">{\"@context\":\"https:\\\/\\\/schema.org\",\"@graph\":[{\"@type\":\"WebPage\",\"@id\":\"https:\\\/\\\/zafolaw.com\\\/no\\\/personvernerklaering\\\/\",\"url\":\"https:\\\/\\\/zafolaw.com\\\/no\\\/personvernerklaering\\\/\",\"name\":\"Personvernerkl\u00e6ring - Zafo Law\",\"isPartOf\":{\"@id\":\"https:\\\/\\\/zafolaw.com\\\/no\\\/#website\"},\"datePublished\":\"2025-10-28T09:36:43+00:00\",\"dateModified\":\"2026-04-02T20:28:15+00:00\",\"breadcrumb\":{\"@id\":\"https:\\\/\\\/zafolaw.com\\\/no\\\/personvernerklaering\\\/#breadcrumb\"},\"inLanguage\":\"nb-NO\",\"potentialAction\":[{\"@type\":\"ReadAction\",\"target\":[\"https:\\\/\\\/zafolaw.com\\\/no\\\/personvernerklaering\\\/\"]}]},{\"@type\":\"BreadcrumbList\",\"@id\":\"https:\\\/\\\/zafolaw.com\\\/no\\\/personvernerklaering\\\/#breadcrumb\",\"itemListElement\":[{\"@type\":\"ListItem\",\"position\":1,\"name\":\"Hjem\",\"item\":\"https:\\\/\\\/zafolaw.com\\\/no\\\/\"},{\"@type\":\"ListItem\",\"position\":2,\"name\":\"Personvernerkl\u00e6ring\"}]},{\"@type\":\"WebSite\",\"@id\":\"https:\\\/\\\/zafolaw.com\\\/no\\\/#website\",\"url\":\"https:\\\/\\\/zafolaw.com\\\/no\\\/\",\"name\":\"Zafo Law\",\"description\":\"Friend of Scandinavia\",\"publisher\":{\"@id\":\"https:\\\/\\\/zafolaw.com\\\/no\\\/#organization\"},\"potentialAction\":[{\"@type\":\"SearchAction\",\"target\":{\"@type\":\"EntryPoint\",\"urlTemplate\":\"https:\\\/\\\/zafolaw.com\\\/no\\\/?s={search_term_string}\"},\"query-input\":{\"@type\":\"PropertyValueSpecification\",\"valueRequired\":true,\"valueName\":\"search_term_string\"}}],\"inLanguage\":\"nb-NO\"},{\"@type\":\"Organization\",\"@id\":\"https:\\\/\\\/zafolaw.com\\\/no\\\/#organization\",\"name\":\"Zafo Law\",\"url\":\"https:\\\/\\\/zafolaw.com\\\/no\\\/\",\"logo\":{\"@type\":\"ImageObject\",\"inLanguage\":\"nb-NO\",\"@id\":\"https:\\\/\\\/zafolaw.com\\\/no\\\/#\\\/schema\\\/logo\\\/image\\\/\",\"url\":\"https:\\\/\\\/zafolaw.com\\\/wp-content\\\/uploads\\\/2025\\\/11\\\/zafolaw-logo-small.svg\",\"contentUrl\":\"https:\\\/\\\/zafolaw.com\\\/wp-content\\\/uploads\\\/2025\\\/11\\\/zafolaw-logo-small.svg\",\"width\":182,\"height\":40,\"caption\":\"Zafo Law\"},\"image\":{\"@id\":\"https:\\\/\\\/zafolaw.com\\\/no\\\/#\\\/schema\\\/logo\\\/image\\\/\"},\"sameAs\":[\"https:\\\/\\\/www.linkedin.com\\\/company\\\/zafo-law\"]}]}<\/script>\n<!-- \/ Yoast SEO plugin. -->","yoast_head_json":{"title":"Personvernerkl\u00e6ring - Zafo Law","robots":{"index":"noindex","follow":"nofollow"},"og_locale":"nb_NO","og_type":"article","og_title":"Personvernerkl\u00e6ring - Zafo Law","og_description":"Personvernerkl\u00e6ring Vi informerer Dem om at Deres personopplysninger vil bli behandlet av ZAFO LAW SLP for \u00e5 administrere Deres foresp\u00f8rsel og opprettholde et profesjonelt og kommersielt forhold til Dem. Deres opplysninger vil ikke bli utlevert til tredjepart. Denne behandlingen er n\u00f8dvendig for \u00e5 im\u00f8tekomme Deres foresp\u00f8rsel. Deres opplysninger oppbevares til De melder Dem av tjenesten [&hellip;]","og_url":"https:\/\/zafolaw.com\/no\/personvernerklaering\/","og_site_name":"Zafo Law","article_modified_time":"2026-04-02T20:28:15+00:00","twitter_card":"summary_large_image","twitter_misc":{"Ansl. lesetid":"1 minutt"},"schema":{"@context":"https:\/\/schema.org","@graph":[{"@type":"WebPage","@id":"https:\/\/zafolaw.com\/no\/personvernerklaering\/","url":"https:\/\/zafolaw.com\/no\/personvernerklaering\/","name":"Personvernerkl\u00e6ring - Zafo Law","isPartOf":{"@id":"https:\/\/zafolaw.com\/no\/#website"},"datePublished":"2025-10-28T09:36:43+00:00","dateModified":"2026-04-02T20:28:15+00:00","breadcrumb":{"@id":"https:\/\/zafolaw.com\/no\/personvernerklaering\/#breadcrumb"},"inLanguage":"nb-NO","potentialAction":[{"@type":"ReadAction","target":["https:\/\/zafolaw.com\/no\/personvernerklaering\/"]}]},{"@type":"BreadcrumbList","@id":"https:\/\/zafolaw.com\/no\/personvernerklaering\/#breadcrumb","itemListElement":[{"@type":"ListItem","position":1,"name":"Hjem","item":"https:\/\/zafolaw.com\/no\/"},{"@type":"ListItem","position":2,"name":"Personvernerkl\u00e6ring"}]},{"@type":"WebSite","@id":"https:\/\/zafolaw.com\/no\/#website","url":"https:\/\/zafolaw.com\/no\/","name":"Zafo Law","description":"Friend of Scandinavia","publisher":{"@id":"https:\/\/zafolaw.com\/no\/#organization"},"potentialAction":[{"@type":"SearchAction","target":{"@type":"EntryPoint","urlTemplate":"https:\/\/zafolaw.com\/no\/?s={search_term_string}"},"query-input":{"@type":"PropertyValueSpecification","valueRequired":true,"valueName":"search_term_string"}}],"inLanguage":"nb-NO"},{"@type":"Organization","@id":"https:\/\/zafolaw.com\/no\/#organization","name":"Zafo Law","url":"https:\/\/zafolaw.com\/no\/","logo":{"@type":"ImageObject","inLanguage":"nb-NO","@id":"https:\/\/zafolaw.com\/no\/#\/schema\/logo\/image\/","url":"https:\/\/zafolaw.com\/wp-content\/uploads\/2025\/11\/zafolaw-logo-small.svg","contentUrl":"https:\/\/zafolaw.com\/wp-content\/uploads\/2025\/11\/zafolaw-logo-small.svg","width":182,"height":40,"caption":"Zafo Law"},"image":{"@id":"https:\/\/zafolaw.com\/no\/#\/schema\/logo\/image\/"},"sameAs":["https:\/\/www.linkedin.com\/company\/zafo-law"]}]}},"_links":{"self":[{"href":"https:\/\/zafolaw.com\/no\/wp-json\/wp\/v2\/pages\/13331","targetHints":{"allow":["GET"]}}],"collection":[{"href":"https:\/\/zafolaw.com\/no\/wp-json\/wp\/v2\/pages"}],"about":[{"href":"https:\/\/zafolaw.com\/no\/wp-json\/wp\/v2\/types\/page"}],"author":[{"embeddable":true,"href":"https:\/\/zafolaw.com\/no\/wp-json\/wp\/v2\/users\/1"}],"replies":[{"embeddable":true,"href":"https:\/\/zafolaw.com\/no\/wp-json\/wp\/v2\/comments?post=13331"}],"version-history":[{"count":1,"href":"https:\/\/zafolaw.com\/no\/wp-json\/wp\/v2\/pages\/13331\/revisions"}],"predecessor-version":[{"id":13332,"href":"https:\/\/zafolaw.com\/no\/wp-json\/wp\/v2\/pages\/13331\/revisions\/13332"}],"wp:attachment":[{"href":"https:\/\/zafolaw.com\/no\/wp-json\/wp\/v2\/media?parent=13331"}],"curies":[{"name":"wp","href":"https:\/\/api.w.org\/{rel}","templated":true}]}}