{"id":13302,"date":"2025-12-01T09:06:34","date_gmt":"2025-12-01T08:06:34","guid":{"rendered":"https:\/\/zafolaw.com\/?page_id=13302"},"modified":"2026-04-07T12:40:17","modified_gmt":"2026-04-07T11:40:17","slug":"kontakt-oss","status":"publish","type":"page","link":"https:\/\/zafolaw.com\/no\/kontakt-oss\/","title":{"rendered":"Kontakt oss"},"content":{"rendered":"\t\t<div data-elementor-type=\"wp-page\" data-elementor-id=\"13302\" class=\"elementor elementor-13302 elementor-6510\" data-elementor-post-type=\"page\">\n\t\t\t\t<div class=\"elementor-element elementor-element-d6724c9 e-con-full e-flex e-con e-parent\" data-id=\"d6724c9\" data-element_type=\"container\" data-e-type=\"container\" data-settings=\"{&quot;background_background&quot;:&quot;classic&quot;,&quot;background_motion_fx_motion_fx_scrolling&quot;:&quot;yes&quot;,&quot;background_motion_fx_translateY_effect&quot;:&quot;yes&quot;,&quot;background_motion_fx_translateY_speed&quot;:{&quot;unit&quot;:&quot;px&quot;,&quot;size&quot;:4,&quot;sizes&quot;:[]},&quot;background_motion_fx_translateY_affectedRange&quot;:{&quot;unit&quot;:&quot;%&quot;,&quot;size&quot;:&quot;&quot;,&quot;sizes&quot;:{&quot;start&quot;:0,&quot;end&quot;:100}},&quot;background_motion_fx_devices&quot;:[&quot;desktop&quot;,&quot;tablet&quot;,&quot;mobile&quot;]}\">\n\t\t<div class=\"elementor-element elementor-element-e23b259 e-con-full e-flex e-con e-child\" data-id=\"e23b259\" data-element_type=\"container\" data-e-type=\"container\">\n\t\t<div class=\"elementor-element elementor-element-a8f8853 e-flex e-con-boxed e-con e-child\" data-id=\"a8f8853\" data-element_type=\"container\" data-e-type=\"container\">\n\t\t\t\t\t<div class=\"e-con-inner\">\n\t\t<div class=\"elementor-element elementor-element-55a6103 e-con-full e-flex e-con e-child\" data-id=\"55a6103\" data-element_type=\"container\" data-e-type=\"container\">\n\t\t<div class=\"elementor-element elementor-element-6ec0652 e-con-full e-flex e-con e-child\" data-id=\"6ec0652\" data-element_type=\"container\" data-e-type=\"container\">\n\t\t\t\t<div class=\"elementor-element elementor-element-6a3be46 elementor-hidden-tablet elementor-hidden-mobile elementor-widget elementor-widget-image\" data-id=\"6a3be46\" data-element_type=\"widget\" data-e-type=\"widget\" data-widget_type=\"image.default\">\n\t\t\t\t\t\t\t\t\t\t\t\t<figure class=\"wp-caption\">\n\t\t\t\t\t\t\t\t\t\t<img fetchpriority=\"high\" decoding=\"async\" width=\"600\" height=\"600\" src=\"https:\/\/zafolaw.com\/wp-content\/uploads\/2020\/01\/zafo-law-symbol.png\" class=\"attachment-large size-large wp-image-4737\" alt=\"\" srcset=\"https:\/\/zafolaw.com\/wp-content\/uploads\/2020\/01\/zafo-law-symbol.png 600w, https:\/\/zafolaw.com\/wp-content\/uploads\/2020\/01\/zafo-law-symbol-300x300.png 300w, https:\/\/zafolaw.com\/wp-content\/uploads\/2020\/01\/zafo-law-symbol-150x150.png 150w\" sizes=\"(max-width: 600px) 100vw, 600px\" \/>\t\t\t\t\t\t\t\t\t\t\t<figcaption class=\"widget-image-caption wp-caption-text\">Zafo Law<\/figcaption>\n\t\t\t\t\t\t\t\t\t\t<\/figure>\n\t\t\t\t\t\t\t\t\t<\/div>\n\t\t<div class=\"elementor-element elementor-element-2fd68a0 e-con-full e-flex e-con e-child\" data-id=\"2fd68a0\" data-element_type=\"container\" data-e-type=\"container\">\n\t\t\t\t<div class=\"elementor-element elementor-element-ac2190d elementor-widget elementor-widget-heading\" data-id=\"ac2190d\" data-element_type=\"widget\" data-e-type=\"widget\" data-widget_type=\"heading.default\">\n\t\t\t\t\t<h1 class=\"elementor-heading-title elementor-size-default\">Kontakt oss<\/h1>\t\t\t\t<\/div>\n\t\t\t\t<div class=\"elementor-element elementor-element-298965f elementor-widget elementor-widget-text-editor\" data-id=\"298965f\" data-element_type=\"widget\" data-e-type=\"widget\" data-widget_type=\"text-editor.default\">\n\t\t\t\t\t\t\t\t\t<p>Har du behov for r\u00e5dgivning, eller har du sp\u00f8rsm\u00e5l om v\u00e5re arbeidsomr\u00e5der og tjenester?<\/p>\t\t\t\t\t\t\t\t<\/div>\n\t\t\t\t<div class=\"elementor-element elementor-element-f375611 elementor-widget elementor-widget-text-editor\" data-id=\"f375611\" data-element_type=\"widget\" data-e-type=\"widget\" data-widget_type=\"text-editor.default\">\n\t\t\t\t\t\t\t\t\t<p>S\u00e5 ikke n\u00f8l med \u00e5 kontakte oss. Vi dekker <strong>hele<\/strong> Spania (inkludert Madrid og Mallorca) fra v\u00e5re kontorer i Barcelona og Alicante.<\/p>\t\t\t\t\t\t\t\t<\/div>\n\t\t\t\t<\/div>\n\t\t\t\t<\/div>\n\t\t\t\t<\/div>\n\t\t<div class=\"elementor-element elementor-element-ea4018d e-con-full e-flex e-con e-child\" data-id=\"ea4018d\" data-element_type=\"container\" data-e-type=\"container\">\n\t\t\t\t<\/div>\n\t\t\t\t\t<\/div>\n\t\t\t\t<\/div>\n\t\t\t\t<\/div>\n\t\t\t\t<\/div>\n\t\t<div class=\"elementor-element elementor-element-e9d3557 e-con-full e-flex e-con e-parent\" data-id=\"e9d3557\" data-element_type=\"container\" data-e-type=\"container\" data-settings=\"{&quot;background_background&quot;:&quot;classic&quot;}\">\n\t\t<div class=\"elementor-element elementor-element-df0b5e7 e-flex e-con-boxed e-con e-child\" data-id=\"df0b5e7\" data-element_type=\"container\" data-e-type=\"container\" data-settings=\"{&quot;background_background&quot;:&quot;classic&quot;}\">\n\t\t\t\t\t<div class=\"e-con-inner\">\n\t\t\t\t\t<\/div>\n\t\t\t\t<\/div>\n\t\t\t\t<\/div>\n\t\t<div class=\"elementor-element elementor-element-23acf37 e-flex e-con-boxed e-con e-parent\" data-id=\"23acf37\" data-element_type=\"container\" data-e-type=\"container\" data-settings=\"{&quot;background_background&quot;:&quot;classic&quot;}\">\n\t\t\t\t\t<div class=\"e-con-inner\">\n\t\t<div class=\"elementor-element elementor-element-32490ee e-con-full e-flex e-con e-child\" data-id=\"32490ee\" data-element_type=\"container\" data-e-type=\"container\">\n\t\t\t\t<div class=\"elementor-element elementor-element-4680ac9 elementor-widget elementor-widget-image\" data-id=\"4680ac9\" data-element_type=\"widget\" data-e-type=\"widget\" data-widget_type=\"image.default\">\n\t\t\t\t\t\t\t\t\t\t\t\t\t\t\t<img decoding=\"async\" width=\"512\" height=\"512\" src=\"https:\/\/zafolaw.com\/wp-content\/uploads\/2025\/12\/zafo-law-barcelona-alicante.png\" class=\"attachment-full size-full wp-image-13136\" alt=\"\" srcset=\"https:\/\/zafolaw.com\/wp-content\/uploads\/2025\/12\/zafo-law-barcelona-alicante.png 512w, https:\/\/zafolaw.com\/wp-content\/uploads\/2025\/12\/zafo-law-barcelona-alicante-300x300.png 300w, https:\/\/zafolaw.com\/wp-content\/uploads\/2025\/12\/zafo-law-barcelona-alicante-150x150.png 150w\" sizes=\"(max-width: 512px) 100vw, 512px\" \/>\t\t\t\t\t\t\t\t\t\t\t\t\t\t\t<\/div>\n\t\t<div class=\"elementor-element elementor-element-5ec49f9 e-con-full e-flex e-con e-child\" data-id=\"5ec49f9\" data-element_type=\"container\" data-e-type=\"container\">\n\t\t<div class=\"elementor-element elementor-element-9e2cfbc e-con-full e-flex e-con e-child\" data-id=\"9e2cfbc\" data-element_type=\"container\" data-e-type=\"container\">\n\t\t\t\t<div class=\"elementor-element elementor-element-fa291b6 elementor-widget elementor-widget-image\" data-id=\"fa291b6\" data-element_type=\"widget\" data-e-type=\"widget\" data-widget_type=\"image.default\">\n\t\t\t\t\t\t\t\t\t\t\t\t\t\t\t<img decoding=\"async\" width=\"119\" height=\"42\" src=\"https:\/\/zafolaw.com\/wp-content\/uploads\/2025\/11\/alicante.svg\" class=\"attachment-large size-large wp-image-13365\" alt=\"\" \/>\t\t\t\t\t\t\t\t\t\t\t\t\t\t\t<\/div>\n\t\t\t\t<div class=\"elementor-element elementor-element-c139bd4 elementor-widget elementor-widget-text-editor\" data-id=\"c139bd4\" data-element_type=\"widget\" data-e-type=\"widget\" data-widget_type=\"text-editor.default\">\n\t\t\t\t\t\t\t\t\t<p data-start=\"0\" data-end=\"50\">Avda. Maisonnave 3, 4\u00aa<br data-start=\"22\" data-end=\"25\" \/>03003 Alicante<br data-start=\"39\" data-end=\"42\" data-is-only-node=\"\" \/>Spania<\/p><p data-start=\"52\" data-end=\"120\">T: (+34) 965 929 709<br data-start=\"72\" data-end=\"75\" \/>T: (+45) 87 53 87 80<br data-start=\"95\" data-end=\"98\" data-is-only-node=\"\" \/>F: (+34) 965 929 707<\/p>\t\t\t\t\t\t\t\t<\/div>\n\t\t\t\t<div class=\"elementor-element elementor-element-05e856d elementor-widget elementor-widget-text-editor\" data-id=\"05e856d\" data-element_type=\"widget\" data-e-type=\"widget\" data-widget_type=\"text-editor.default\">\n\t\t\t\t\t\t\t\t\t<p data-start=\"0\" data-end=\"58\">info@zafolaw.com<\/p>\t\t\t\t\t\t\t\t<\/div>\n\t\t\t\t<\/div>\n\t\t<div class=\"elementor-element elementor-element-0f6590e e-con-full e-flex e-con e-child\" data-id=\"0f6590e\" data-element_type=\"container\" data-e-type=\"container\">\n\t\t\t\t<div class=\"elementor-element elementor-element-4ea29bb elementor-widget elementor-widget-image\" data-id=\"4ea29bb\" data-element_type=\"widget\" data-e-type=\"widget\" data-widget_type=\"image.default\">\n\t\t\t\t\t\t\t\t\t\t\t\t\t\t\t<img loading=\"lazy\" decoding=\"async\" width=\"125\" height=\"42\" src=\"https:\/\/zafolaw.com\/wp-content\/uploads\/2025\/11\/barcelona.svg\" class=\"attachment-large size-large wp-image-13364\" alt=\"\" \/>\t\t\t\t\t\t\t\t\t\t\t\t\t\t\t<\/div>\n\t\t\t\t<div class=\"elementor-element elementor-element-e79f374 elementor-widget elementor-widget-text-editor\" data-id=\"e79f374\" data-element_type=\"widget\" data-e-type=\"widget\" data-widget_type=\"text-editor.default\">\n\t\t\t\t\t\t\t\t\t<p data-start=\"0\" data-end=\"63\">C\/ Beethoven 15, Planta 2 Puerta 7<br data-start=\"34\" data-end=\"37\" \/>08021 Barcelona<br data-start=\"52\" data-end=\"55\" data-is-only-node=\"\" \/>Spania<\/p><p data-start=\"65\" data-end=\"133\">T: (+34) 932 389 300<br data-start=\"85\" data-end=\"88\" \/>T: (+45) 87 53 87 80<br data-start=\"108\" data-end=\"111\" data-is-only-node=\"\" \/>F: (+34) 932 389 301<\/p>\t\t\t\t\t\t\t\t<\/div>\n\t\t\t\t<\/div>\n\t\t\t\t<\/div>\n\t\t\t\t<\/div>\n\t\t<div class=\"elementor-element elementor-element-1945d10 e-con-full e-flex e-con e-child\" data-id=\"1945d10\" data-element_type=\"container\" data-e-type=\"container\">\n\t\t\t\t<div class=\"elementor-element elementor-element-7c65425 elementor-widget elementor-widget-heading\" data-id=\"7c65425\" data-element_type=\"widget\" data-e-type=\"widget\" data-widget_type=\"heading.default\">\n\t\t\t\t\t<h2 class=\"elementor-heading-title elementor-size-default\">Skriv til oss<\/h2>\t\t\t\t<\/div>\n\t\t\t\t<div class=\"elementor-element elementor-element-57063eb elementor-button-align-stretch elementor-widget elementor-widget-form\" data-id=\"57063eb\" data-element_type=\"widget\" data-e-type=\"widget\" data-settings=\"{&quot;button_width&quot;:&quot;40&quot;,&quot;step_next_label&quot;:&quot;N\\u00e6ste&quot;,&quot;step_previous_label&quot;:&quot;Tidligere&quot;,&quot;step_type&quot;:&quot;number_text&quot;,&quot;step_icon_shape&quot;:&quot;circle&quot;}\" data-widget_type=\"form.default\">\n\t\t\t\t\t\t\t<form class=\"elementor-form\" method=\"post\" name=\"Kontaktskjema\" aria-label=\"Kontaktskjema\">\n\t\t\t<input type=\"hidden\" name=\"post_id\" value=\"13302\"\/>\n\t\t\t<input type=\"hidden\" name=\"form_id\" value=\"57063eb\"\/>\n\t\t\t<input type=\"hidden\" name=\"referer_title\" value=\"Zafo Law\" \/>\n\n\t\t\t\n\t\t\t<div class=\"elementor-form-fields-wrapper elementor-labels-\">\n\t\t\t\t\t\t\t\t<div class=\"elementor-field-type-text elementor-field-group elementor-column elementor-field-group-name elementor-col-100 elementor-field-required\">\n\t\t\t\t\t\t\t\t\t\t\t\t<label for=\"form-field-name\" class=\"elementor-field-label elementor-screen-only\">\n\t\t\t\t\t\t\t\tNavn\t\t\t\t\t\t\t<\/label>\n\t\t\t\t\t\t\t\t\t\t\t\t\t\t<input size=\"1\" type=\"text\" name=\"form_fields[name]\" id=\"form-field-name\" class=\"elementor-field elementor-size-md  elementor-field-textual\" placeholder=\"Navn\" required=\"required\">\n\t\t\t\t\t\t\t\t\t\t\t<\/div>\n\t\t\t\t\t\t\t\t<div class=\"elementor-field-type-email elementor-field-group elementor-column elementor-field-group-email elementor-col-100 elementor-field-required\">\n\t\t\t\t\t\t\t\t\t\t\t\t<label for=\"form-field-email\" class=\"elementor-field-label elementor-screen-only\">\n\t\t\t\t\t\t\t\tE-mail\t\t\t\t\t\t\t<\/label>\n\t\t\t\t\t\t\t\t\t\t\t\t\t\t<input size=\"1\" type=\"email\" name=\"form_fields[email]\" id=\"form-field-email\" class=\"elementor-field elementor-size-md  elementor-field-textual\" placeholder=\"E-mail\" required=\"required\">\n\t\t\t\t\t\t\t\t\t\t\t<\/div>\n\t\t\t\t\t\t\t\t<div class=\"elementor-field-type-tel elementor-field-group elementor-column elementor-field-group-field_fad83db elementor-col-100 elementor-field-required\">\n\t\t\t\t\t\t\t\t\t\t\t\t<label for=\"form-field-field_fad83db\" class=\"elementor-field-label elementor-screen-only\">\n\t\t\t\t\t\t\t\tTelefon\t\t\t\t\t\t\t<\/label>\n\t\t\t\t\t\t\t\t<input size=\"1\" type=\"tel\" name=\"form_fields[field_fad83db]\" id=\"form-field-field_fad83db\" class=\"elementor-field elementor-size-md  elementor-field-textual\" placeholder=\"Telefon\" required=\"required\" pattern=\"[0-9()#&amp;+*-=.]+\" title=\"Only numbers and phone characters (#, -, *, etc) are accepted.\">\n\n\t\t\t\t\t\t<\/div>\n\t\t\t\t\t\t\t\t<div class=\"elementor-field-type-text elementor-field-group elementor-column elementor-field-group-field_952cc5c elementor-col-100 elementor-field-required\">\n\t\t\t\t\t\t\t\t\t\t\t\t<label for=\"form-field-field_952cc5c\" class=\"elementor-field-label elementor-screen-only\">\n\t\t\t\t\t\t\t\tEmne\t\t\t\t\t\t\t<\/label>\n\t\t\t\t\t\t\t\t\t\t\t\t\t\t<input size=\"1\" type=\"text\" name=\"form_fields[field_952cc5c]\" id=\"form-field-field_952cc5c\" class=\"elementor-field elementor-size-md  elementor-field-textual\" placeholder=\"Emne\" required=\"required\">\n\t\t\t\t\t\t\t\t\t\t\t<\/div>\n\t\t\t\t\t\t\t\t<div class=\"elementor-field-type-textarea elementor-field-group elementor-column elementor-field-group-message elementor-col-100 elementor-field-required\">\n\t\t\t\t\t\t\t\t\t\t\t\t<label for=\"form-field-message\" class=\"elementor-field-label elementor-screen-only\">\n\t\t\t\t\t\t\t\tMelding\t\t\t\t\t\t\t<\/label>\n\t\t\t\t\t\t<textarea class=\"elementor-field-textual elementor-field  elementor-size-md\" name=\"form_fields[message]\" id=\"form-field-message\" rows=\"4\" placeholder=\"Melding\" required=\"required\"><\/textarea>\t\t\t\t<\/div>\n\t\t\t\t\t\t\t\t<div class=\"elementor-field-type-acceptance elementor-field-group elementor-column elementor-field-group-field_4f851be elementor-col-100 elementor-field-required\">\n\t\t\t\t\t\t\t\t\t\t\t\t<label for=\"form-field-field_4f851be\" class=\"elementor-field-label elementor-screen-only\">\n\t\t\t\t\t\t\t\tConsent\t\t\t\t\t\t\t<\/label>\n\t\t\t\t\t\t\t\t<div class=\"elementor-field-subgroup\">\n\t\t\t<span class=\"elementor-field-option\">\n\t\t\t\t<input type=\"checkbox\" name=\"form_fields[field_4f851be]\" id=\"form-field-field_4f851be\" class=\"elementor-field elementor-size-md  elementor-acceptance-field\" required=\"required\">\n\t\t\t\t<label for=\"form-field-field_4f851be\">N\u00e5r du melder deg p\u00e5 et arrangement eller nyhetsbrevet Legal Mix Zone p\u00e5 Zafo Laws nettsted, oppgir du personopplysninger som navn og e-postadresse. Zafo Law lagrer og bruker disse opplysningene for \u00e5 administrere din p\u00e5melding i samsvar med v\u00e5r personvernerkl\u00e6ring. Zafo Law deler ikke personopplysninger med tredjeparter. Du kan n\u00e5r som helst slette profilen din eller trekke tilbake samtykket til \u00e5 motta nyhetsbrev ved \u00e5 melde deg av via nyhetsbrevet.<br> Vennligst les <a href=\"https:\/\/zafolaw.com\/no\/personvernerklaering\/\" target=\"_blank\">personvernerkl\u00e6ringen<\/a> og <a href=\"https:\/\/zafolaw.com\/no\/forretningsbetingelser\/\" target=\"_blank\">forretningsbetingelsene<\/a>.<\/label>\t\t\t<\/span>\n\t\t<\/div>\n\t\t\t\t\t\t<\/div>\n\t\t\t\t\t\t\t\t<div class=\"elementor-field-group elementor-column elementor-field-type-submit elementor-col-40 e-form__buttons\">\n\t\t\t\t\t<button class=\"elementor-button elementor-size-sm\" type=\"submit\">\n\t\t\t\t\t\t<span class=\"elementor-button-content-wrapper\">\n\t\t\t\t\t\t\t\t\t\t\t\t\t\t\t\t\t\t\t\t\t\t<span class=\"elementor-button-text\">Send melding<\/span>\n\t\t\t\t\t\t\t\t\t\t\t\t\t<\/span>\n\t\t\t\t\t<\/button>\n\t\t\t\t<\/div>\n\t\t\t<\/div>\n\t\t<\/form>\n\t\t\t\t\t\t<\/div>\n\t\t\t\t<\/div>\n\t\t\t\t\t<\/div>\n\t\t\t\t<\/div>\n\t\t\t\t<\/div>\n\t\t","protected":false},"excerpt":{"rendered":"<p>Zafo Law Kontakt oss Har du behov for r\u00e5dgivning, eller har du sp\u00f8rsm\u00e5l om v\u00e5re arbeidsomr\u00e5der og tjenester? S\u00e5 ikke n\u00f8l med \u00e5 kontakte oss. Vi dekker hele Spania (inkludert Madrid og Mallorca) fra v\u00e5re kontorer i Barcelona og Alicante. Avda. Maisonnave 3, 4\u00aa03003 AlicanteSpania T: (+34) 965 929 709T: (+45) 87 53 87 80F: [&hellip;]<\/p>\n","protected":false},"author":1,"featured_media":0,"parent":0,"menu_order":0,"comment_status":"closed","ping_status":"closed","template":"","meta":{"footnotes":""},"class_list":["post-13302","page","type-page","status-publish","hentry"],"yoast_head":"<!-- This site is optimized with the Yoast SEO plugin v27.4 - https:\/\/yoast.com\/product\/yoast-seo-wordpress\/ -->\n<title>Kontakt oss - Zafo Law<\/title>\n<meta name=\"robots\" content=\"index, follow, max-snippet:-1, max-image-preview:large, max-video-preview:-1\" \/>\n<link rel=\"canonical\" href=\"https:\/\/zafolaw.com\/no\/kontakt-oss\/\" \/>\n<meta property=\"og:locale\" content=\"nb_NO\" \/>\n<meta property=\"og:type\" content=\"article\" \/>\n<meta property=\"og:title\" content=\"Kontakt oss - Zafo Law\" \/>\n<meta property=\"og:description\" content=\"Zafo Law Kontakt oss Har du behov for r\u00e5dgivning, eller har du sp\u00f8rsm\u00e5l om v\u00e5re arbeidsomr\u00e5der og tjenester? S\u00e5 ikke n\u00f8l med \u00e5 kontakte oss. Vi dekker hele Spania (inkludert Madrid og Mallorca) fra v\u00e5re kontorer i Barcelona og Alicante. Avda. Maisonnave 3, 4\u00aa03003 AlicanteSpania T: (+34) 965 929 709T: (+45) 87 53 87 80F: [&hellip;]\" \/>\n<meta property=\"og:url\" content=\"https:\/\/zafolaw.com\/no\/kontakt-oss\/\" \/>\n<meta property=\"og:site_name\" content=\"Zafo Law\" \/>\n<meta property=\"article:modified_time\" content=\"2026-04-07T11:40:17+00:00\" \/>\n<meta property=\"og:image\" content=\"https:\/\/zafolaw.com\/wp-content\/uploads\/2020\/01\/zafo-law-symbol.png\" \/>\n\t<meta property=\"og:image:width\" content=\"600\" \/>\n\t<meta property=\"og:image:height\" content=\"600\" \/>\n\t<meta property=\"og:image:type\" content=\"image\/png\" \/>\n<meta name=\"twitter:card\" content=\"summary_large_image\" \/>\n<meta name=\"twitter:label1\" content=\"Ansl. lesetid\" \/>\n\t<meta name=\"twitter:data1\" content=\"2 minutter\" \/>\n<script type=\"application\/ld+json\" class=\"yoast-schema-graph\">{\"@context\":\"https:\\\/\\\/schema.org\",\"@graph\":[{\"@type\":\"WebPage\",\"@id\":\"https:\\\/\\\/zafolaw.com\\\/no\\\/kontakt-oss\\\/\",\"url\":\"https:\\\/\\\/zafolaw.com\\\/no\\\/kontakt-oss\\\/\",\"name\":\"Kontakt oss - Zafo Law\",\"isPartOf\":{\"@id\":\"https:\\\/\\\/zafolaw.com\\\/no\\\/#website\"},\"primaryImageOfPage\":{\"@id\":\"https:\\\/\\\/zafolaw.com\\\/no\\\/kontakt-oss\\\/#primaryimage\"},\"image\":{\"@id\":\"https:\\\/\\\/zafolaw.com\\\/no\\\/kontakt-oss\\\/#primaryimage\"},\"thumbnailUrl\":\"https:\\\/\\\/zafolaw.com\\\/wp-content\\\/uploads\\\/2020\\\/01\\\/zafo-law-symbol.png\",\"datePublished\":\"2025-12-01T08:06:34+00:00\",\"dateModified\":\"2026-04-07T11:40:17+00:00\",\"breadcrumb\":{\"@id\":\"https:\\\/\\\/zafolaw.com\\\/no\\\/kontakt-oss\\\/#breadcrumb\"},\"inLanguage\":\"nb-NO\",\"potentialAction\":[{\"@type\":\"ReadAction\",\"target\":[\"https:\\\/\\\/zafolaw.com\\\/no\\\/kontakt-oss\\\/\"]}]},{\"@type\":\"ImageObject\",\"inLanguage\":\"nb-NO\",\"@id\":\"https:\\\/\\\/zafolaw.com\\\/no\\\/kontakt-oss\\\/#primaryimage\",\"url\":\"https:\\\/\\\/zafolaw.com\\\/wp-content\\\/uploads\\\/2020\\\/01\\\/zafo-law-symbol.png\",\"contentUrl\":\"https:\\\/\\\/zafolaw.com\\\/wp-content\\\/uploads\\\/2020\\\/01\\\/zafo-law-symbol.png\"},{\"@type\":\"BreadcrumbList\",\"@id\":\"https:\\\/\\\/zafolaw.com\\\/no\\\/kontakt-oss\\\/#breadcrumb\",\"itemListElement\":[{\"@type\":\"ListItem\",\"position\":1,\"name\":\"Hjem\",\"item\":\"https:\\\/\\\/zafolaw.com\\\/no\\\/\"},{\"@type\":\"ListItem\",\"position\":2,\"name\":\"Kontakt oss\"}]},{\"@type\":\"WebSite\",\"@id\":\"https:\\\/\\\/zafolaw.com\\\/no\\\/#website\",\"url\":\"https:\\\/\\\/zafolaw.com\\\/no\\\/\",\"name\":\"Zafo Law\",\"description\":\"Friend of Scandinavia\",\"publisher\":{\"@id\":\"https:\\\/\\\/zafolaw.com\\\/no\\\/#organization\"},\"potentialAction\":[{\"@type\":\"SearchAction\",\"target\":{\"@type\":\"EntryPoint\",\"urlTemplate\":\"https:\\\/\\\/zafolaw.com\\\/no\\\/?s={search_term_string}\"},\"query-input\":{\"@type\":\"PropertyValueSpecification\",\"valueRequired\":true,\"valueName\":\"search_term_string\"}}],\"inLanguage\":\"nb-NO\"},{\"@type\":\"Organization\",\"@id\":\"https:\\\/\\\/zafolaw.com\\\/no\\\/#organization\",\"name\":\"Zafo Law\",\"url\":\"https:\\\/\\\/zafolaw.com\\\/no\\\/\",\"logo\":{\"@type\":\"ImageObject\",\"inLanguage\":\"nb-NO\",\"@id\":\"https:\\\/\\\/zafolaw.com\\\/no\\\/#\\\/schema\\\/logo\\\/image\\\/\",\"url\":\"https:\\\/\\\/zafolaw.com\\\/wp-content\\\/uploads\\\/2025\\\/11\\\/zafolaw-logo-small.svg\",\"contentUrl\":\"https:\\\/\\\/zafolaw.com\\\/wp-content\\\/uploads\\\/2025\\\/11\\\/zafolaw-logo-small.svg\",\"width\":182,\"height\":40,\"caption\":\"Zafo Law\"},\"image\":{\"@id\":\"https:\\\/\\\/zafolaw.com\\\/no\\\/#\\\/schema\\\/logo\\\/image\\\/\"},\"sameAs\":[\"https:\\\/\\\/www.linkedin.com\\\/company\\\/zafo-law\"]}]}<\/script>\n<!-- \/ Yoast SEO plugin. -->","yoast_head_json":{"title":"Kontakt oss - Zafo Law","robots":{"index":"index","follow":"follow","max-snippet":"max-snippet:-1","max-image-preview":"max-image-preview:large","max-video-preview":"max-video-preview:-1"},"canonical":"https:\/\/zafolaw.com\/no\/kontakt-oss\/","og_locale":"nb_NO","og_type":"article","og_title":"Kontakt oss - Zafo Law","og_description":"Zafo Law Kontakt oss Har du behov for r\u00e5dgivning, eller har du sp\u00f8rsm\u00e5l om v\u00e5re arbeidsomr\u00e5der og tjenester? S\u00e5 ikke n\u00f8l med \u00e5 kontakte oss. Vi dekker hele Spania (inkludert Madrid og Mallorca) fra v\u00e5re kontorer i Barcelona og Alicante. Avda. Maisonnave 3, 4\u00aa03003 AlicanteSpania T: (+34) 965 929 709T: (+45) 87 53 87 80F: [&hellip;]","og_url":"https:\/\/zafolaw.com\/no\/kontakt-oss\/","og_site_name":"Zafo Law","article_modified_time":"2026-04-07T11:40:17+00:00","og_image":[{"width":600,"height":600,"url":"https:\/\/zafolaw.com\/wp-content\/uploads\/2020\/01\/zafo-law-symbol.png","type":"image\/png"}],"twitter_card":"summary_large_image","twitter_misc":{"Ansl. lesetid":"2 minutter"},"schema":{"@context":"https:\/\/schema.org","@graph":[{"@type":"WebPage","@id":"https:\/\/zafolaw.com\/no\/kontakt-oss\/","url":"https:\/\/zafolaw.com\/no\/kontakt-oss\/","name":"Kontakt oss - Zafo Law","isPartOf":{"@id":"https:\/\/zafolaw.com\/no\/#website"},"primaryImageOfPage":{"@id":"https:\/\/zafolaw.com\/no\/kontakt-oss\/#primaryimage"},"image":{"@id":"https:\/\/zafolaw.com\/no\/kontakt-oss\/#primaryimage"},"thumbnailUrl":"https:\/\/zafolaw.com\/wp-content\/uploads\/2020\/01\/zafo-law-symbol.png","datePublished":"2025-12-01T08:06:34+00:00","dateModified":"2026-04-07T11:40:17+00:00","breadcrumb":{"@id":"https:\/\/zafolaw.com\/no\/kontakt-oss\/#breadcrumb"},"inLanguage":"nb-NO","potentialAction":[{"@type":"ReadAction","target":["https:\/\/zafolaw.com\/no\/kontakt-oss\/"]}]},{"@type":"ImageObject","inLanguage":"nb-NO","@id":"https:\/\/zafolaw.com\/no\/kontakt-oss\/#primaryimage","url":"https:\/\/zafolaw.com\/wp-content\/uploads\/2020\/01\/zafo-law-symbol.png","contentUrl":"https:\/\/zafolaw.com\/wp-content\/uploads\/2020\/01\/zafo-law-symbol.png"},{"@type":"BreadcrumbList","@id":"https:\/\/zafolaw.com\/no\/kontakt-oss\/#breadcrumb","itemListElement":[{"@type":"ListItem","position":1,"name":"Hjem","item":"https:\/\/zafolaw.com\/no\/"},{"@type":"ListItem","position":2,"name":"Kontakt oss"}]},{"@type":"WebSite","@id":"https:\/\/zafolaw.com\/no\/#website","url":"https:\/\/zafolaw.com\/no\/","name":"Zafo Law","description":"Friend of Scandinavia","publisher":{"@id":"https:\/\/zafolaw.com\/no\/#organization"},"potentialAction":[{"@type":"SearchAction","target":{"@type":"EntryPoint","urlTemplate":"https:\/\/zafolaw.com\/no\/?s={search_term_string}"},"query-input":{"@type":"PropertyValueSpecification","valueRequired":true,"valueName":"search_term_string"}}],"inLanguage":"nb-NO"},{"@type":"Organization","@id":"https:\/\/zafolaw.com\/no\/#organization","name":"Zafo Law","url":"https:\/\/zafolaw.com\/no\/","logo":{"@type":"ImageObject","inLanguage":"nb-NO","@id":"https:\/\/zafolaw.com\/no\/#\/schema\/logo\/image\/","url":"https:\/\/zafolaw.com\/wp-content\/uploads\/2025\/11\/zafolaw-logo-small.svg","contentUrl":"https:\/\/zafolaw.com\/wp-content\/uploads\/2025\/11\/zafolaw-logo-small.svg","width":182,"height":40,"caption":"Zafo Law"},"image":{"@id":"https:\/\/zafolaw.com\/no\/#\/schema\/logo\/image\/"},"sameAs":["https:\/\/www.linkedin.com\/company\/zafo-law"]}]}},"_links":{"self":[{"href":"https:\/\/zafolaw.com\/no\/wp-json\/wp\/v2\/pages\/13302","targetHints":{"allow":["GET"]}}],"collection":[{"href":"https:\/\/zafolaw.com\/no\/wp-json\/wp\/v2\/pages"}],"about":[{"href":"https:\/\/zafolaw.com\/no\/wp-json\/wp\/v2\/types\/page"}],"author":[{"embeddable":true,"href":"https:\/\/zafolaw.com\/no\/wp-json\/wp\/v2\/users\/1"}],"replies":[{"embeddable":true,"href":"https:\/\/zafolaw.com\/no\/wp-json\/wp\/v2\/comments?post=13302"}],"version-history":[{"count":14,"href":"https:\/\/zafolaw.com\/no\/wp-json\/wp\/v2\/pages\/13302\/revisions"}],"predecessor-version":[{"id":13398,"href":"https:\/\/zafolaw.com\/no\/wp-json\/wp\/v2\/pages\/13302\/revisions\/13398"}],"wp:attachment":[{"href":"https:\/\/zafolaw.com\/no\/wp-json\/wp\/v2\/media?parent=13302"}],"curies":[{"name":"wp","href":"https:\/\/api.w.org\/{rel}","templated":true}]}}