{"id":13168,"date":"2026-01-05T12:45:32","date_gmt":"2026-01-05T11:45:32","guid":{"rendered":"https:\/\/zafolaw.com\/pau-angelina-rodriguez\/"},"modified":"2026-03-23T16:48:57","modified_gmt":"2026-03-23T15:48:57","slug":"pau-angelina-rodriguez","status":"publish","type":"page","link":"https:\/\/zafolaw.com\/no\/om-oss\/medarbejdere\/pau-angelina-rodriguez\/","title":{"rendered":"Pau Angelina Rodr\u00edguez"},"content":{"rendered":"\t\t<div data-elementor-type=\"wp-page\" data-elementor-id=\"13168\" class=\"elementor elementor-13168 elementor-10717\" data-elementor-post-type=\"page\">\n\t\t\t\t<div class=\"elementor-element elementor-element-4c49428 e-con-full e-flex e-con e-parent\" data-id=\"4c49428\" data-element_type=\"container\" data-e-type=\"container\">\n\t\t<div class=\"elementor-element elementor-element-f943322 e-con-full e-flex e-con e-child\" data-id=\"f943322\" data-element_type=\"container\" data-e-type=\"container\">\n\t\t<div class=\"elementor-element elementor-element-198be15 e-flex e-con-boxed e-con e-child\" data-id=\"198be15\" data-element_type=\"container\" data-e-type=\"container\" data-settings=\"{&quot;background_background&quot;:&quot;gradient&quot;}\">\n\t\t\t\t\t<div class=\"e-con-inner\">\n\t\t<div class=\"elementor-element elementor-element-1fc899f e-con-full e-flex e-con e-child\" data-id=\"1fc899f\" data-element_type=\"container\" data-e-type=\"container\" data-settings=\"{&quot;background_background&quot;:&quot;classic&quot;}\">\n\t\t<div class=\"elementor-element elementor-element-a229794 e-con-full e-flex e-con e-child\" data-id=\"a229794\" data-element_type=\"container\" data-e-type=\"container\">\n\t\t\t\t<div class=\"elementor-element elementor-element-20eaa0b elementor-widget elementor-widget-text-editor\" data-id=\"20eaa0b\" data-element_type=\"widget\" data-e-type=\"widget\" data-widget_type=\"text-editor.default\">\n\t\t\t\t\t\t\t\t\t<p>Spansk jurist<\/p>\t\t\t\t\t\t\t\t<\/div>\n\t\t\t\t<\/div>\n\t\t<div class=\"elementor-element elementor-element-df963e4 e-con-full e-flex e-con e-child\" data-id=\"df963e4\" data-element_type=\"container\" data-e-type=\"container\">\n\t\t\t\t<div class=\"elementor-element elementor-element-d59d7c5 elementor-widget elementor-widget-image\" data-id=\"d59d7c5\" data-element_type=\"widget\" data-e-type=\"widget\" data-widget_type=\"image.default\">\n\t\t\t\t\t\t\t\t\t\t\t\t\t\t\t\t<a href=\"mailto:par@zafolaw.com\">\n\t\t\t\t\t\t\t<img decoding=\"async\" width=\"34\" height=\"31\" src=\"https:\/\/zafolaw.com\/wp-content\/uploads\/2025\/12\/mail-reply.svg\" class=\"attachment-large size-large wp-image-13174\" alt=\"\" \/>\t\t\t\t\t\t\t\t<\/a>\n\t\t\t\t\t\t\t\t\t\t\t\t\t\t\t<\/div>\n\t\t\t\t<div class=\"elementor-element elementor-element-900eef3 elementor-widget elementor-widget-image\" data-id=\"900eef3\" data-element_type=\"widget\" data-e-type=\"widget\" data-widget_type=\"image.default\">\n\t\t\t\t\t\t\t\t\t\t\t\t\t\t\t\t<a href=\"tel:+34%20932%20389%20300\">\n\t\t\t\t\t\t\t<img decoding=\"async\" width=\"30\" height=\"30\" src=\"https:\/\/zafolaw.com\/wp-content\/uploads\/2025\/12\/phone-voice.svg\" class=\"attachment-large size-large wp-image-13175\" alt=\"\" \/>\t\t\t\t\t\t\t\t<\/a>\n\t\t\t\t\t\t\t\t\t\t\t\t\t\t\t<\/div>\n\t\t\t\t<\/div>\n\t\t\t\t<\/div>\n\t\t<div class=\"elementor-element elementor-element-6827ba5 e-con-full e-flex e-con e-child\" data-id=\"6827ba5\" data-element_type=\"container\" data-e-type=\"container\">\n\t\t\t\t<div class=\"elementor-element elementor-element-3015e59 elementor-hidden-desktop elementor-hidden-tablet elementor-widget elementor-widget-image\" data-id=\"3015e59\" data-element_type=\"widget\" data-e-type=\"widget\" data-widget_type=\"image.default\">\n\t\t\t\t\t\t\t\t\t\t\t\t\t\t\t<img fetchpriority=\"high\" decoding=\"async\" width=\"600\" height=\"900\" src=\"https:\/\/zafolaw.com\/wp-content\/uploads\/2025\/12\/Pau-Angelina-Rodriguez-Zafo-Law.jpeg\" class=\"attachment-large size-large wp-image-13188\" alt=\"\" srcset=\"https:\/\/zafolaw.com\/wp-content\/uploads\/2025\/12\/Pau-Angelina-Rodriguez-Zafo-Law.jpeg 600w, https:\/\/zafolaw.com\/wp-content\/uploads\/2025\/12\/Pau-Angelina-Rodriguez-Zafo-Law-200x300.jpeg 200w\" sizes=\"(max-width: 600px) 100vw, 600px\" \/>\t\t\t\t\t\t\t\t\t\t\t\t\t\t\t<\/div>\n\t\t\t\t<div class=\"elementor-element elementor-element-b8fe3fc elementor-absolute elementor-hidden-mobile elementor-widget elementor-widget-image\" data-id=\"b8fe3fc\" data-element_type=\"widget\" data-e-type=\"widget\" data-settings=\"{&quot;_position&quot;:&quot;absolute&quot;}\" data-widget_type=\"image.default\">\n\t\t\t\t\t\t\t\t\t\t\t\t\t\t\t<img fetchpriority=\"high\" decoding=\"async\" width=\"600\" height=\"900\" src=\"https:\/\/zafolaw.com\/wp-content\/uploads\/2025\/12\/Pau-Angelina-Rodriguez-Zafo-Law.jpeg\" class=\"attachment-large size-large wp-image-13188\" alt=\"\" srcset=\"https:\/\/zafolaw.com\/wp-content\/uploads\/2025\/12\/Pau-Angelina-Rodriguez-Zafo-Law.jpeg 600w, https:\/\/zafolaw.com\/wp-content\/uploads\/2025\/12\/Pau-Angelina-Rodriguez-Zafo-Law-200x300.jpeg 200w\" sizes=\"(max-width: 600px) 100vw, 600px\" \/>\t\t\t\t\t\t\t\t\t\t\t\t\t\t\t<\/div>\n\t\t\t\t<\/div>\n\t\t\t\t\t<\/div>\n\t\t\t\t<\/div>\n\t\t\t\t<\/div>\n\t\t\t\t<\/div>\n\t\t<div class=\"elementor-element elementor-element-12a730d e-flex e-con-boxed e-con e-parent\" data-id=\"12a730d\" data-element_type=\"container\" data-e-type=\"container\">\n\t\t\t\t\t<div class=\"e-con-inner\">\n\t\t<div class=\"elementor-element elementor-element-f234f26 e-con-full e-flex e-con e-child\" data-id=\"f234f26\" data-element_type=\"container\" data-e-type=\"container\">\n\t\t<div class=\"elementor-element elementor-element-3dd255b e-con-full e-flex e-con e-child\" data-id=\"3dd255b\" data-element_type=\"container\" data-e-type=\"container\">\n\t\t\t\t<div class=\"elementor-element elementor-element-2e2f49c elementor-widget elementor-widget-heading\" data-id=\"2e2f49c\" data-element_type=\"widget\" data-e-type=\"widget\" data-widget_type=\"heading.default\">\n\t\t\t\t\t<h2 class=\"elementor-heading-title elementor-size-default\">Arbeidsomr\u00e5der:  \n<\/h2>\t\t\t\t<\/div>\n\t\t\t\t<div class=\"elementor-element elementor-element-8466f12 elementor-widget elementor-widget-text-editor\" data-id=\"8466f12\" data-element_type=\"widget\" data-e-type=\"widget\" data-widget_type=\"text-editor.default\">\n\t\t\t\t\t\t\t\t\tBarcelona\t\t\t\t\t\t\t\t<\/div>\n\t\t\t\t<\/div>\n\t\t<div class=\"elementor-element elementor-element-c1ffa4d e-con-full e-flex e-con e-child\" data-id=\"c1ffa4d\" data-element_type=\"container\" data-e-type=\"container\">\n\t\t\t\t<div class=\"elementor-element elementor-element-d7c6af2 elementor-widget elementor-widget-heading\" data-id=\"d7c6af2\" data-element_type=\"widget\" data-e-type=\"widget\" data-widget_type=\"heading.default\">\n\t\t\t\t\t<h2 class=\"elementor-heading-title elementor-size-default\">Spr\u00e5k:  <\/h2>\t\t\t\t<\/div>\n\t\t<div class=\"elementor-element elementor-element-527cf28 e-con-full e-flex e-con e-child\" data-id=\"527cf28\" data-element_type=\"container\" data-e-type=\"container\">\n\t\t\t\t<div class=\"elementor-element elementor-element-927f722 elementor-widget elementor-widget-image\" data-id=\"927f722\" data-element_type=\"widget\" data-e-type=\"widget\" data-widget_type=\"image.default\">\n\t\t\t\t\t\t\t\t\t\t\t\t\t\t\t<img loading=\"lazy\" decoding=\"async\" width=\"114\" height=\"100\" src=\"https:\/\/zafolaw.com\/wp-content\/uploads\/2026\/01\/zafo-law-norway-norwegian.png\" class=\"attachment-large size-large wp-image-13198\" alt=\"\" \/>\t\t\t\t\t\t\t\t\t\t\t\t\t\t\t<\/div>\n\t\t\t\t<div class=\"elementor-element elementor-element-e9c3375 elementor-widget elementor-widget-image\" data-id=\"e9c3375\" data-element_type=\"widget\" data-e-type=\"widget\" data-widget_type=\"image.default\">\n\t\t\t\t\t\t\t\t\t\t\t\t\t\t\t<img loading=\"lazy\" decoding=\"async\" width=\"114\" height=\"100\" src=\"https:\/\/zafolaw.com\/wp-content\/uploads\/2020\/02\/sprog-es.png\" class=\"attachment-large size-large wp-image-4881\" alt=\"\" \/>\t\t\t\t\t\t\t\t\t\t\t\t\t\t\t<\/div>\n\t\t\t\t<div class=\"elementor-element elementor-element-621bf14 elementor-widget elementor-widget-image\" data-id=\"621bf14\" data-element_type=\"widget\" data-e-type=\"widget\" data-widget_type=\"image.default\">\n\t\t\t\t\t\t\t\t\t\t\t\t\t\t\t<img loading=\"lazy\" decoding=\"async\" width=\"114\" height=\"100\" src=\"https:\/\/zafolaw.com\/wp-content\/uploads\/2020\/03\/sprog-ct.png\" class=\"attachment-large size-large wp-image-4937\" alt=\"\" \/>\t\t\t\t\t\t\t\t\t\t\t\t\t\t\t<\/div>\n\t\t\t\t<div class=\"elementor-element elementor-element-2a8be9b elementor-widget elementor-widget-image\" data-id=\"2a8be9b\" data-element_type=\"widget\" data-e-type=\"widget\" data-widget_type=\"image.default\">\n\t\t\t\t\t\t\t\t\t\t\t\t\t\t\t<img loading=\"lazy\" decoding=\"async\" width=\"114\" height=\"100\" src=\"https:\/\/zafolaw.com\/wp-content\/uploads\/2020\/02\/sprog-en.png\" class=\"attachment-large size-large wp-image-4877\" alt=\"\" \/>\t\t\t\t\t\t\t\t\t\t\t\t\t\t\t<\/div>\n\t\t\t\t<\/div>\n\t\t\t\t<\/div>\n\t\t\t\t<\/div>\n\t\t<div class=\"elementor-element elementor-element-7950ae6 e-con-full e-flex e-con e-child\" data-id=\"7950ae6\" data-element_type=\"container\" data-e-type=\"container\">\n\t\t<div class=\"elementor-element elementor-element-029c72a e-con-full e-flex e-con e-child\" data-id=\"029c72a\" data-element_type=\"container\" data-e-type=\"container\">\n\t\t\t\t<div class=\"elementor-element elementor-element-12eae8d elementor-widget elementor-widget-heading\" data-id=\"12eae8d\" data-element_type=\"widget\" data-e-type=\"widget\" data-widget_type=\"heading.default\">\n\t\t\t\t\t<h2 class=\"elementor-heading-title elementor-size-default\">Arbeidsomr\u00e5der:  \n<\/h2>\t\t\t\t<\/div>\n\t\t\t\t<div class=\"elementor-element elementor-element-e5af09e elementor-widget elementor-widget-text-editor\" data-id=\"e5af09e\" data-element_type=\"widget\" data-e-type=\"widget\" data-widget_type=\"text-editor.default\">\n\t\t\t\t\t\t\t\t\t<p>Selskapsrett, rettsprosesser og fast eiendom.<\/p>\t\t\t\t\t\t\t\t<\/div>\n\t\t\t\t<\/div>\n\t\t<div class=\"elementor-element elementor-element-5b6f815 e-con-full e-flex e-con e-child\" data-id=\"5b6f815\" data-element_type=\"container\" data-e-type=\"container\">\n\t\t\t\t<div class=\"elementor-element elementor-element-cc49d6e elementor-widget elementor-widget-heading\" data-id=\"cc49d6e\" data-element_type=\"widget\" data-e-type=\"widget\" data-widget_type=\"heading.default\">\n\t\t\t\t\t<h2 class=\"elementor-heading-title elementor-size-default\">Profil:\n<\/h2>\t\t\t\t<\/div>\n\t\t\t\t<div class=\"elementor-element elementor-element-31b7bb4 elementor-widget elementor-widget-text-editor\" data-id=\"31b7bb4\" data-element_type=\"widget\" data-e-type=\"widget\" data-widget_type=\"text-editor.default\">\n\t\t\t\t\t\t\t\t\t<p>Pau Angelina er spansk jurist som profesjonelt benytter norsk, etter \u00e5 ha bodd og studert i Norge. Han samarbeider tett med prosedyreomr\u00e5det i skandinaviske tvister under spansk jurisdiksjon. Han deltar aktivt i etablering av skandinaviske datterselskaper i Spania og i handelsavtaler \u2013 hovedsakelig norske \u2013 samt yter r\u00e5dgivning innen spansk eiendomsrett, s\u00e6rlig for norske kunder i Alicante-omr\u00e5det.  <\/p>\t\t\t\t\t\t\t\t<\/div>\n\t\t\t\t<\/div>\n\t\t\t\t<\/div>\n\t\t<div class=\"elementor-element elementor-element-b639549 e-con-full e-flex e-con e-child\" data-id=\"b639549\" data-element_type=\"container\" data-e-type=\"container\">\n\t\t\t\t<div class=\"elementor-element elementor-element-962c6a2 elementor-widget-divider--view-line elementor-widget elementor-widget-divider\" data-id=\"962c6a2\" data-element_type=\"widget\" data-e-type=\"widget\" data-widget_type=\"divider.default\">\n\t\t\t\t\t\t\t<div class=\"elementor-divider\">\n\t\t\t<span class=\"elementor-divider-separator\">\n\t\t\t\t\t\t<\/span>\n\t\t<\/div>\n\t\t\t\t\t\t<\/div>\n\t\t\t\t<\/div>\n\t\t\t\t\t<\/div>\n\t\t\t\t<\/div>\n\t\t<div class=\"elementor-element elementor-element-99e6150 e-flex e-con-boxed e-con e-parent\" data-id=\"99e6150\" data-element_type=\"container\" data-e-type=\"container\">\n\t\t\t\t\t<div class=\"e-con-inner\">\n\t\t<div class=\"elementor-element elementor-element-d2ab8d7 e-con-full e-flex e-con e-child\" data-id=\"d2ab8d7\" data-element_type=\"container\" data-e-type=\"container\">\n\t\t\t\t<div class=\"elementor-element elementor-element-8bd0978 elementor-widget elementor-widget-heading\" data-id=\"8bd0978\" data-element_type=\"widget\" data-e-type=\"widget\" data-widget_type=\"heading.default\">\n\t\t\t\t\t<h2 class=\"elementor-heading-title elementor-size-default\">Utdanning:\n\n<\/h2>\t\t\t\t<\/div>\n\t\t\t\t<div class=\"elementor-element elementor-element-e474157 elementor-widget elementor-widget-text-editor\" data-id=\"e474157\" data-element_type=\"widget\" data-e-type=\"widget\" data-widget_type=\"text-editor.default\">\n\t\t\t\t\t\t\t\t\t<ul><li>Juridisk utdanning, Universitat Pompeu Fabra, Barcelona<\/li><li>Jus, H\u00f8gskolen i Innlandet, Norge (ett \u00e5rs studier med introduksjon til norsk rett)<\/li><\/ul>\t\t\t\t\t\t\t\t<\/div>\n\t\t\t\t<\/div>\n\t\t<div class=\"elementor-element elementor-element-03e17ad e-con-full e-flex e-con e-child\" data-id=\"03e17ad\" data-element_type=\"container\" data-e-type=\"container\">\n\t\t\t\t<div class=\"elementor-element elementor-element-0d8245d elementor-widget elementor-widget-heading\" data-id=\"0d8245d\" data-element_type=\"widget\" data-e-type=\"widget\" data-widget_type=\"heading.default\">\n\t\t\t\t\t<h2 class=\"elementor-heading-title elementor-size-default\">Erfaring:\n\n<\/h2>\t\t\t\t<\/div>\n\t\t\t\t<div class=\"elementor-element elementor-element-bd2be96 elementor-widget elementor-widget-text-editor\" data-id=\"bd2be96\" data-element_type=\"widget\" data-e-type=\"widget\" data-widget_type=\"text-editor.default\">\n\t\t\t\t\t\t\t\t\t<ul><li>Arbeider hos Zafo Law med skandinaviske kunder, s\u00e6rlig norske.<\/li><\/ul>\t\t\t\t\t\t\t\t<\/div>\n\t\t\t\t<\/div>\n\t\t<div class=\"elementor-element elementor-element-11b4734 e-con-full e-flex e-con e-child\" data-id=\"11b4734\" data-element_type=\"container\" data-e-type=\"container\">\n\t\t\t\t<\/div>\n\t\t<div class=\"elementor-element elementor-element-22e20f1 e-con-full e-flex e-con e-child\" data-id=\"22e20f1\" data-element_type=\"container\" data-e-type=\"container\">\n\t\t\t\t<\/div>\n\t\t\t\t\t<\/div>\n\t\t\t\t<\/div>\n\t\t<div class=\"elementor-element elementor-element-29fe471 e-flex e-con-boxed e-con e-parent\" data-id=\"29fe471\" data-element_type=\"container\" data-e-type=\"container\">\n\t\t\t\t\t<div class=\"e-con-inner\">\n\t\t<div class=\"elementor-element elementor-element-87925f4 e-con-full e-flex e-con e-child\" data-id=\"87925f4\" data-element_type=\"container\" data-e-type=\"container\">\n\t\t\t\t<div class=\"elementor-element elementor-element-b3de563 elementor-align-right elementor-widget elementor-widget-button\" data-id=\"b3de563\" data-element_type=\"widget\" data-e-type=\"widget\" data-widget_type=\"button.default\">\n\t\t\t\t\t\t\t\t\t\t<a class=\"elementor-button elementor-button-link elementor-size-sm\" href=\"https:\/\/zafolaw.com\/no\/medarbejdere\/\">\n\t\t\t\t\t\t<span class=\"elementor-button-content-wrapper\">\n\t\t\t\t\t\t\t\t\t<span class=\"elementor-button-text\">Tilbake til team<\/span>\n\t\t\t\t\t<\/span>\n\t\t\t\t\t<\/a>\n\t\t\t\t\t\t\t\t<\/div>\n\t\t\t\t<\/div>\n\t\t\t\t\t<\/div>\n\t\t\t\t<\/div>\n\t\t\t\t<\/div>\n\t\t","protected":false},"excerpt":{"rendered":"<p>Les om Pau Angelina Rodr\u00edguez, spansk advokat hos Zafo Law med erfaring innen selskapsrett og r\u00e5dgivning til internasjonale klienter i Spania.<\/p>\n","protected":false},"author":1,"featured_media":13169,"parent":13171,"menu_order":0,"comment_status":"closed","ping_status":"closed","template":"","meta":{"footnotes":""},"class_list":["post-13168","page","type-page","status-publish","has-post-thumbnail","hentry"],"yoast_head":"<!-- This site is optimized with the Yoast SEO plugin v27.4 - https:\/\/yoast.com\/product\/yoast-seo-wordpress\/ -->\n<title>Pau Angelina Rodr\u00edguez | Spansk jurist | Zafo Law<\/title>\n<meta name=\"description\" content=\"Les om Pau Angelina Rodr\u00edguez, spansk advokat hos Zafo Law med erfaring innen selskapsrett og r\u00e5dgivning til internasjonale klienter i Spania.\" \/>\n<meta name=\"robots\" content=\"index, follow, max-snippet:-1, max-image-preview:large, max-video-preview:-1\" \/>\n<link rel=\"canonical\" href=\"https:\/\/zafolaw.com\/no\/om-oss\/medarbejdere\/pau-angelina-rodriguez\/\" \/>\n<meta property=\"og:locale\" content=\"nb_NO\" \/>\n<meta property=\"og:type\" content=\"article\" \/>\n<meta property=\"og:title\" content=\"Pau Angelina Rodr\u00edguez | Spansk jurist | Zafo Law\" \/>\n<meta property=\"og:description\" content=\"Les om Pau Angelina Rodr\u00edguez, spansk advokat hos Zafo Law med erfaring innen selskapsrett og r\u00e5dgivning til internasjonale klienter i Spania.\" \/>\n<meta property=\"og:url\" content=\"https:\/\/zafolaw.com\/no\/om-oss\/medarbejdere\/pau-angelina-rodriguez\/\" \/>\n<meta property=\"og:site_name\" content=\"Zafo Law\" \/>\n<meta property=\"article:modified_time\" content=\"2026-03-23T15:48:57+00:00\" \/>\n<meta property=\"og:image\" content=\"https:\/\/zafolaw.com\/wp-content\/uploads\/2025\/12\/ZAFO-LAW-2945-Editar-scaled-e1766577720368.jpg\" \/>\n\t<meta property=\"og:image:width\" content=\"600\" \/>\n\t<meta property=\"og:image:height\" content=\"600\" \/>\n\t<meta property=\"og:image:type\" content=\"image\/jpeg\" \/>\n<meta name=\"twitter:card\" content=\"summary_large_image\" \/>\n<meta name=\"twitter:label1\" content=\"Ansl. lesetid\" \/>\n\t<meta name=\"twitter:data1\" content=\"1 minutt\" \/>\n<script type=\"application\/ld+json\" class=\"yoast-schema-graph\">{\"@context\":\"https:\\\/\\\/schema.org\",\"@graph\":[{\"@type\":\"WebPage\",\"@id\":\"https:\\\/\\\/zafolaw.com\\\/no\\\/om-oss\\\/medarbejdere\\\/pau-angelina-rodriguez\\\/\",\"url\":\"https:\\\/\\\/zafolaw.com\\\/no\\\/om-oss\\\/medarbejdere\\\/pau-angelina-rodriguez\\\/\",\"name\":\"Pau Angelina Rodr\u00edguez | Spansk jurist | Zafo Law\",\"isPartOf\":{\"@id\":\"https:\\\/\\\/zafolaw.com\\\/no\\\/#website\"},\"primaryImageOfPage\":{\"@id\":\"https:\\\/\\\/zafolaw.com\\\/no\\\/om-oss\\\/medarbejdere\\\/pau-angelina-rodriguez\\\/#primaryimage\"},\"image\":{\"@id\":\"https:\\\/\\\/zafolaw.com\\\/no\\\/om-oss\\\/medarbejdere\\\/pau-angelina-rodriguez\\\/#primaryimage\"},\"thumbnailUrl\":\"https:\\\/\\\/zafolaw.com\\\/wp-content\\\/uploads\\\/2025\\\/12\\\/ZAFO-LAW-2945-Editar-scaled-e1766577720368.jpg\",\"datePublished\":\"2026-01-05T11:45:32+00:00\",\"dateModified\":\"2026-03-23T15:48:57+00:00\",\"description\":\"Les om Pau Angelina Rodr\u00edguez, spansk advokat hos Zafo Law med erfaring innen selskapsrett og r\u00e5dgivning til internasjonale klienter i Spania.\",\"breadcrumb\":{\"@id\":\"https:\\\/\\\/zafolaw.com\\\/no\\\/om-oss\\\/medarbejdere\\\/pau-angelina-rodriguez\\\/#breadcrumb\"},\"inLanguage\":\"nb-NO\",\"potentialAction\":[{\"@type\":\"ReadAction\",\"target\":[\"https:\\\/\\\/zafolaw.com\\\/no\\\/om-oss\\\/medarbejdere\\\/pau-angelina-rodriguez\\\/\"]}]},{\"@type\":\"ImageObject\",\"inLanguage\":\"nb-NO\",\"@id\":\"https:\\\/\\\/zafolaw.com\\\/no\\\/om-oss\\\/medarbejdere\\\/pau-angelina-rodriguez\\\/#primaryimage\",\"url\":\"https:\\\/\\\/zafolaw.com\\\/wp-content\\\/uploads\\\/2025\\\/12\\\/ZAFO-LAW-2945-Editar-scaled-e1766577720368.jpg\",\"contentUrl\":\"https:\\\/\\\/zafolaw.com\\\/wp-content\\\/uploads\\\/2025\\\/12\\\/ZAFO-LAW-2945-Editar-scaled-e1766577720368.jpg\",\"width\":600,\"height\":600,\"caption\":\"Pau Angelina Rodr\u00edguez\"},{\"@type\":\"BreadcrumbList\",\"@id\":\"https:\\\/\\\/zafolaw.com\\\/no\\\/om-oss\\\/medarbejdere\\\/pau-angelina-rodriguez\\\/#breadcrumb\",\"itemListElement\":[{\"@type\":\"ListItem\",\"position\":1,\"name\":\"Hjem\",\"item\":\"https:\\\/\\\/zafolaw.com\\\/no\\\/\"},{\"@type\":\"ListItem\",\"position\":2,\"name\":\"Om oss\",\"item\":\"https:\\\/\\\/zafolaw.com\\\/no\\\/om-oss\\\/\"},{\"@type\":\"ListItem\",\"position\":3,\"name\":\"Medarbejdere\",\"item\":\"https:\\\/\\\/zafolaw.com\\\/no\\\/om-oss\\\/medarbejdere\\\/\"},{\"@type\":\"ListItem\",\"position\":4,\"name\":\"Pau Angelina Rodr\u00edguez\"}]},{\"@type\":\"WebSite\",\"@id\":\"https:\\\/\\\/zafolaw.com\\\/no\\\/#website\",\"url\":\"https:\\\/\\\/zafolaw.com\\\/no\\\/\",\"name\":\"Zafo Law\",\"description\":\"Friend of Scandinavia\",\"publisher\":{\"@id\":\"https:\\\/\\\/zafolaw.com\\\/no\\\/#organization\"},\"potentialAction\":[{\"@type\":\"SearchAction\",\"target\":{\"@type\":\"EntryPoint\",\"urlTemplate\":\"https:\\\/\\\/zafolaw.com\\\/no\\\/?s={search_term_string}\"},\"query-input\":{\"@type\":\"PropertyValueSpecification\",\"valueRequired\":true,\"valueName\":\"search_term_string\"}}],\"inLanguage\":\"nb-NO\"},{\"@type\":\"Organization\",\"@id\":\"https:\\\/\\\/zafolaw.com\\\/no\\\/#organization\",\"name\":\"Zafo Law\",\"url\":\"https:\\\/\\\/zafolaw.com\\\/no\\\/\",\"logo\":{\"@type\":\"ImageObject\",\"inLanguage\":\"nb-NO\",\"@id\":\"https:\\\/\\\/zafolaw.com\\\/no\\\/#\\\/schema\\\/logo\\\/image\\\/\",\"url\":\"https:\\\/\\\/zafolaw.com\\\/wp-content\\\/uploads\\\/2025\\\/11\\\/zafolaw-logo-small.svg\",\"contentUrl\":\"https:\\\/\\\/zafolaw.com\\\/wp-content\\\/uploads\\\/2025\\\/11\\\/zafolaw-logo-small.svg\",\"width\":182,\"height\":40,\"caption\":\"Zafo Law\"},\"image\":{\"@id\":\"https:\\\/\\\/zafolaw.com\\\/no\\\/#\\\/schema\\\/logo\\\/image\\\/\"},\"sameAs\":[\"https:\\\/\\\/www.linkedin.com\\\/company\\\/zafo-law\"]}]}<\/script>\n<!-- \/ Yoast SEO plugin. -->","yoast_head_json":{"title":"Pau Angelina Rodr\u00edguez | Spansk jurist | Zafo Law","description":"Les om Pau Angelina Rodr\u00edguez, spansk advokat hos Zafo Law med erfaring innen selskapsrett og r\u00e5dgivning til internasjonale klienter i Spania.","robots":{"index":"index","follow":"follow","max-snippet":"max-snippet:-1","max-image-preview":"max-image-preview:large","max-video-preview":"max-video-preview:-1"},"canonical":"https:\/\/zafolaw.com\/no\/om-oss\/medarbejdere\/pau-angelina-rodriguez\/","og_locale":"nb_NO","og_type":"article","og_title":"Pau Angelina Rodr\u00edguez | Spansk jurist | Zafo Law","og_description":"Les om Pau Angelina Rodr\u00edguez, spansk advokat hos Zafo Law med erfaring innen selskapsrett og r\u00e5dgivning til internasjonale klienter i Spania.","og_url":"https:\/\/zafolaw.com\/no\/om-oss\/medarbejdere\/pau-angelina-rodriguez\/","og_site_name":"Zafo Law","article_modified_time":"2026-03-23T15:48:57+00:00","og_image":[{"width":600,"height":600,"url":"https:\/\/zafolaw.com\/wp-content\/uploads\/2025\/12\/ZAFO-LAW-2945-Editar-scaled-e1766577720368.jpg","type":"image\/jpeg"}],"twitter_card":"summary_large_image","twitter_misc":{"Ansl. lesetid":"1 minutt"},"schema":{"@context":"https:\/\/schema.org","@graph":[{"@type":"WebPage","@id":"https:\/\/zafolaw.com\/no\/om-oss\/medarbejdere\/pau-angelina-rodriguez\/","url":"https:\/\/zafolaw.com\/no\/om-oss\/medarbejdere\/pau-angelina-rodriguez\/","name":"Pau Angelina Rodr\u00edguez | Spansk jurist | Zafo Law","isPartOf":{"@id":"https:\/\/zafolaw.com\/no\/#website"},"primaryImageOfPage":{"@id":"https:\/\/zafolaw.com\/no\/om-oss\/medarbejdere\/pau-angelina-rodriguez\/#primaryimage"},"image":{"@id":"https:\/\/zafolaw.com\/no\/om-oss\/medarbejdere\/pau-angelina-rodriguez\/#primaryimage"},"thumbnailUrl":"https:\/\/zafolaw.com\/wp-content\/uploads\/2025\/12\/ZAFO-LAW-2945-Editar-scaled-e1766577720368.jpg","datePublished":"2026-01-05T11:45:32+00:00","dateModified":"2026-03-23T15:48:57+00:00","description":"Les om Pau Angelina Rodr\u00edguez, spansk advokat hos Zafo Law med erfaring innen selskapsrett og r\u00e5dgivning til internasjonale klienter i Spania.","breadcrumb":{"@id":"https:\/\/zafolaw.com\/no\/om-oss\/medarbejdere\/pau-angelina-rodriguez\/#breadcrumb"},"inLanguage":"nb-NO","potentialAction":[{"@type":"ReadAction","target":["https:\/\/zafolaw.com\/no\/om-oss\/medarbejdere\/pau-angelina-rodriguez\/"]}]},{"@type":"ImageObject","inLanguage":"nb-NO","@id":"https:\/\/zafolaw.com\/no\/om-oss\/medarbejdere\/pau-angelina-rodriguez\/#primaryimage","url":"https:\/\/zafolaw.com\/wp-content\/uploads\/2025\/12\/ZAFO-LAW-2945-Editar-scaled-e1766577720368.jpg","contentUrl":"https:\/\/zafolaw.com\/wp-content\/uploads\/2025\/12\/ZAFO-LAW-2945-Editar-scaled-e1766577720368.jpg","width":600,"height":600,"caption":"Pau Angelina Rodr\u00edguez"},{"@type":"BreadcrumbList","@id":"https:\/\/zafolaw.com\/no\/om-oss\/medarbejdere\/pau-angelina-rodriguez\/#breadcrumb","itemListElement":[{"@type":"ListItem","position":1,"name":"Hjem","item":"https:\/\/zafolaw.com\/no\/"},{"@type":"ListItem","position":2,"name":"Om oss","item":"https:\/\/zafolaw.com\/no\/om-oss\/"},{"@type":"ListItem","position":3,"name":"Medarbejdere","item":"https:\/\/zafolaw.com\/no\/om-oss\/medarbejdere\/"},{"@type":"ListItem","position":4,"name":"Pau Angelina Rodr\u00edguez"}]},{"@type":"WebSite","@id":"https:\/\/zafolaw.com\/no\/#website","url":"https:\/\/zafolaw.com\/no\/","name":"Zafo Law","description":"Friend of Scandinavia","publisher":{"@id":"https:\/\/zafolaw.com\/no\/#organization"},"potentialAction":[{"@type":"SearchAction","target":{"@type":"EntryPoint","urlTemplate":"https:\/\/zafolaw.com\/no\/?s={search_term_string}"},"query-input":{"@type":"PropertyValueSpecification","valueRequired":true,"valueName":"search_term_string"}}],"inLanguage":"nb-NO"},{"@type":"Organization","@id":"https:\/\/zafolaw.com\/no\/#organization","name":"Zafo Law","url":"https:\/\/zafolaw.com\/no\/","logo":{"@type":"ImageObject","inLanguage":"nb-NO","@id":"https:\/\/zafolaw.com\/no\/#\/schema\/logo\/image\/","url":"https:\/\/zafolaw.com\/wp-content\/uploads\/2025\/11\/zafolaw-logo-small.svg","contentUrl":"https:\/\/zafolaw.com\/wp-content\/uploads\/2025\/11\/zafolaw-logo-small.svg","width":182,"height":40,"caption":"Zafo Law"},"image":{"@id":"https:\/\/zafolaw.com\/no\/#\/schema\/logo\/image\/"},"sameAs":["https:\/\/www.linkedin.com\/company\/zafo-law"]}]}},"_links":{"self":[{"href":"https:\/\/zafolaw.com\/no\/wp-json\/wp\/v2\/pages\/13168","targetHints":{"allow":["GET"]}}],"collection":[{"href":"https:\/\/zafolaw.com\/no\/wp-json\/wp\/v2\/pages"}],"about":[{"href":"https:\/\/zafolaw.com\/no\/wp-json\/wp\/v2\/types\/page"}],"author":[{"embeddable":true,"href":"https:\/\/zafolaw.com\/no\/wp-json\/wp\/v2\/users\/1"}],"replies":[{"embeddable":true,"href":"https:\/\/zafolaw.com\/no\/wp-json\/wp\/v2\/comments?post=13168"}],"version-history":[{"count":2,"href":"https:\/\/zafolaw.com\/no\/wp-json\/wp\/v2\/pages\/13168\/revisions"}],"predecessor-version":[{"id":13209,"href":"https:\/\/zafolaw.com\/no\/wp-json\/wp\/v2\/pages\/13168\/revisions\/13209"}],"up":[{"embeddable":true,"href":"https:\/\/zafolaw.com\/no\/wp-json\/wp\/v2\/pages\/13171"}],"wp:featuredmedia":[{"embeddable":true,"href":"https:\/\/zafolaw.com\/no\/wp-json\/wp\/v2\/media\/13169"}],"wp:attachment":[{"href":"https:\/\/zafolaw.com\/no\/wp-json\/wp\/v2\/media?parent=13168"}],"curies":[{"name":"wp","href":"https:\/\/api.w.org\/{rel}","templated":true}]}}