{"id":13164,"date":"2025-12-04T23:41:59","date_gmt":"2025-12-04T22:41:59","guid":{"rendered":"https:\/\/zafolaw.com\/gema-maria-zambrano-garcia\/"},"modified":"2026-03-23T16:48:56","modified_gmt":"2026-03-23T15:48:56","slug":"gema-maria-zambrano-garcia","status":"publish","type":"page","link":"https:\/\/zafolaw.com\/no\/om-oss\/medarbejdere\/gema-maria-zambrano-garcia\/","title":{"rendered":"Gema Mar\u00eda Zambrano Garc\u00eda"},"content":{"rendered":"\t\t<div data-elementor-type=\"wp-page\" data-elementor-id=\"13164\" class=\"elementor elementor-13164 elementor-7475\" data-elementor-post-type=\"page\">\n\t\t\t\t<div class=\"elementor-element elementor-element-db91593 e-con-full e-flex e-con e-parent\" data-id=\"db91593\" data-element_type=\"container\" data-e-type=\"container\">\n\t\t<div class=\"elementor-element elementor-element-5786f70 e-con-full e-flex e-con e-child\" data-id=\"5786f70\" data-element_type=\"container\" data-e-type=\"container\">\n\t\t<div class=\"elementor-element elementor-element-fc7254e e-flex e-con-boxed e-con e-child\" data-id=\"fc7254e\" data-element_type=\"container\" data-e-type=\"container\" data-settings=\"{&quot;background_background&quot;:&quot;gradient&quot;}\">\n\t\t\t\t\t<div class=\"e-con-inner\">\n\t\t<div class=\"elementor-element elementor-element-56c0bff e-con-full e-flex e-con e-child\" data-id=\"56c0bff\" data-element_type=\"container\" data-e-type=\"container\" data-settings=\"{&quot;background_background&quot;:&quot;classic&quot;}\">\n\t\t<div class=\"elementor-element elementor-element-3c9ac92 e-con-full e-flex e-con e-child\" data-id=\"3c9ac92\" data-element_type=\"container\" data-e-type=\"container\">\n\t\t\t\t<div class=\"elementor-element elementor-element-101659f elementor-widget elementor-widget-text-editor\" data-id=\"101659f\" data-element_type=\"widget\" data-e-type=\"widget\" data-widget_type=\"text-editor.default\">\n\t\t\t\t\t\t\t\t\t<p>Arbeidslivskonsulent og administrator<\/p>\t\t\t\t\t\t\t\t<\/div>\n\t\t\t\t<\/div>\n\t\t<div class=\"elementor-element elementor-element-65ec774 e-con-full e-flex e-con e-child\" data-id=\"65ec774\" data-element_type=\"container\" data-e-type=\"container\">\n\t\t\t\t<div class=\"elementor-element elementor-element-f7bee70 elementor-widget elementor-widget-image\" data-id=\"f7bee70\" data-element_type=\"widget\" data-e-type=\"widget\" data-widget_type=\"image.default\">\n\t\t\t\t\t\t\t\t\t\t\t\t\t\t\t\t<a href=\"mailto:gzg@zafolaw.com\">\n\t\t\t\t\t\t\t<img decoding=\"async\" width=\"34\" height=\"31\" src=\"https:\/\/zafolaw.com\/wp-content\/uploads\/2025\/12\/mail-reply.svg\" class=\"attachment-large size-large wp-image-13174\" alt=\"\" \/>\t\t\t\t\t\t\t\t<\/a>\n\t\t\t\t\t\t\t\t\t\t\t\t\t\t\t<\/div>\n\t\t\t\t<div class=\"elementor-element elementor-element-7d82f7d elementor-widget elementor-widget-image\" data-id=\"7d82f7d\" data-element_type=\"widget\" data-e-type=\"widget\" data-widget_type=\"image.default\">\n\t\t\t\t\t\t\t\t\t\t\t\t\t\t\t\t<a href=\"tel:+34%20932%20389%20300\">\n\t\t\t\t\t\t\t<img decoding=\"async\" width=\"30\" height=\"30\" src=\"https:\/\/zafolaw.com\/wp-content\/uploads\/2025\/12\/phone-voice.svg\" class=\"attachment-large size-large wp-image-13175\" alt=\"\" \/>\t\t\t\t\t\t\t\t<\/a>\n\t\t\t\t\t\t\t\t\t\t\t\t\t\t\t<\/div>\n\t\t\t\t<\/div>\n\t\t\t\t<\/div>\n\t\t<div class=\"elementor-element elementor-element-bb67206 e-con-full e-flex e-con e-child\" data-id=\"bb67206\" data-element_type=\"container\" data-e-type=\"container\">\n\t\t\t\t<div class=\"elementor-element elementor-element-0a68339 elementor-hidden-desktop elementor-hidden-tablet elementor-widget elementor-widget-image\" data-id=\"0a68339\" data-element_type=\"widget\" data-e-type=\"widget\" data-widget_type=\"image.default\">\n\t\t\t\t\t\t\t\t\t\t\t\t\t\t\t<img fetchpriority=\"high\" decoding=\"async\" width=\"600\" height=\"900\" src=\"https:\/\/zafolaw.com\/wp-content\/uploads\/2025\/12\/Gema-Maria-Zambrano-Garcia-Zafo-Law.jpeg\" class=\"attachment-large size-large wp-image-13185\" alt=\"\" srcset=\"https:\/\/zafolaw.com\/wp-content\/uploads\/2025\/12\/Gema-Maria-Zambrano-Garcia-Zafo-Law.jpeg 600w, https:\/\/zafolaw.com\/wp-content\/uploads\/2025\/12\/Gema-Maria-Zambrano-Garcia-Zafo-Law-200x300.jpeg 200w\" sizes=\"(max-width: 600px) 100vw, 600px\" \/>\t\t\t\t\t\t\t\t\t\t\t\t\t\t\t<\/div>\n\t\t\t\t<div class=\"elementor-element elementor-element-85f0a06 elementor-absolute elementor-hidden-mobile elementor-widget elementor-widget-image\" data-id=\"85f0a06\" data-element_type=\"widget\" data-e-type=\"widget\" data-settings=\"{&quot;_position&quot;:&quot;absolute&quot;}\" data-widget_type=\"image.default\">\n\t\t\t\t\t\t\t\t\t\t\t\t\t\t\t<img fetchpriority=\"high\" decoding=\"async\" width=\"600\" height=\"900\" src=\"https:\/\/zafolaw.com\/wp-content\/uploads\/2025\/12\/Gema-Maria-Zambrano-Garcia-Zafo-Law.jpeg\" class=\"attachment-large size-large wp-image-13185\" alt=\"\" srcset=\"https:\/\/zafolaw.com\/wp-content\/uploads\/2025\/12\/Gema-Maria-Zambrano-Garcia-Zafo-Law.jpeg 600w, https:\/\/zafolaw.com\/wp-content\/uploads\/2025\/12\/Gema-Maria-Zambrano-Garcia-Zafo-Law-200x300.jpeg 200w\" sizes=\"(max-width: 600px) 100vw, 600px\" \/>\t\t\t\t\t\t\t\t\t\t\t\t\t\t\t<\/div>\n\t\t\t\t<\/div>\n\t\t\t\t\t<\/div>\n\t\t\t\t<\/div>\n\t\t\t\t<\/div>\n\t\t\t\t<\/div>\n\t\t<div class=\"elementor-element elementor-element-73cda6bc e-flex e-con-boxed e-con e-parent\" data-id=\"73cda6bc\" data-element_type=\"container\" data-e-type=\"container\">\n\t\t\t\t\t<div class=\"e-con-inner\">\n\t\t<div class=\"elementor-element elementor-element-43a3491d e-con-full e-flex e-con e-child\" data-id=\"43a3491d\" data-element_type=\"container\" data-e-type=\"container\">\n\t\t<div class=\"elementor-element elementor-element-43adaaf2 e-con-full e-flex e-con e-child\" data-id=\"43adaaf2\" data-element_type=\"container\" data-e-type=\"container\">\n\t\t\t\t<div class=\"elementor-element elementor-element-3e2e9d40 elementor-widget elementor-widget-heading\" data-id=\"3e2e9d40\" data-element_type=\"widget\" data-e-type=\"widget\" data-widget_type=\"heading.default\">\n\t\t\t\t\t<h2 class=\"elementor-heading-title elementor-size-default\">Avdeling:  \n<\/h2>\t\t\t\t<\/div>\n\t\t\t\t<div class=\"elementor-element elementor-element-58903d53 elementor-widget elementor-widget-text-editor\" data-id=\"58903d53\" data-element_type=\"widget\" data-e-type=\"widget\" data-widget_type=\"text-editor.default\">\n\t\t\t\t\t\t\t\t\t<p>Barcelona<\/p>\t\t\t\t\t\t\t\t<\/div>\n\t\t\t\t<\/div>\n\t\t<div class=\"elementor-element elementor-element-412812b8 e-con-full e-flex e-con e-child\" data-id=\"412812b8\" data-element_type=\"container\" data-e-type=\"container\">\n\t\t\t\t<div class=\"elementor-element elementor-element-5093ef43 elementor-widget elementor-widget-heading\" data-id=\"5093ef43\" data-element_type=\"widget\" data-e-type=\"widget\" data-widget_type=\"heading.default\">\n\t\t\t\t\t<h2 class=\"elementor-heading-title elementor-size-default\">Spr\u00e5k:  <\/h2>\t\t\t\t<\/div>\n\t\t<div class=\"elementor-element elementor-element-637e9ab9 e-con-full e-flex e-con e-child\" data-id=\"637e9ab9\" data-element_type=\"container\" data-e-type=\"container\">\n\t\t\t\t<div class=\"elementor-element elementor-element-798b498e elementor-widget elementor-widget-image\" data-id=\"798b498e\" data-element_type=\"widget\" data-e-type=\"widget\" data-widget_type=\"image.default\">\n\t\t\t\t\t\t\t\t\t\t\t\t\t\t\t<img loading=\"lazy\" decoding=\"async\" width=\"114\" height=\"100\" src=\"https:\/\/zafolaw.com\/wp-content\/uploads\/2020\/02\/sprog-en.png\" class=\"attachment-large size-large wp-image-4877\" alt=\"\" \/>\t\t\t\t\t\t\t\t\t\t\t\t\t\t\t<\/div>\n\t\t\t\t<div class=\"elementor-element elementor-element-53be6932 elementor-widget elementor-widget-image\" data-id=\"53be6932\" data-element_type=\"widget\" data-e-type=\"widget\" data-widget_type=\"image.default\">\n\t\t\t\t\t\t\t\t\t\t\t\t\t\t\t<img loading=\"lazy\" decoding=\"async\" width=\"114\" height=\"100\" src=\"https:\/\/zafolaw.com\/wp-content\/uploads\/2020\/02\/sprog-es.png\" class=\"attachment-large size-large wp-image-4881\" alt=\"\" \/>\t\t\t\t\t\t\t\t\t\t\t\t\t\t\t<\/div>\n\t\t\t\t<div class=\"elementor-element elementor-element-38ac0574 elementor-widget elementor-widget-image\" data-id=\"38ac0574\" data-element_type=\"widget\" data-e-type=\"widget\" data-widget_type=\"image.default\">\n\t\t\t\t\t\t\t\t\t\t\t\t\t\t\t<img loading=\"lazy\" decoding=\"async\" width=\"114\" height=\"100\" src=\"https:\/\/zafolaw.com\/wp-content\/uploads\/2020\/03\/sprog-ct.png\" class=\"attachment-large size-large wp-image-4937\" alt=\"\" \/>\t\t\t\t\t\t\t\t\t\t\t\t\t\t\t<\/div>\n\t\t\t\t<\/div>\n\t\t\t\t<\/div>\n\t\t\t\t<\/div>\n\t\t<div class=\"elementor-element elementor-element-21c6f174 e-con-full e-flex e-con e-child\" data-id=\"21c6f174\" data-element_type=\"container\" data-e-type=\"container\">\n\t\t<div class=\"elementor-element elementor-element-377d25fc e-con-full e-flex e-con e-child\" data-id=\"377d25fc\" data-element_type=\"container\" data-e-type=\"container\">\n\t\t\t\t<div class=\"elementor-element elementor-element-3cf40f23 elementor-widget elementor-widget-heading\" data-id=\"3cf40f23\" data-element_type=\"widget\" data-e-type=\"widget\" data-widget_type=\"heading.default\">\n\t\t\t\t\t<h2 class=\"elementor-heading-title elementor-size-default\">Arbeidsomr\u00e5der:  \n<\/h2>\t\t\t\t<\/div>\n\t\t\t\t<div class=\"elementor-element elementor-element-57638499 elementor-widget elementor-widget-text-editor\" data-id=\"57638499\" data-element_type=\"widget\" data-e-type=\"widget\" data-widget_type=\"text-editor.default\">\n\t\t\t\t\t\t\t\t\t<p>Global Corporate Management. <br>Arbeidsrett.<\/p>\t\t\t\t\t\t\t\t<\/div>\n\t\t\t\t<\/div>\n\t\t<div class=\"elementor-element elementor-element-4d36337f e-con-full e-flex e-con e-child\" data-id=\"4d36337f\" data-element_type=\"container\" data-e-type=\"container\">\n\t\t\t\t<div class=\"elementor-element elementor-element-18eb2343 elementor-widget elementor-widget-heading\" data-id=\"18eb2343\" data-element_type=\"widget\" data-e-type=\"widget\" data-widget_type=\"heading.default\">\n\t\t\t\t\t<h2 class=\"elementor-heading-title elementor-size-default\">Profil:\n<\/h2>\t\t\t\t<\/div>\n\t\t\t\t<div class=\"elementor-element elementor-element-836e7b5 elementor-widget elementor-widget-text-editor\" data-id=\"836e7b5\" data-element_type=\"widget\" data-e-type=\"widget\" data-widget_type=\"text-editor.default\">\n\t\t\t\t\t\t\t\t\t<p>Gema Mar\u00eda Zambrano Garc\u00eda er arbeidslivskonsulent med spesialisering i l\u00f8nnsarbeid, betalingssystemer, arbeidsavtaler, oppsigelser og trygdeprosedyrer. Hun har s\u00e6rlig erfaring med internasjonale kunder, immigrasjonsprosesser for h\u00f8yt kvalifiserte arbeidstakere samt utvikling av likestillingsplaner i samsvar med gjeldende spansk arbeidslovgivning.  <\/p>\t\t\t\t\t\t\t\t<\/div>\n\t\t\t\t<\/div>\n\t\t\t\t<\/div>\n\t\t<div class=\"elementor-element elementor-element-6b303cc e-con-full e-flex e-con e-child\" data-id=\"6b303cc\" data-element_type=\"container\" data-e-type=\"container\">\n\t\t\t\t<div class=\"elementor-element elementor-element-80ee313 elementor-widget-divider--view-line elementor-widget elementor-widget-divider\" data-id=\"80ee313\" data-element_type=\"widget\" data-e-type=\"widget\" data-widget_type=\"divider.default\">\n\t\t\t\t\t\t\t<div class=\"elementor-divider\">\n\t\t\t<span class=\"elementor-divider-separator\">\n\t\t\t\t\t\t<\/span>\n\t\t<\/div>\n\t\t\t\t\t\t<\/div>\n\t\t\t\t<\/div>\n\t\t\t\t\t<\/div>\n\t\t\t\t<\/div>\n\t\t<div class=\"elementor-element elementor-element-7763c9d5 e-flex e-con-boxed e-con e-parent\" data-id=\"7763c9d5\" data-element_type=\"container\" data-e-type=\"container\">\n\t\t\t\t\t<div class=\"e-con-inner\">\n\t\t<div class=\"elementor-element elementor-element-7fd8d95f e-con-full e-flex e-con e-child\" data-id=\"7fd8d95f\" data-element_type=\"container\" data-e-type=\"container\">\n\t\t\t\t<div class=\"elementor-element elementor-element-5143a9f7 elementor-widget elementor-widget-heading\" data-id=\"5143a9f7\" data-element_type=\"widget\" data-e-type=\"widget\" data-widget_type=\"heading.default\">\n\t\t\t\t\t<h2 class=\"elementor-heading-title elementor-size-default\">Utdanning:\n\n<\/h2>\t\t\t\t<\/div>\n\t\t\t\t<div class=\"elementor-element elementor-element-79fa7c54 elementor-widget elementor-widget-text-editor\" data-id=\"79fa7c54\" data-element_type=\"widget\" data-e-type=\"widget\" data-widget_type=\"text-editor.default\">\n\t\t\t\t\t\t\t\t\t<ul><li>Bachelorgrad i arbeidslivsrelasjoner, Universitetet i Barcelona <\/li><\/ul>\t\t\t\t\t\t\t\t<\/div>\n\t\t\t\t<\/div>\n\t\t<div class=\"elementor-element elementor-element-244832e9 e-con-full e-flex e-con e-child\" data-id=\"244832e9\" data-element_type=\"container\" data-e-type=\"container\">\n\t\t\t\t<div class=\"elementor-element elementor-element-594fc3b9 elementor-widget elementor-widget-heading\" data-id=\"594fc3b9\" data-element_type=\"widget\" data-e-type=\"widget\" data-widget_type=\"heading.default\">\n\t\t\t\t\t<h2 class=\"elementor-heading-title elementor-size-default\">Erfaring:\n\n<\/h2>\t\t\t\t<\/div>\n\t\t\t\t<div class=\"elementor-element elementor-element-e2737c6 elementor-widget elementor-widget-text-editor\" data-id=\"e2737c6\" data-element_type=\"widget\" data-e-type=\"widget\" data-widget_type=\"text-editor.default\">\n\t\t\t\t\t\t\t\t\t<ul><li>Arbeidslivskonsulent og administrator, Zafo Law<\/li><\/ul>\t\t\t\t\t\t\t\t<\/div>\n\t\t\t\t<\/div>\n\t\t<div class=\"elementor-element elementor-element-12041d07 e-con-full e-flex e-con e-child\" data-id=\"12041d07\" data-element_type=\"container\" data-e-type=\"container\">\n\t\t\t\t<\/div>\n\t\t<div class=\"elementor-element elementor-element-7116e1ba e-con-full e-flex e-con e-child\" data-id=\"7116e1ba\" data-element_type=\"container\" data-e-type=\"container\">\n\t\t\t\t<\/div>\n\t\t\t\t\t<\/div>\n\t\t\t\t<\/div>\n\t\t<div class=\"elementor-element elementor-element-9413e46 e-flex e-con-boxed e-con e-parent\" data-id=\"9413e46\" data-element_type=\"container\" data-e-type=\"container\">\n\t\t\t\t\t<div class=\"e-con-inner\">\n\t\t<div class=\"elementor-element elementor-element-8039c18 e-con-full e-flex e-con e-child\" data-id=\"8039c18\" data-element_type=\"container\" data-e-type=\"container\">\n\t\t\t\t<div class=\"elementor-element elementor-element-8a7cdd3 elementor-align-right elementor-widget elementor-widget-button\" data-id=\"8a7cdd3\" data-element_type=\"widget\" data-e-type=\"widget\" data-widget_type=\"button.default\">\n\t\t\t\t\t\t\t\t\t\t<a class=\"elementor-button elementor-button-link elementor-size-sm\" href=\"https:\/\/zafolaw.com\/no\/medarbejdere\/\">\n\t\t\t\t\t\t<span class=\"elementor-button-content-wrapper\">\n\t\t\t\t\t\t\t\t\t<span class=\"elementor-button-text\">Tilbake til team<\/span>\n\t\t\t\t\t<\/span>\n\t\t\t\t\t<\/a>\n\t\t\t\t\t\t\t\t<\/div>\n\t\t\t\t<\/div>\n\t\t\t\t\t<\/div>\n\t\t\t\t<\/div>\n\t\t\t\t<\/div>\n\t\t","protected":false},"excerpt":{"rendered":"<p>Les om Gema Mar\u00eda Zambrano Garc\u00eda, arbeidsrettskonsulent og administrator hos Zafo Law i Barcelona, som gir r\u00e5dgivning om arbeidsrett og bedriftsadministrasjon i Spania.<\/p>\n","protected":false},"author":1,"featured_media":0,"parent":13171,"menu_order":0,"comment_status":"closed","ping_status":"closed","template":"","meta":{"footnotes":""},"class_list":["post-13164","page","type-page","status-publish","hentry"],"yoast_head":"<!-- This site is optimized with the Yoast SEO plugin v27.4 - https:\/\/yoast.com\/product\/yoast-seo-wordpress\/ -->\n<title>Gema Mar\u00eda Zambrano Garc\u00eda | Arbeidsrettskonsulent | Zafo Law<\/title>\n<meta name=\"description\" content=\"Les om Gema Mar\u00eda Zambrano Garc\u00eda, arbeidsrettskonsulent og administrator hos Zafo Law i Barcelona, som gir r\u00e5dgivning om arbeidsrett og bedriftsadministrasjon i Spania.\" \/>\n<meta name=\"robots\" content=\"index, follow, max-snippet:-1, max-image-preview:large, max-video-preview:-1\" \/>\n<link rel=\"canonical\" href=\"https:\/\/zafolaw.com\/no\/om-oss\/medarbejdere\/gema-maria-zambrano-garcia\/\" \/>\n<meta property=\"og:locale\" content=\"nb_NO\" \/>\n<meta property=\"og:type\" content=\"article\" \/>\n<meta property=\"og:title\" content=\"Gema Mar\u00eda Zambrano Garc\u00eda | Arbeidsrettskonsulent | Zafo Law\" \/>\n<meta property=\"og:description\" content=\"Les om Gema Mar\u00eda Zambrano Garc\u00eda, arbeidsrettskonsulent og administrator hos Zafo Law i Barcelona, som gir r\u00e5dgivning om arbeidsrett og bedriftsadministrasjon i Spania.\" \/>\n<meta property=\"og:url\" content=\"https:\/\/zafolaw.com\/no\/om-oss\/medarbejdere\/gema-maria-zambrano-garcia\/\" \/>\n<meta property=\"og:site_name\" content=\"Zafo Law\" \/>\n<meta property=\"article:modified_time\" content=\"2026-03-23T15:48:56+00:00\" \/>\n<meta name=\"twitter:card\" content=\"summary_large_image\" \/>\n<script type=\"application\/ld+json\" class=\"yoast-schema-graph\">{\"@context\":\"https:\\\/\\\/schema.org\",\"@graph\":[{\"@type\":\"WebPage\",\"@id\":\"https:\\\/\\\/zafolaw.com\\\/no\\\/om-oss\\\/medarbejdere\\\/gema-maria-zambrano-garcia\\\/\",\"url\":\"https:\\\/\\\/zafolaw.com\\\/no\\\/om-oss\\\/medarbejdere\\\/gema-maria-zambrano-garcia\\\/\",\"name\":\"Gema Mar\u00eda Zambrano Garc\u00eda | Arbeidsrettskonsulent | Zafo Law\",\"isPartOf\":{\"@id\":\"https:\\\/\\\/zafolaw.com\\\/no\\\/#website\"},\"primaryImageOfPage\":{\"@id\":\"https:\\\/\\\/zafolaw.com\\\/no\\\/om-oss\\\/medarbejdere\\\/gema-maria-zambrano-garcia\\\/#primaryimage\"},\"image\":{\"@id\":\"https:\\\/\\\/zafolaw.com\\\/no\\\/om-oss\\\/medarbejdere\\\/gema-maria-zambrano-garcia\\\/#primaryimage\"},\"thumbnailUrl\":\"https:\\\/\\\/zafolaw.com\\\/wp-content\\\/uploads\\\/2025\\\/12\\\/mail-reply.svg\",\"datePublished\":\"2025-12-04T22:41:59+00:00\",\"dateModified\":\"2026-03-23T15:48:56+00:00\",\"description\":\"Les om Gema Mar\u00eda Zambrano Garc\u00eda, arbeidsrettskonsulent og administrator hos Zafo Law i Barcelona, som gir r\u00e5dgivning om arbeidsrett og bedriftsadministrasjon i Spania.\",\"breadcrumb\":{\"@id\":\"https:\\\/\\\/zafolaw.com\\\/no\\\/om-oss\\\/medarbejdere\\\/gema-maria-zambrano-garcia\\\/#breadcrumb\"},\"inLanguage\":\"nb-NO\",\"potentialAction\":[{\"@type\":\"ReadAction\",\"target\":[\"https:\\\/\\\/zafolaw.com\\\/no\\\/om-oss\\\/medarbejdere\\\/gema-maria-zambrano-garcia\\\/\"]}]},{\"@type\":\"ImageObject\",\"inLanguage\":\"nb-NO\",\"@id\":\"https:\\\/\\\/zafolaw.com\\\/no\\\/om-oss\\\/medarbejdere\\\/gema-maria-zambrano-garcia\\\/#primaryimage\",\"url\":\"https:\\\/\\\/zafolaw.com\\\/wp-content\\\/uploads\\\/2025\\\/12\\\/mail-reply.svg\",\"contentUrl\":\"https:\\\/\\\/zafolaw.com\\\/wp-content\\\/uploads\\\/2025\\\/12\\\/mail-reply.svg\"},{\"@type\":\"BreadcrumbList\",\"@id\":\"https:\\\/\\\/zafolaw.com\\\/no\\\/om-oss\\\/medarbejdere\\\/gema-maria-zambrano-garcia\\\/#breadcrumb\",\"itemListElement\":[{\"@type\":\"ListItem\",\"position\":1,\"name\":\"Hjem\",\"item\":\"https:\\\/\\\/zafolaw.com\\\/no\\\/\"},{\"@type\":\"ListItem\",\"position\":2,\"name\":\"Om oss\",\"item\":\"https:\\\/\\\/zafolaw.com\\\/no\\\/om-oss\\\/\"},{\"@type\":\"ListItem\",\"position\":3,\"name\":\"Medarbejdere\",\"item\":\"https:\\\/\\\/zafolaw.com\\\/no\\\/om-oss\\\/medarbejdere\\\/\"},{\"@type\":\"ListItem\",\"position\":4,\"name\":\"Gema Mar\u00eda Zambrano Garc\u00eda\"}]},{\"@type\":\"WebSite\",\"@id\":\"https:\\\/\\\/zafolaw.com\\\/no\\\/#website\",\"url\":\"https:\\\/\\\/zafolaw.com\\\/no\\\/\",\"name\":\"Zafo Law\",\"description\":\"Friend of Scandinavia\",\"publisher\":{\"@id\":\"https:\\\/\\\/zafolaw.com\\\/no\\\/#organization\"},\"potentialAction\":[{\"@type\":\"SearchAction\",\"target\":{\"@type\":\"EntryPoint\",\"urlTemplate\":\"https:\\\/\\\/zafolaw.com\\\/no\\\/?s={search_term_string}\"},\"query-input\":{\"@type\":\"PropertyValueSpecification\",\"valueRequired\":true,\"valueName\":\"search_term_string\"}}],\"inLanguage\":\"nb-NO\"},{\"@type\":\"Organization\",\"@id\":\"https:\\\/\\\/zafolaw.com\\\/no\\\/#organization\",\"name\":\"Zafo Law\",\"url\":\"https:\\\/\\\/zafolaw.com\\\/no\\\/\",\"logo\":{\"@type\":\"ImageObject\",\"inLanguage\":\"nb-NO\",\"@id\":\"https:\\\/\\\/zafolaw.com\\\/no\\\/#\\\/schema\\\/logo\\\/image\\\/\",\"url\":\"https:\\\/\\\/zafolaw.com\\\/wp-content\\\/uploads\\\/2025\\\/11\\\/zafolaw-logo-small.svg\",\"contentUrl\":\"https:\\\/\\\/zafolaw.com\\\/wp-content\\\/uploads\\\/2025\\\/11\\\/zafolaw-logo-small.svg\",\"width\":182,\"height\":40,\"caption\":\"Zafo Law\"},\"image\":{\"@id\":\"https:\\\/\\\/zafolaw.com\\\/no\\\/#\\\/schema\\\/logo\\\/image\\\/\"},\"sameAs\":[\"https:\\\/\\\/www.linkedin.com\\\/company\\\/zafo-law\"]}]}<\/script>\n<!-- \/ Yoast SEO plugin. -->","yoast_head_json":{"title":"Gema Mar\u00eda Zambrano Garc\u00eda | Arbeidsrettskonsulent | Zafo Law","description":"Les om Gema Mar\u00eda Zambrano Garc\u00eda, arbeidsrettskonsulent og administrator hos Zafo Law i Barcelona, som gir r\u00e5dgivning om arbeidsrett og bedriftsadministrasjon i Spania.","robots":{"index":"index","follow":"follow","max-snippet":"max-snippet:-1","max-image-preview":"max-image-preview:large","max-video-preview":"max-video-preview:-1"},"canonical":"https:\/\/zafolaw.com\/no\/om-oss\/medarbejdere\/gema-maria-zambrano-garcia\/","og_locale":"nb_NO","og_type":"article","og_title":"Gema Mar\u00eda Zambrano Garc\u00eda | Arbeidsrettskonsulent | Zafo Law","og_description":"Les om Gema Mar\u00eda Zambrano Garc\u00eda, arbeidsrettskonsulent og administrator hos Zafo Law i Barcelona, som gir r\u00e5dgivning om arbeidsrett og bedriftsadministrasjon i Spania.","og_url":"https:\/\/zafolaw.com\/no\/om-oss\/medarbejdere\/gema-maria-zambrano-garcia\/","og_site_name":"Zafo Law","article_modified_time":"2026-03-23T15:48:56+00:00","twitter_card":"summary_large_image","schema":{"@context":"https:\/\/schema.org","@graph":[{"@type":"WebPage","@id":"https:\/\/zafolaw.com\/no\/om-oss\/medarbejdere\/gema-maria-zambrano-garcia\/","url":"https:\/\/zafolaw.com\/no\/om-oss\/medarbejdere\/gema-maria-zambrano-garcia\/","name":"Gema Mar\u00eda Zambrano Garc\u00eda | Arbeidsrettskonsulent | Zafo Law","isPartOf":{"@id":"https:\/\/zafolaw.com\/no\/#website"},"primaryImageOfPage":{"@id":"https:\/\/zafolaw.com\/no\/om-oss\/medarbejdere\/gema-maria-zambrano-garcia\/#primaryimage"},"image":{"@id":"https:\/\/zafolaw.com\/no\/om-oss\/medarbejdere\/gema-maria-zambrano-garcia\/#primaryimage"},"thumbnailUrl":"https:\/\/zafolaw.com\/wp-content\/uploads\/2025\/12\/mail-reply.svg","datePublished":"2025-12-04T22:41:59+00:00","dateModified":"2026-03-23T15:48:56+00:00","description":"Les om Gema Mar\u00eda Zambrano Garc\u00eda, arbeidsrettskonsulent og administrator hos Zafo Law i Barcelona, som gir r\u00e5dgivning om arbeidsrett og bedriftsadministrasjon i Spania.","breadcrumb":{"@id":"https:\/\/zafolaw.com\/no\/om-oss\/medarbejdere\/gema-maria-zambrano-garcia\/#breadcrumb"},"inLanguage":"nb-NO","potentialAction":[{"@type":"ReadAction","target":["https:\/\/zafolaw.com\/no\/om-oss\/medarbejdere\/gema-maria-zambrano-garcia\/"]}]},{"@type":"ImageObject","inLanguage":"nb-NO","@id":"https:\/\/zafolaw.com\/no\/om-oss\/medarbejdere\/gema-maria-zambrano-garcia\/#primaryimage","url":"https:\/\/zafolaw.com\/wp-content\/uploads\/2025\/12\/mail-reply.svg","contentUrl":"https:\/\/zafolaw.com\/wp-content\/uploads\/2025\/12\/mail-reply.svg"},{"@type":"BreadcrumbList","@id":"https:\/\/zafolaw.com\/no\/om-oss\/medarbejdere\/gema-maria-zambrano-garcia\/#breadcrumb","itemListElement":[{"@type":"ListItem","position":1,"name":"Hjem","item":"https:\/\/zafolaw.com\/no\/"},{"@type":"ListItem","position":2,"name":"Om oss","item":"https:\/\/zafolaw.com\/no\/om-oss\/"},{"@type":"ListItem","position":3,"name":"Medarbejdere","item":"https:\/\/zafolaw.com\/no\/om-oss\/medarbejdere\/"},{"@type":"ListItem","position":4,"name":"Gema Mar\u00eda Zambrano Garc\u00eda"}]},{"@type":"WebSite","@id":"https:\/\/zafolaw.com\/no\/#website","url":"https:\/\/zafolaw.com\/no\/","name":"Zafo Law","description":"Friend of Scandinavia","publisher":{"@id":"https:\/\/zafolaw.com\/no\/#organization"},"potentialAction":[{"@type":"SearchAction","target":{"@type":"EntryPoint","urlTemplate":"https:\/\/zafolaw.com\/no\/?s={search_term_string}"},"query-input":{"@type":"PropertyValueSpecification","valueRequired":true,"valueName":"search_term_string"}}],"inLanguage":"nb-NO"},{"@type":"Organization","@id":"https:\/\/zafolaw.com\/no\/#organization","name":"Zafo Law","url":"https:\/\/zafolaw.com\/no\/","logo":{"@type":"ImageObject","inLanguage":"nb-NO","@id":"https:\/\/zafolaw.com\/no\/#\/schema\/logo\/image\/","url":"https:\/\/zafolaw.com\/wp-content\/uploads\/2025\/11\/zafolaw-logo-small.svg","contentUrl":"https:\/\/zafolaw.com\/wp-content\/uploads\/2025\/11\/zafolaw-logo-small.svg","width":182,"height":40,"caption":"Zafo Law"},"image":{"@id":"https:\/\/zafolaw.com\/no\/#\/schema\/logo\/image\/"},"sameAs":["https:\/\/www.linkedin.com\/company\/zafo-law"]}]}},"_links":{"self":[{"href":"https:\/\/zafolaw.com\/no\/wp-json\/wp\/v2\/pages\/13164","targetHints":{"allow":["GET"]}}],"collection":[{"href":"https:\/\/zafolaw.com\/no\/wp-json\/wp\/v2\/pages"}],"about":[{"href":"https:\/\/zafolaw.com\/no\/wp-json\/wp\/v2\/types\/page"}],"author":[{"embeddable":true,"href":"https:\/\/zafolaw.com\/no\/wp-json\/wp\/v2\/users\/1"}],"replies":[{"embeddable":true,"href":"https:\/\/zafolaw.com\/no\/wp-json\/wp\/v2\/comments?post=13164"}],"version-history":[{"count":2,"href":"https:\/\/zafolaw.com\/no\/wp-json\/wp\/v2\/pages\/13164\/revisions"}],"predecessor-version":[{"id":13207,"href":"https:\/\/zafolaw.com\/no\/wp-json\/wp\/v2\/pages\/13164\/revisions\/13207"}],"up":[{"embeddable":true,"href":"https:\/\/zafolaw.com\/no\/wp-json\/wp\/v2\/pages\/13171"}],"wp:attachment":[{"href":"https:\/\/zafolaw.com\/no\/wp-json\/wp\/v2\/media?parent=13164"}],"curies":[{"name":"wp","href":"https:\/\/api.w.org\/{rel}","templated":true}]}}