{"id":13160,"date":"2025-12-04T23:31:33","date_gmt":"2025-12-04T22:31:33","guid":{"rendered":"https:\/\/zafolaw.com\/hanna-camilla-haavisto\/"},"modified":"2026-03-23T16:48:56","modified_gmt":"2026-03-23T15:48:56","slug":"hanna-camilla-haavisto","status":"publish","type":"page","link":"https:\/\/zafolaw.com\/no\/om-oss\/medarbejdere\/hanna-camilla-haavisto\/","title":{"rendered":"Hanna Camilla Haavisto"},"content":{"rendered":"\t\t<div data-elementor-type=\"wp-page\" data-elementor-id=\"13160\" class=\"elementor elementor-13160 elementor-7447\" data-elementor-post-type=\"page\">\n\t\t\t\t<div class=\"elementor-element elementor-element-0988fb3 e-con-full e-flex e-con e-parent\" data-id=\"0988fb3\" data-element_type=\"container\" data-e-type=\"container\">\n\t\t<div class=\"elementor-element elementor-element-9adde66 e-con-full e-flex e-con e-child\" data-id=\"9adde66\" data-element_type=\"container\" data-e-type=\"container\">\n\t\t<div class=\"elementor-element elementor-element-39d1875 e-flex e-con-boxed e-con e-child\" data-id=\"39d1875\" data-element_type=\"container\" data-e-type=\"container\" data-settings=\"{&quot;background_background&quot;:&quot;gradient&quot;}\">\n\t\t\t\t\t<div class=\"e-con-inner\">\n\t\t<div class=\"elementor-element elementor-element-dc0748f e-con-full e-flex e-con e-child\" data-id=\"dc0748f\" data-element_type=\"container\" data-e-type=\"container\" data-settings=\"{&quot;background_background&quot;:&quot;classic&quot;}\">\n\t\t<div class=\"elementor-element elementor-element-dfd4627 e-con-full e-flex e-con e-child\" data-id=\"dfd4627\" data-element_type=\"container\" data-e-type=\"container\">\n\t\t\t\t<div class=\"elementor-element elementor-element-7e40fe0 elementor-widget elementor-widget-text-editor\" data-id=\"7e40fe0\" data-element_type=\"widget\" data-e-type=\"widget\" data-widget_type=\"text-editor.default\">\n\t\t\t\t\t\t\t\t\t<p>Juridisk r\u00e5dgiver<\/p>\t\t\t\t\t\t\t\t<\/div>\n\t\t\t\t<\/div>\n\t\t<div class=\"elementor-element elementor-element-90dd749 e-con-full e-flex e-con e-child\" data-id=\"90dd749\" data-element_type=\"container\" data-e-type=\"container\">\n\t\t\t\t<div class=\"elementor-element elementor-element-cfea284 elementor-widget elementor-widget-image\" data-id=\"cfea284\" data-element_type=\"widget\" data-e-type=\"widget\" data-widget_type=\"image.default\">\n\t\t\t\t\t\t\t\t\t\t\t\t\t\t\t\t<a href=\"mailto:hch@zafolaw.com\">\n\t\t\t\t\t\t\t<img decoding=\"async\" width=\"34\" height=\"31\" src=\"https:\/\/zafolaw.com\/wp-content\/uploads\/2025\/12\/mail-reply.svg\" class=\"attachment-large size-large wp-image-13174\" alt=\"\" \/>\t\t\t\t\t\t\t\t<\/a>\n\t\t\t\t\t\t\t\t\t\t\t\t\t\t\t<\/div>\n\t\t\t\t<div class=\"elementor-element elementor-element-3a140ec elementor-widget elementor-widget-image\" data-id=\"3a140ec\" data-element_type=\"widget\" data-e-type=\"widget\" data-widget_type=\"image.default\">\n\t\t\t\t\t\t\t\t\t\t\t\t\t\t\t\t<a href=\"tel:+34%20932%20389%20300\">\n\t\t\t\t\t\t\t<img decoding=\"async\" width=\"30\" height=\"30\" src=\"https:\/\/zafolaw.com\/wp-content\/uploads\/2025\/12\/phone-voice.svg\" class=\"attachment-large size-large wp-image-13175\" alt=\"\" \/>\t\t\t\t\t\t\t\t<\/a>\n\t\t\t\t\t\t\t\t\t\t\t\t\t\t\t<\/div>\n\t\t\t\t<\/div>\n\t\t\t\t<\/div>\n\t\t<div class=\"elementor-element elementor-element-03acebe e-con-full e-flex e-con e-child\" data-id=\"03acebe\" data-element_type=\"container\" data-e-type=\"container\">\n\t\t\t\t<div class=\"elementor-element elementor-element-2331103 elementor-hidden-desktop elementor-hidden-tablet elementor-widget elementor-widget-image\" data-id=\"2331103\" data-element_type=\"widget\" data-e-type=\"widget\" data-widget_type=\"image.default\">\n\t\t\t\t\t\t\t\t\t\t\t\t\t\t\t<img fetchpriority=\"high\" decoding=\"async\" width=\"600\" height=\"900\" src=\"https:\/\/zafolaw.com\/wp-content\/uploads\/2025\/12\/Hanna-Haavisto-Zafo-Law.jpeg\" class=\"attachment-large size-large wp-image-13182\" alt=\"\" srcset=\"https:\/\/zafolaw.com\/wp-content\/uploads\/2025\/12\/Hanna-Haavisto-Zafo-Law.jpeg 600w, https:\/\/zafolaw.com\/wp-content\/uploads\/2025\/12\/Hanna-Haavisto-Zafo-Law-200x300.jpeg 200w\" sizes=\"(max-width: 600px) 100vw, 600px\" \/>\t\t\t\t\t\t\t\t\t\t\t\t\t\t\t<\/div>\n\t\t\t\t<div class=\"elementor-element elementor-element-308df02 elementor-absolute elementor-hidden-mobile elementor-widget elementor-widget-image\" data-id=\"308df02\" data-element_type=\"widget\" data-e-type=\"widget\" data-settings=\"{&quot;_position&quot;:&quot;absolute&quot;}\" data-widget_type=\"image.default\">\n\t\t\t\t\t\t\t\t\t\t\t\t\t\t\t<img fetchpriority=\"high\" decoding=\"async\" width=\"600\" height=\"900\" src=\"https:\/\/zafolaw.com\/wp-content\/uploads\/2025\/12\/Hanna-Haavisto-Zafo-Law.jpeg\" class=\"attachment-large size-large wp-image-13182\" alt=\"\" srcset=\"https:\/\/zafolaw.com\/wp-content\/uploads\/2025\/12\/Hanna-Haavisto-Zafo-Law.jpeg 600w, https:\/\/zafolaw.com\/wp-content\/uploads\/2025\/12\/Hanna-Haavisto-Zafo-Law-200x300.jpeg 200w\" sizes=\"(max-width: 600px) 100vw, 600px\" \/>\t\t\t\t\t\t\t\t\t\t\t\t\t\t\t<\/div>\n\t\t\t\t<\/div>\n\t\t\t\t\t<\/div>\n\t\t\t\t<\/div>\n\t\t\t\t<\/div>\n\t\t\t\t<\/div>\n\t\t<div class=\"elementor-element elementor-element-1372701e e-flex e-con-boxed e-con e-parent\" data-id=\"1372701e\" data-element_type=\"container\" data-e-type=\"container\">\n\t\t\t\t\t<div class=\"e-con-inner\">\n\t\t<div class=\"elementor-element elementor-element-399e8be2 e-con-full e-flex e-con e-child\" data-id=\"399e8be2\" data-element_type=\"container\" data-e-type=\"container\">\n\t\t<div class=\"elementor-element elementor-element-74fdf199 e-con-full e-flex e-con e-child\" data-id=\"74fdf199\" data-element_type=\"container\" data-e-type=\"container\">\n\t\t\t\t<div class=\"elementor-element elementor-element-2abf806b elementor-widget elementor-widget-heading\" data-id=\"2abf806b\" data-element_type=\"widget\" data-e-type=\"widget\" data-widget_type=\"heading.default\">\n\t\t\t\t\t<h2 class=\"elementor-heading-title elementor-size-default\">Avdeling:  \n<\/h2>\t\t\t\t<\/div>\n\t\t\t\t<div class=\"elementor-element elementor-element-649f4b5e elementor-widget elementor-widget-text-editor\" data-id=\"649f4b5e\" data-element_type=\"widget\" data-e-type=\"widget\" data-widget_type=\"text-editor.default\">\n\t\t\t\t\t\t\t\t\t<p>Barcelona<\/p>\t\t\t\t\t\t\t\t<\/div>\n\t\t\t\t<\/div>\n\t\t<div class=\"elementor-element elementor-element-5bd7a4e e-con-full e-flex e-con e-child\" data-id=\"5bd7a4e\" data-element_type=\"container\" data-e-type=\"container\">\n\t\t\t\t<div class=\"elementor-element elementor-element-7168c63a elementor-widget elementor-widget-heading\" data-id=\"7168c63a\" data-element_type=\"widget\" data-e-type=\"widget\" data-widget_type=\"heading.default\">\n\t\t\t\t\t<h2 class=\"elementor-heading-title elementor-size-default\">Spr\u00e5k:  <\/h2>\t\t\t\t<\/div>\n\t\t<div class=\"elementor-element elementor-element-4e677d61 e-con-full e-flex e-con e-child\" data-id=\"4e677d61\" data-element_type=\"container\" data-e-type=\"container\">\n\t\t\t\t<div class=\"elementor-element elementor-element-61fd7e6f elementor-widget elementor-widget-image\" data-id=\"61fd7e6f\" data-element_type=\"widget\" data-e-type=\"widget\" data-widget_type=\"image.default\">\n\t\t\t\t\t\t\t\t\t\t\t\t\t\t\t<img loading=\"lazy\" decoding=\"async\" width=\"114\" height=\"100\" src=\"https:\/\/zafolaw.com\/wp-content\/uploads\/2020\/02\/sprog-en.png\" class=\"attachment-large size-large wp-image-4877\" alt=\"\" \/>\t\t\t\t\t\t\t\t\t\t\t\t\t\t\t<\/div>\n\t\t\t\t<div class=\"elementor-element elementor-element-7c324b3a elementor-widget elementor-widget-image\" data-id=\"7c324b3a\" data-element_type=\"widget\" data-e-type=\"widget\" data-widget_type=\"image.default\">\n\t\t\t\t\t\t\t\t\t\t\t\t\t\t\t<img loading=\"lazy\" decoding=\"async\" width=\"114\" height=\"100\" src=\"https:\/\/zafolaw.com\/wp-content\/uploads\/2020\/02\/sprog-se.png\" class=\"attachment-large size-large wp-image-4889\" alt=\"\" \/>\t\t\t\t\t\t\t\t\t\t\t\t\t\t\t<\/div>\n\t\t\t\t<div class=\"elementor-element elementor-element-3ec951fa elementor-widget elementor-widget-image\" data-id=\"3ec951fa\" data-element_type=\"widget\" data-e-type=\"widget\" data-widget_type=\"image.default\">\n\t\t\t\t\t\t\t\t\t\t\t\t\t\t\t<img loading=\"lazy\" decoding=\"async\" width=\"114\" height=\"100\" src=\"https:\/\/zafolaw.com\/wp-content\/uploads\/2020\/02\/sprog-es.png\" class=\"attachment-large size-large wp-image-4881\" alt=\"\" \/>\t\t\t\t\t\t\t\t\t\t\t\t\t\t\t<\/div>\n\t\t\t\t<\/div>\n\t\t\t\t<\/div>\n\t\t\t\t<\/div>\n\t\t<div class=\"elementor-element elementor-element-6736f3b5 e-con-full e-flex e-con e-child\" data-id=\"6736f3b5\" data-element_type=\"container\" data-e-type=\"container\">\n\t\t<div class=\"elementor-element elementor-element-2e288846 e-con-full e-flex e-con e-child\" data-id=\"2e288846\" data-element_type=\"container\" data-e-type=\"container\">\n\t\t\t\t<div class=\"elementor-element elementor-element-7659b92 elementor-widget elementor-widget-heading\" data-id=\"7659b92\" data-element_type=\"widget\" data-e-type=\"widget\" data-widget_type=\"heading.default\">\n\t\t\t\t\t<h2 class=\"elementor-heading-title elementor-size-default\">Arbeidsomr\u00e5der:  \n<\/h2>\t\t\t\t<\/div>\n\t\t\t\t<div class=\"elementor-element elementor-element-7af2517 elementor-widget elementor-widget-text-editor\" data-id=\"7af2517\" data-element_type=\"widget\" data-e-type=\"widget\" data-widget_type=\"text-editor.default\">\n\t\t\t\t\t\t\t\t\t<p>Fast eiendom. <br>selskapsrett. <br>arverett.<\/p>\t\t\t\t\t\t\t\t<\/div>\n\t\t\t\t<\/div>\n\t\t<div class=\"elementor-element elementor-element-5002e758 e-con-full e-flex e-con e-child\" data-id=\"5002e758\" data-element_type=\"container\" data-e-type=\"container\">\n\t\t\t\t<div class=\"elementor-element elementor-element-7306b525 elementor-widget elementor-widget-heading\" data-id=\"7306b525\" data-element_type=\"widget\" data-e-type=\"widget\" data-widget_type=\"heading.default\">\n\t\t\t\t\t<h2 class=\"elementor-heading-title elementor-size-default\">Profil:\n<\/h2>\t\t\t\t<\/div>\n\t\t\t\t<div class=\"elementor-element elementor-element-2220b93d elementor-widget elementor-widget-text-editor\" data-id=\"2220b93d\" data-element_type=\"widget\" data-e-type=\"widget\" data-widget_type=\"text-editor.default\">\n\t\t\t\t\t\t\t\t\t<p>Hanna Camilla Haavisto arbeider prim\u00e6rt med svenske kunder innen fast eiendom, etablering av spanske datterselskaper og arveprosesser for residenter og ikke-residenter i Spania. Hun har juridisk utdanning fra Stockholms universitet og erfaring med juridiske sp\u00f8rsm\u00e5l knyttet til forholdet mellom Spania og Sverige. <\/p>\t\t\t\t\t\t\t\t<\/div>\n\t\t\t\t<\/div>\n\t\t\t\t<\/div>\n\t\t<div class=\"elementor-element elementor-element-f9bc378 e-con-full e-flex e-con e-child\" data-id=\"f9bc378\" data-element_type=\"container\" data-e-type=\"container\">\n\t\t\t\t<div class=\"elementor-element elementor-element-abb9c4d elementor-widget-divider--view-line elementor-widget elementor-widget-divider\" data-id=\"abb9c4d\" data-element_type=\"widget\" data-e-type=\"widget\" data-widget_type=\"divider.default\">\n\t\t\t\t\t\t\t<div class=\"elementor-divider\">\n\t\t\t<span class=\"elementor-divider-separator\">\n\t\t\t\t\t\t<\/span>\n\t\t<\/div>\n\t\t\t\t\t\t<\/div>\n\t\t\t\t<\/div>\n\t\t\t\t\t<\/div>\n\t\t\t\t<\/div>\n\t\t<div class=\"elementor-element elementor-element-674fb989 e-flex e-con-boxed e-con e-parent\" data-id=\"674fb989\" data-element_type=\"container\" data-e-type=\"container\">\n\t\t\t\t\t<div class=\"e-con-inner\">\n\t\t<div class=\"elementor-element elementor-element-28ee7c1b e-con-full e-flex e-con e-child\" data-id=\"28ee7c1b\" data-element_type=\"container\" data-e-type=\"container\">\n\t\t\t\t<div class=\"elementor-element elementor-element-78adf01a elementor-widget elementor-widget-heading\" data-id=\"78adf01a\" data-element_type=\"widget\" data-e-type=\"widget\" data-widget_type=\"heading.default\">\n\t\t\t\t\t<h2 class=\"elementor-heading-title elementor-size-default\">Utdanning:\n\n<\/h2>\t\t\t\t<\/div>\n\t\t\t\t<div class=\"elementor-element elementor-element-2acf6591 elementor-widget elementor-widget-text-editor\" data-id=\"2acf6591\" data-element_type=\"widget\" data-e-type=\"widget\" data-widget_type=\"text-editor.default\">\n\t\t\t\t\t\t\t\t\t<ul><li>Juridisk utdanning, Stockholms universitet. <\/li><\/ul>\t\t\t\t\t\t\t\t<\/div>\n\t\t\t\t<\/div>\n\t\t<div class=\"elementor-element elementor-element-710ae324 e-con-full e-flex e-con e-child\" data-id=\"710ae324\" data-element_type=\"container\" data-e-type=\"container\">\n\t\t\t\t<div class=\"elementor-element elementor-element-1921f7de elementor-widget elementor-widget-heading\" data-id=\"1921f7de\" data-element_type=\"widget\" data-e-type=\"widget\" data-widget_type=\"heading.default\">\n\t\t\t\t\t<h2 class=\"elementor-heading-title elementor-size-default\">Erfaring:\n\n<\/h2>\t\t\t\t<\/div>\n\t\t\t\t<div class=\"elementor-element elementor-element-1dcd76ac elementor-widget elementor-widget-text-editor\" data-id=\"1dcd76ac\" data-element_type=\"widget\" data-e-type=\"widget\" data-widget_type=\"text-editor.default\">\n\t\t\t\t\t\t\t\t\t<ul><li>Juridisk r\u00e5dgiver, Zafo Law.<\/li><li>Assistent, Lex Advokatbyr\u00e5 AB.<\/li><\/ul>\t\t\t\t\t\t\t\t<\/div>\n\t\t\t\t<\/div>\n\t\t<div class=\"elementor-element elementor-element-48fbc262 e-con-full e-flex e-con e-child\" data-id=\"48fbc262\" data-element_type=\"container\" data-e-type=\"container\">\n\t\t\t\t<\/div>\n\t\t<div class=\"elementor-element elementor-element-8886519 e-con-full e-flex e-con e-child\" data-id=\"8886519\" data-element_type=\"container\" data-e-type=\"container\">\n\t\t\t\t<\/div>\n\t\t\t\t\t<\/div>\n\t\t\t\t<\/div>\n\t\t<div class=\"elementor-element elementor-element-6265e54 e-flex e-con-boxed e-con e-parent\" data-id=\"6265e54\" data-element_type=\"container\" data-e-type=\"container\">\n\t\t\t\t\t<div class=\"e-con-inner\">\n\t\t<div class=\"elementor-element elementor-element-2a283b0 e-con-full e-flex e-con e-child\" data-id=\"2a283b0\" data-element_type=\"container\" data-e-type=\"container\">\n\t\t\t\t<div class=\"elementor-element elementor-element-ce26610 elementor-align-right elementor-widget elementor-widget-button\" data-id=\"ce26610\" data-element_type=\"widget\" data-e-type=\"widget\" data-widget_type=\"button.default\">\n\t\t\t\t\t\t\t\t\t\t<a class=\"elementor-button elementor-button-link elementor-size-sm\" href=\"https:\/\/zafolaw.com\/no\/medarbejdere\/\">\n\t\t\t\t\t\t<span class=\"elementor-button-content-wrapper\">\n\t\t\t\t\t\t\t\t\t<span class=\"elementor-button-text\">Tilbake til team<\/span>\n\t\t\t\t\t<\/span>\n\t\t\t\t\t<\/a>\n\t\t\t\t\t\t\t\t<\/div>\n\t\t\t\t<\/div>\n\t\t\t\t\t<\/div>\n\t\t\t\t<\/div>\n\t\t\t\t<\/div>\n\t\t","protected":false},"excerpt":{"rendered":"<p>Les om Hanna Camilla Haavisto, juridisk r\u00e5dgiver hos Zafo Law i Barcelona, som r\u00e5dgir skandinaviske virksomheter og klienter om juridiske forhold i Spania.<\/p>\n","protected":false},"author":1,"featured_media":0,"parent":13171,"menu_order":0,"comment_status":"closed","ping_status":"closed","template":"","meta":{"footnotes":""},"class_list":["post-13160","page","type-page","status-publish","hentry"],"yoast_head":"<!-- This site is optimized with the Yoast SEO plugin v27.4 - https:\/\/yoast.com\/product\/yoast-seo-wordpress\/ -->\n<title>Hanna Camilla Haavisto | Juridisk r\u00e5dgiver | Zafo Law<\/title>\n<meta name=\"description\" content=\"Les om Hanna Camilla Haavisto, juridisk r\u00e5dgiver hos Zafo Law i Barcelona, som r\u00e5dgir skandinaviske virksomheter og klienter om juridiske forhold i Spania.\" \/>\n<meta name=\"robots\" content=\"index, follow, max-snippet:-1, max-image-preview:large, max-video-preview:-1\" \/>\n<link rel=\"canonical\" href=\"https:\/\/zafolaw.com\/no\/om-oss\/medarbejdere\/hanna-camilla-haavisto\/\" \/>\n<meta property=\"og:locale\" content=\"nb_NO\" \/>\n<meta property=\"og:type\" content=\"article\" \/>\n<meta property=\"og:title\" content=\"Hanna Camilla Haavisto | Juridisk r\u00e5dgiver | Zafo Law\" \/>\n<meta property=\"og:description\" content=\"Les om Hanna Camilla Haavisto, juridisk r\u00e5dgiver hos Zafo Law i Barcelona, som r\u00e5dgir skandinaviske virksomheter og klienter om juridiske forhold i Spania.\" \/>\n<meta property=\"og:url\" content=\"https:\/\/zafolaw.com\/no\/om-oss\/medarbejdere\/hanna-camilla-haavisto\/\" \/>\n<meta property=\"og:site_name\" content=\"Zafo Law\" \/>\n<meta property=\"article:modified_time\" content=\"2026-03-23T15:48:56+00:00\" \/>\n<meta name=\"twitter:card\" content=\"summary_large_image\" \/>\n<script type=\"application\/ld+json\" class=\"yoast-schema-graph\">{\"@context\":\"https:\\\/\\\/schema.org\",\"@graph\":[{\"@type\":\"WebPage\",\"@id\":\"https:\\\/\\\/zafolaw.com\\\/no\\\/om-oss\\\/medarbejdere\\\/hanna-camilla-haavisto\\\/\",\"url\":\"https:\\\/\\\/zafolaw.com\\\/no\\\/om-oss\\\/medarbejdere\\\/hanna-camilla-haavisto\\\/\",\"name\":\"Hanna Camilla Haavisto | Juridisk r\u00e5dgiver | Zafo Law\",\"isPartOf\":{\"@id\":\"https:\\\/\\\/zafolaw.com\\\/no\\\/#website\"},\"primaryImageOfPage\":{\"@id\":\"https:\\\/\\\/zafolaw.com\\\/no\\\/om-oss\\\/medarbejdere\\\/hanna-camilla-haavisto\\\/#primaryimage\"},\"image\":{\"@id\":\"https:\\\/\\\/zafolaw.com\\\/no\\\/om-oss\\\/medarbejdere\\\/hanna-camilla-haavisto\\\/#primaryimage\"},\"thumbnailUrl\":\"https:\\\/\\\/zafolaw.com\\\/wp-content\\\/uploads\\\/2025\\\/12\\\/mail-reply.svg\",\"datePublished\":\"2025-12-04T22:31:33+00:00\",\"dateModified\":\"2026-03-23T15:48:56+00:00\",\"description\":\"Les om Hanna Camilla Haavisto, juridisk r\u00e5dgiver hos Zafo Law i Barcelona, som r\u00e5dgir skandinaviske virksomheter og klienter om juridiske forhold i Spania.\",\"breadcrumb\":{\"@id\":\"https:\\\/\\\/zafolaw.com\\\/no\\\/om-oss\\\/medarbejdere\\\/hanna-camilla-haavisto\\\/#breadcrumb\"},\"inLanguage\":\"nb-NO\",\"potentialAction\":[{\"@type\":\"ReadAction\",\"target\":[\"https:\\\/\\\/zafolaw.com\\\/no\\\/om-oss\\\/medarbejdere\\\/hanna-camilla-haavisto\\\/\"]}]},{\"@type\":\"ImageObject\",\"inLanguage\":\"nb-NO\",\"@id\":\"https:\\\/\\\/zafolaw.com\\\/no\\\/om-oss\\\/medarbejdere\\\/hanna-camilla-haavisto\\\/#primaryimage\",\"url\":\"https:\\\/\\\/zafolaw.com\\\/wp-content\\\/uploads\\\/2025\\\/12\\\/mail-reply.svg\",\"contentUrl\":\"https:\\\/\\\/zafolaw.com\\\/wp-content\\\/uploads\\\/2025\\\/12\\\/mail-reply.svg\"},{\"@type\":\"BreadcrumbList\",\"@id\":\"https:\\\/\\\/zafolaw.com\\\/no\\\/om-oss\\\/medarbejdere\\\/hanna-camilla-haavisto\\\/#breadcrumb\",\"itemListElement\":[{\"@type\":\"ListItem\",\"position\":1,\"name\":\"Hjem\",\"item\":\"https:\\\/\\\/zafolaw.com\\\/no\\\/\"},{\"@type\":\"ListItem\",\"position\":2,\"name\":\"Om oss\",\"item\":\"https:\\\/\\\/zafolaw.com\\\/no\\\/om-oss\\\/\"},{\"@type\":\"ListItem\",\"position\":3,\"name\":\"Medarbejdere\",\"item\":\"https:\\\/\\\/zafolaw.com\\\/no\\\/om-oss\\\/medarbejdere\\\/\"},{\"@type\":\"ListItem\",\"position\":4,\"name\":\"Hanna Camilla Haavisto\"}]},{\"@type\":\"WebSite\",\"@id\":\"https:\\\/\\\/zafolaw.com\\\/no\\\/#website\",\"url\":\"https:\\\/\\\/zafolaw.com\\\/no\\\/\",\"name\":\"Zafo Law\",\"description\":\"Friend of Scandinavia\",\"publisher\":{\"@id\":\"https:\\\/\\\/zafolaw.com\\\/no\\\/#organization\"},\"potentialAction\":[{\"@type\":\"SearchAction\",\"target\":{\"@type\":\"EntryPoint\",\"urlTemplate\":\"https:\\\/\\\/zafolaw.com\\\/no\\\/?s={search_term_string}\"},\"query-input\":{\"@type\":\"PropertyValueSpecification\",\"valueRequired\":true,\"valueName\":\"search_term_string\"}}],\"inLanguage\":\"nb-NO\"},{\"@type\":\"Organization\",\"@id\":\"https:\\\/\\\/zafolaw.com\\\/no\\\/#organization\",\"name\":\"Zafo Law\",\"url\":\"https:\\\/\\\/zafolaw.com\\\/no\\\/\",\"logo\":{\"@type\":\"ImageObject\",\"inLanguage\":\"nb-NO\",\"@id\":\"https:\\\/\\\/zafolaw.com\\\/no\\\/#\\\/schema\\\/logo\\\/image\\\/\",\"url\":\"https:\\\/\\\/zafolaw.com\\\/wp-content\\\/uploads\\\/2025\\\/11\\\/zafolaw-logo-small.svg\",\"contentUrl\":\"https:\\\/\\\/zafolaw.com\\\/wp-content\\\/uploads\\\/2025\\\/11\\\/zafolaw-logo-small.svg\",\"width\":182,\"height\":40,\"caption\":\"Zafo Law\"},\"image\":{\"@id\":\"https:\\\/\\\/zafolaw.com\\\/no\\\/#\\\/schema\\\/logo\\\/image\\\/\"},\"sameAs\":[\"https:\\\/\\\/www.linkedin.com\\\/company\\\/zafo-law\"]}]}<\/script>\n<!-- \/ Yoast SEO plugin. -->","yoast_head_json":{"title":"Hanna Camilla Haavisto | Juridisk r\u00e5dgiver | Zafo Law","description":"Les om Hanna Camilla Haavisto, juridisk r\u00e5dgiver hos Zafo Law i Barcelona, som r\u00e5dgir skandinaviske virksomheter og klienter om juridiske forhold i Spania.","robots":{"index":"index","follow":"follow","max-snippet":"max-snippet:-1","max-image-preview":"max-image-preview:large","max-video-preview":"max-video-preview:-1"},"canonical":"https:\/\/zafolaw.com\/no\/om-oss\/medarbejdere\/hanna-camilla-haavisto\/","og_locale":"nb_NO","og_type":"article","og_title":"Hanna Camilla Haavisto | Juridisk r\u00e5dgiver | Zafo Law","og_description":"Les om Hanna Camilla Haavisto, juridisk r\u00e5dgiver hos Zafo Law i Barcelona, som r\u00e5dgir skandinaviske virksomheter og klienter om juridiske forhold i Spania.","og_url":"https:\/\/zafolaw.com\/no\/om-oss\/medarbejdere\/hanna-camilla-haavisto\/","og_site_name":"Zafo Law","article_modified_time":"2026-03-23T15:48:56+00:00","twitter_card":"summary_large_image","schema":{"@context":"https:\/\/schema.org","@graph":[{"@type":"WebPage","@id":"https:\/\/zafolaw.com\/no\/om-oss\/medarbejdere\/hanna-camilla-haavisto\/","url":"https:\/\/zafolaw.com\/no\/om-oss\/medarbejdere\/hanna-camilla-haavisto\/","name":"Hanna Camilla Haavisto | Juridisk r\u00e5dgiver | Zafo Law","isPartOf":{"@id":"https:\/\/zafolaw.com\/no\/#website"},"primaryImageOfPage":{"@id":"https:\/\/zafolaw.com\/no\/om-oss\/medarbejdere\/hanna-camilla-haavisto\/#primaryimage"},"image":{"@id":"https:\/\/zafolaw.com\/no\/om-oss\/medarbejdere\/hanna-camilla-haavisto\/#primaryimage"},"thumbnailUrl":"https:\/\/zafolaw.com\/wp-content\/uploads\/2025\/12\/mail-reply.svg","datePublished":"2025-12-04T22:31:33+00:00","dateModified":"2026-03-23T15:48:56+00:00","description":"Les om Hanna Camilla Haavisto, juridisk r\u00e5dgiver hos Zafo Law i Barcelona, som r\u00e5dgir skandinaviske virksomheter og klienter om juridiske forhold i Spania.","breadcrumb":{"@id":"https:\/\/zafolaw.com\/no\/om-oss\/medarbejdere\/hanna-camilla-haavisto\/#breadcrumb"},"inLanguage":"nb-NO","potentialAction":[{"@type":"ReadAction","target":["https:\/\/zafolaw.com\/no\/om-oss\/medarbejdere\/hanna-camilla-haavisto\/"]}]},{"@type":"ImageObject","inLanguage":"nb-NO","@id":"https:\/\/zafolaw.com\/no\/om-oss\/medarbejdere\/hanna-camilla-haavisto\/#primaryimage","url":"https:\/\/zafolaw.com\/wp-content\/uploads\/2025\/12\/mail-reply.svg","contentUrl":"https:\/\/zafolaw.com\/wp-content\/uploads\/2025\/12\/mail-reply.svg"},{"@type":"BreadcrumbList","@id":"https:\/\/zafolaw.com\/no\/om-oss\/medarbejdere\/hanna-camilla-haavisto\/#breadcrumb","itemListElement":[{"@type":"ListItem","position":1,"name":"Hjem","item":"https:\/\/zafolaw.com\/no\/"},{"@type":"ListItem","position":2,"name":"Om oss","item":"https:\/\/zafolaw.com\/no\/om-oss\/"},{"@type":"ListItem","position":3,"name":"Medarbejdere","item":"https:\/\/zafolaw.com\/no\/om-oss\/medarbejdere\/"},{"@type":"ListItem","position":4,"name":"Hanna Camilla Haavisto"}]},{"@type":"WebSite","@id":"https:\/\/zafolaw.com\/no\/#website","url":"https:\/\/zafolaw.com\/no\/","name":"Zafo Law","description":"Friend of Scandinavia","publisher":{"@id":"https:\/\/zafolaw.com\/no\/#organization"},"potentialAction":[{"@type":"SearchAction","target":{"@type":"EntryPoint","urlTemplate":"https:\/\/zafolaw.com\/no\/?s={search_term_string}"},"query-input":{"@type":"PropertyValueSpecification","valueRequired":true,"valueName":"search_term_string"}}],"inLanguage":"nb-NO"},{"@type":"Organization","@id":"https:\/\/zafolaw.com\/no\/#organization","name":"Zafo Law","url":"https:\/\/zafolaw.com\/no\/","logo":{"@type":"ImageObject","inLanguage":"nb-NO","@id":"https:\/\/zafolaw.com\/no\/#\/schema\/logo\/image\/","url":"https:\/\/zafolaw.com\/wp-content\/uploads\/2025\/11\/zafolaw-logo-small.svg","contentUrl":"https:\/\/zafolaw.com\/wp-content\/uploads\/2025\/11\/zafolaw-logo-small.svg","width":182,"height":40,"caption":"Zafo Law"},"image":{"@id":"https:\/\/zafolaw.com\/no\/#\/schema\/logo\/image\/"},"sameAs":["https:\/\/www.linkedin.com\/company\/zafo-law"]}]}},"_links":{"self":[{"href":"https:\/\/zafolaw.com\/no\/wp-json\/wp\/v2\/pages\/13160","targetHints":{"allow":["GET"]}}],"collection":[{"href":"https:\/\/zafolaw.com\/no\/wp-json\/wp\/v2\/pages"}],"about":[{"href":"https:\/\/zafolaw.com\/no\/wp-json\/wp\/v2\/types\/page"}],"author":[{"embeddable":true,"href":"https:\/\/zafolaw.com\/no\/wp-json\/wp\/v2\/users\/1"}],"replies":[{"embeddable":true,"href":"https:\/\/zafolaw.com\/no\/wp-json\/wp\/v2\/comments?post=13160"}],"version-history":[{"count":2,"href":"https:\/\/zafolaw.com\/no\/wp-json\/wp\/v2\/pages\/13160\/revisions"}],"predecessor-version":[{"id":13205,"href":"https:\/\/zafolaw.com\/no\/wp-json\/wp\/v2\/pages\/13160\/revisions\/13205"}],"up":[{"embeddable":true,"href":"https:\/\/zafolaw.com\/no\/wp-json\/wp\/v2\/pages\/13171"}],"wp:attachment":[{"href":"https:\/\/zafolaw.com\/no\/wp-json\/wp\/v2\/media?parent=13160"}],"curies":[{"name":"wp","href":"https:\/\/api.w.org\/{rel}","templated":true}]}}