{"id":13158,"date":"2025-12-04T23:22:06","date_gmt":"2025-12-04T22:22:06","guid":{"rendered":"https:\/\/zafolaw.com\/jordi-lapiedra-carrasquer\/"},"modified":"2026-03-23T16:48:56","modified_gmt":"2026-03-23T15:48:56","slug":"jordi-lapiedra-carrasquer","status":"publish","type":"page","link":"https:\/\/zafolaw.com\/no\/om-oss\/medarbejdere\/jordi-lapiedra-carrasquer\/","title":{"rendered":"Jordi Lapiedra Carrasquer"},"content":{"rendered":"\t\t<div data-elementor-type=\"wp-page\" data-elementor-id=\"13158\" class=\"elementor elementor-13158 elementor-7432\" data-elementor-post-type=\"page\">\n\t\t\t\t<div class=\"elementor-element elementor-element-f0ede2c e-con-full e-flex e-con e-parent\" data-id=\"f0ede2c\" data-element_type=\"container\" data-e-type=\"container\">\n\t\t<div class=\"elementor-element elementor-element-250583e e-con-full e-flex e-con e-child\" data-id=\"250583e\" data-element_type=\"container\" data-e-type=\"container\">\n\t\t<div class=\"elementor-element elementor-element-004be1a e-flex e-con-boxed e-con e-child\" data-id=\"004be1a\" data-element_type=\"container\" data-e-type=\"container\" data-settings=\"{&quot;background_background&quot;:&quot;gradient&quot;}\">\n\t\t\t\t\t<div class=\"e-con-inner\">\n\t\t<div class=\"elementor-element elementor-element-43af64c e-con-full e-flex e-con e-child\" data-id=\"43af64c\" data-element_type=\"container\" data-e-type=\"container\" data-settings=\"{&quot;background_background&quot;:&quot;classic&quot;}\">\n\t\t<div class=\"elementor-element elementor-element-e199974 e-con-full e-flex e-con e-child\" data-id=\"e199974\" data-element_type=\"container\" data-e-type=\"container\">\n\t\t\t\t<div class=\"elementor-element elementor-element-b4ed98c elementor-widget elementor-widget-text-editor\" data-id=\"b4ed98c\" data-element_type=\"widget\" data-e-type=\"widget\" data-widget_type=\"text-editor.default\">\n\t\t\t\t\t\t\t\t\t<p>Senior skatter\u00e5dgiver<\/p>\t\t\t\t\t\t\t\t<\/div>\n\t\t\t\t<\/div>\n\t\t<div class=\"elementor-element elementor-element-5b2261b e-con-full e-flex e-con e-child\" data-id=\"5b2261b\" data-element_type=\"container\" data-e-type=\"container\">\n\t\t\t\t<div class=\"elementor-element elementor-element-0acd7fc elementor-widget elementor-widget-image\" data-id=\"0acd7fc\" data-element_type=\"widget\" data-e-type=\"widget\" data-widget_type=\"image.default\">\n\t\t\t\t\t\t\t\t\t\t\t\t\t\t\t\t<a href=\"mailto:jlc@zafolaw.com\">\n\t\t\t\t\t\t\t<img decoding=\"async\" width=\"34\" height=\"31\" src=\"https:\/\/zafolaw.com\/wp-content\/uploads\/2025\/12\/mail-reply.svg\" class=\"attachment-large size-large wp-image-13174\" alt=\"\" \/>\t\t\t\t\t\t\t\t<\/a>\n\t\t\t\t\t\t\t\t\t\t\t\t\t\t\t<\/div>\n\t\t\t\t<div class=\"elementor-element elementor-element-591fae1 elementor-widget elementor-widget-image\" data-id=\"591fae1\" data-element_type=\"widget\" data-e-type=\"widget\" data-widget_type=\"image.default\">\n\t\t\t\t\t\t\t\t\t\t\t\t\t\t\t\t<a href=\"tel:+34%20932%20389%20300\">\n\t\t\t\t\t\t\t<img decoding=\"async\" width=\"30\" height=\"30\" src=\"https:\/\/zafolaw.com\/wp-content\/uploads\/2025\/12\/phone-voice.svg\" class=\"attachment-large size-large wp-image-13175\" alt=\"\" \/>\t\t\t\t\t\t\t\t<\/a>\n\t\t\t\t\t\t\t\t\t\t\t\t\t\t\t<\/div>\n\t\t\t\t<\/div>\n\t\t\t\t<\/div>\n\t\t<div class=\"elementor-element elementor-element-d73c2d0 e-con-full e-flex e-con e-child\" data-id=\"d73c2d0\" data-element_type=\"container\" data-e-type=\"container\">\n\t\t\t\t<div class=\"elementor-element elementor-element-1f42832 elementor-hidden-desktop elementor-hidden-tablet elementor-widget elementor-widget-image\" data-id=\"1f42832\" data-element_type=\"widget\" data-e-type=\"widget\" data-widget_type=\"image.default\">\n\t\t\t\t\t\t\t\t\t\t\t\t\t\t\t<img fetchpriority=\"high\" decoding=\"async\" width=\"600\" height=\"900\" src=\"https:\/\/zafolaw.com\/wp-content\/uploads\/2025\/12\/Jordi-Lapiedra-Carrasquer-Zafo-Law.jpeg\" class=\"attachment-large size-large wp-image-13183\" alt=\"\" srcset=\"https:\/\/zafolaw.com\/wp-content\/uploads\/2025\/12\/Jordi-Lapiedra-Carrasquer-Zafo-Law.jpeg 600w, https:\/\/zafolaw.com\/wp-content\/uploads\/2025\/12\/Jordi-Lapiedra-Carrasquer-Zafo-Law-200x300.jpeg 200w\" sizes=\"(max-width: 600px) 100vw, 600px\" \/>\t\t\t\t\t\t\t\t\t\t\t\t\t\t\t<\/div>\n\t\t\t\t<div class=\"elementor-element elementor-element-9f3ecca elementor-absolute elementor-hidden-mobile elementor-widget elementor-widget-image\" data-id=\"9f3ecca\" data-element_type=\"widget\" data-e-type=\"widget\" data-settings=\"{&quot;_position&quot;:&quot;absolute&quot;}\" data-widget_type=\"image.default\">\n\t\t\t\t\t\t\t\t\t\t\t\t\t\t\t<img fetchpriority=\"high\" decoding=\"async\" width=\"600\" height=\"900\" src=\"https:\/\/zafolaw.com\/wp-content\/uploads\/2025\/12\/Jordi-Lapiedra-Carrasquer-Zafo-Law.jpeg\" class=\"attachment-large size-large wp-image-13183\" alt=\"\" srcset=\"https:\/\/zafolaw.com\/wp-content\/uploads\/2025\/12\/Jordi-Lapiedra-Carrasquer-Zafo-Law.jpeg 600w, https:\/\/zafolaw.com\/wp-content\/uploads\/2025\/12\/Jordi-Lapiedra-Carrasquer-Zafo-Law-200x300.jpeg 200w\" sizes=\"(max-width: 600px) 100vw, 600px\" \/>\t\t\t\t\t\t\t\t\t\t\t\t\t\t\t<\/div>\n\t\t\t\t<\/div>\n\t\t\t\t\t<\/div>\n\t\t\t\t<\/div>\n\t\t\t\t<\/div>\n\t\t\t\t<\/div>\n\t\t<div class=\"elementor-element elementor-element-4d848472 e-flex e-con-boxed e-con e-parent\" data-id=\"4d848472\" data-element_type=\"container\" data-e-type=\"container\">\n\t\t\t\t\t<div class=\"e-con-inner\">\n\t\t<div class=\"elementor-element elementor-element-6e45078c e-con-full e-flex e-con e-child\" data-id=\"6e45078c\" data-element_type=\"container\" data-e-type=\"container\">\n\t\t<div class=\"elementor-element elementor-element-1885e349 e-con-full e-flex e-con e-child\" data-id=\"1885e349\" data-element_type=\"container\" data-e-type=\"container\">\n\t\t\t\t<div class=\"elementor-element elementor-element-2fc0995c elementor-widget elementor-widget-heading\" data-id=\"2fc0995c\" data-element_type=\"widget\" data-e-type=\"widget\" data-widget_type=\"heading.default\">\n\t\t\t\t\t<h2 class=\"elementor-heading-title elementor-size-default\">Avdeling:  \n<\/h2>\t\t\t\t<\/div>\n\t\t\t\t<div class=\"elementor-element elementor-element-6b4fd5ad elementor-widget elementor-widget-text-editor\" data-id=\"6b4fd5ad\" data-element_type=\"widget\" data-e-type=\"widget\" data-widget_type=\"text-editor.default\">\n\t\t\t\t\t\t\t\t\t<div id=\"col-324614729\" class=\"col medium-4 small-12 large-4\"><div class=\"col-inner box-shadow-2-hover\"><div class=\"box has-hover team-profile has-hover box-text-bottom\"><div class=\"box-text text-center\"><div class=\"box-text-inner\"><p>Barcelona<\/p><\/div><\/div><\/div><\/div><\/div><div id=\"col-464822328\" class=\"col medium-4 small-12 large-4\"><div class=\"col-inner box-shadow-2-hover\"><div class=\"box has-hover team-profile has-hover box-text-bottom\"><div class=\"box-image image-grayscale image-color\"><div class=\"box-image-inner image-cover\"> <\/div><\/div><\/div><\/div><\/div>\t\t\t\t\t\t\t\t<\/div>\n\t\t\t\t<\/div>\n\t\t<div class=\"elementor-element elementor-element-ff75f9c e-con-full e-flex e-con e-child\" data-id=\"ff75f9c\" data-element_type=\"container\" data-e-type=\"container\">\n\t\t\t\t<div class=\"elementor-element elementor-element-3d62da8c elementor-widget elementor-widget-heading\" data-id=\"3d62da8c\" data-element_type=\"widget\" data-e-type=\"widget\" data-widget_type=\"heading.default\">\n\t\t\t\t\t<h2 class=\"elementor-heading-title elementor-size-default\">Spr\u00e5k:  <\/h2>\t\t\t\t<\/div>\n\t\t<div class=\"elementor-element elementor-element-722bd7fc e-con-full e-flex e-con e-child\" data-id=\"722bd7fc\" data-element_type=\"container\" data-e-type=\"container\">\n\t\t\t\t<div class=\"elementor-element elementor-element-585953bf elementor-widget elementor-widget-image\" data-id=\"585953bf\" data-element_type=\"widget\" data-e-type=\"widget\" data-widget_type=\"image.default\">\n\t\t\t\t\t\t\t\t\t\t\t\t\t\t\t<img loading=\"lazy\" decoding=\"async\" width=\"114\" height=\"100\" src=\"https:\/\/zafolaw.com\/wp-content\/uploads\/2020\/02\/sprog-en.png\" class=\"attachment-large size-large wp-image-4877\" alt=\"\" \/>\t\t\t\t\t\t\t\t\t\t\t\t\t\t\t<\/div>\n\t\t\t\t<div class=\"elementor-element elementor-element-7d973b48 elementor-widget elementor-widget-image\" data-id=\"7d973b48\" data-element_type=\"widget\" data-e-type=\"widget\" data-widget_type=\"image.default\">\n\t\t\t\t\t\t\t\t\t\t\t\t\t\t\t<img loading=\"lazy\" decoding=\"async\" width=\"114\" height=\"100\" src=\"https:\/\/zafolaw.com\/wp-content\/uploads\/2020\/02\/sprog-es.png\" class=\"attachment-large size-large wp-image-4881\" alt=\"\" \/>\t\t\t\t\t\t\t\t\t\t\t\t\t\t\t<\/div>\n\t\t\t\t<div class=\"elementor-element elementor-element-50b84287 elementor-widget elementor-widget-image\" data-id=\"50b84287\" data-element_type=\"widget\" data-e-type=\"widget\" data-widget_type=\"image.default\">\n\t\t\t\t\t\t\t\t\t\t\t\t\t\t\t<img loading=\"lazy\" decoding=\"async\" width=\"114\" height=\"100\" src=\"https:\/\/zafolaw.com\/wp-content\/uploads\/2020\/03\/sprog-ct.png\" class=\"attachment-large size-large wp-image-4937\" alt=\"\" \/>\t\t\t\t\t\t\t\t\t\t\t\t\t\t\t<\/div>\n\t\t\t\t<\/div>\n\t\t\t\t<\/div>\n\t\t\t\t<\/div>\n\t\t<div class=\"elementor-element elementor-element-37e606a e-con-full e-flex e-con e-child\" data-id=\"37e606a\" data-element_type=\"container\" data-e-type=\"container\">\n\t\t<div class=\"elementor-element elementor-element-6cc496aa e-con-full e-flex e-con e-child\" data-id=\"6cc496aa\" data-element_type=\"container\" data-e-type=\"container\">\n\t\t\t\t<div class=\"elementor-element elementor-element-4e352ed elementor-widget elementor-widget-heading\" data-id=\"4e352ed\" data-element_type=\"widget\" data-e-type=\"widget\" data-widget_type=\"heading.default\">\n\t\t\t\t\t<h2 class=\"elementor-heading-title elementor-size-default\">Arbeidsomr\u00e5der:  \n<\/h2>\t\t\t\t<\/div>\n\t\t\t\t<div class=\"elementor-element elementor-element-51657179 elementor-widget elementor-widget-text-editor\" data-id=\"51657179\" data-element_type=\"widget\" data-e-type=\"widget\" data-widget_type=\"text-editor.default\">\n\t\t\t\t\t\t\t\t\t<p>Global Corporate Management. <br>Skatt.<\/p>\t\t\t\t\t\t\t\t<\/div>\n\t\t\t\t<\/div>\n\t\t<div class=\"elementor-element elementor-element-7491a533 e-con-full e-flex e-con e-child\" data-id=\"7491a533\" data-element_type=\"container\" data-e-type=\"container\">\n\t\t\t\t<div class=\"elementor-element elementor-element-7ac43697 elementor-widget elementor-widget-heading\" data-id=\"7ac43697\" data-element_type=\"widget\" data-e-type=\"widget\" data-widget_type=\"heading.default\">\n\t\t\t\t\t<h2 class=\"elementor-heading-title elementor-size-default\">Profil:\n<\/h2>\t\t\t\t<\/div>\n\t\t\t\t<div class=\"elementor-element elementor-element-3a399d21 elementor-widget elementor-widget-text-editor\" data-id=\"3a399d21\" data-element_type=\"widget\" data-e-type=\"widget\" data-widget_type=\"text-editor.default\">\n\t\t\t\t\t\t\t\t\t<p>Jordi Lapiedra Carrasquer er senior skatter\u00e5dgiver med bred erfaring innen h\u00e5ndtering av skattesaker for selskaper. Han har omfattende erfaring med r\u00e5dgivning om spanske skatteforhold og er ekspert p\u00e5 regnskap og skattemessig h\u00e5ndtering av selskapsstrukturer knyttet til morselskaper. Han r\u00e5dgir ogs\u00e5 privatpersoner om skatt, b\u00e5de residenter og ikke-residenter.   <\/p>\t\t\t\t\t\t\t\t<\/div>\n\t\t\t\t<\/div>\n\t\t\t\t<\/div>\n\t\t<div class=\"elementor-element elementor-element-68778ad e-con-full e-flex e-con e-child\" data-id=\"68778ad\" data-element_type=\"container\" data-e-type=\"container\">\n\t\t\t\t<div class=\"elementor-element elementor-element-fd6b901 elementor-widget-divider--view-line elementor-widget elementor-widget-divider\" data-id=\"fd6b901\" data-element_type=\"widget\" data-e-type=\"widget\" data-widget_type=\"divider.default\">\n\t\t\t\t\t\t\t<div class=\"elementor-divider\">\n\t\t\t<span class=\"elementor-divider-separator\">\n\t\t\t\t\t\t<\/span>\n\t\t<\/div>\n\t\t\t\t\t\t<\/div>\n\t\t\t\t<\/div>\n\t\t\t\t\t<\/div>\n\t\t\t\t<\/div>\n\t\t<div class=\"elementor-element elementor-element-48ec8742 e-flex e-con-boxed e-con e-parent\" data-id=\"48ec8742\" data-element_type=\"container\" data-e-type=\"container\">\n\t\t\t\t\t<div class=\"e-con-inner\">\n\t\t<div class=\"elementor-element elementor-element-7fbb8dbe e-con-full e-flex e-con e-child\" data-id=\"7fbb8dbe\" data-element_type=\"container\" data-e-type=\"container\">\n\t\t\t\t<div class=\"elementor-element elementor-element-1581862 elementor-widget elementor-widget-heading\" data-id=\"1581862\" data-element_type=\"widget\" data-e-type=\"widget\" data-widget_type=\"heading.default\">\n\t\t\t\t\t<h2 class=\"elementor-heading-title elementor-size-default\">Utdanning:\n\n<\/h2>\t\t\t\t<\/div>\n\t\t\t\t<div class=\"elementor-element elementor-element-52110e59 elementor-widget elementor-widget-text-editor\" data-id=\"52110e59\" data-element_type=\"widget\" data-e-type=\"widget\" data-widget_type=\"text-editor.default\">\n\t\t\t\t\t\t\t\t\t<ul><li>Bachelorgrad i Business Management and Administration, Universitat Pompeu Fabra <\/li><li>Masters Grad in Financiel og Regnskabsledelse. UPF-BSM. <\/li><li>Mastergrad i finans- og regnskapsledelse, Centro de Estudios Financieros. <\/li><li>Kurs i Transfer Pricing, ESADE. <\/li><\/ul>\t\t\t\t\t\t\t\t<\/div>\n\t\t\t\t<\/div>\n\t\t<div class=\"elementor-element elementor-element-54b0bed3 e-con-full e-flex e-con e-child\" data-id=\"54b0bed3\" data-element_type=\"container\" data-e-type=\"container\">\n\t\t\t\t<div class=\"elementor-element elementor-element-3fce7b2d elementor-widget elementor-widget-heading\" data-id=\"3fce7b2d\" data-element_type=\"widget\" data-e-type=\"widget\" data-widget_type=\"heading.default\">\n\t\t\t\t\t<h2 class=\"elementor-heading-title elementor-size-default\">Erfaring:\n\n<\/h2>\t\t\t\t<\/div>\n\t\t\t\t<div class=\"elementor-element elementor-element-245806c7 elementor-widget elementor-widget-text-editor\" data-id=\"245806c7\" data-element_type=\"widget\" data-e-type=\"widget\" data-widget_type=\"text-editor.default\">\n\t\t\t\t\t\t\t\t\t<ul><li>Skatter\u00e5dgiver, Zafo Law<\/li><li>Skatter\u00e5dgiver, advokatkontor i Barcelona.<\/li><li>Regnskapsr\u00e5dgiver, konsulentselskap i Barcelona.<\/li><\/ul>\t\t\t\t\t\t\t\t<\/div>\n\t\t\t\t<\/div>\n\t\t<div class=\"elementor-element elementor-element-2c66f756 e-con-full e-flex e-con e-child\" data-id=\"2c66f756\" data-element_type=\"container\" data-e-type=\"container\">\n\t\t\t\t<\/div>\n\t\t<div class=\"elementor-element elementor-element-67d54c76 e-con-full e-flex e-con e-child\" data-id=\"67d54c76\" data-element_type=\"container\" data-e-type=\"container\">\n\t\t\t\t<\/div>\n\t\t\t\t\t<\/div>\n\t\t\t\t<\/div>\n\t\t<div class=\"elementor-element elementor-element-ff6a9e1 e-flex e-con-boxed e-con e-parent\" data-id=\"ff6a9e1\" data-element_type=\"container\" data-e-type=\"container\">\n\t\t\t\t\t<div class=\"e-con-inner\">\n\t\t<div class=\"elementor-element elementor-element-ac3745e e-con-full e-flex e-con e-child\" data-id=\"ac3745e\" data-element_type=\"container\" data-e-type=\"container\">\n\t\t\t\t<div class=\"elementor-element elementor-element-c6901f2 elementor-align-right elementor-widget elementor-widget-button\" data-id=\"c6901f2\" data-element_type=\"widget\" data-e-type=\"widget\" data-widget_type=\"button.default\">\n\t\t\t\t\t\t\t\t\t\t<a class=\"elementor-button elementor-button-link elementor-size-sm\" href=\"https:\/\/zafolaw.com\/no\/medarbejdere\/\">\n\t\t\t\t\t\t<span class=\"elementor-button-content-wrapper\">\n\t\t\t\t\t\t\t\t\t<span class=\"elementor-button-text\">Tilbake til team<\/span>\n\t\t\t\t\t<\/span>\n\t\t\t\t\t<\/a>\n\t\t\t\t\t\t\t\t<\/div>\n\t\t\t\t<\/div>\n\t\t\t\t\t<\/div>\n\t\t\t\t<\/div>\n\t\t\t\t<\/div>\n\t\t","protected":false},"excerpt":{"rendered":"<p>Les om Jordi Lapiedra Carrasquer, senior skatter\u00e5dgiver hos Zafo Law i Barcelona, med erfaring innen skatter\u00e5dgivning for bedrifter i Spania.<\/p>\n","protected":false},"author":1,"featured_media":0,"parent":13171,"menu_order":0,"comment_status":"closed","ping_status":"closed","template":"","meta":{"footnotes":""},"class_list":["post-13158","page","type-page","status-publish","hentry"],"yoast_head":"<!-- This site is optimized with the Yoast SEO plugin v27.4 - https:\/\/yoast.com\/product\/yoast-seo-wordpress\/ -->\n<title>Jordi Lapiedra Carrasquer | Senior skatter\u00e5dgiver | Zafo Law<\/title>\n<meta name=\"description\" content=\"Les om Jordi Lapiedra Carrasquer, senior skatter\u00e5dgiver hos Zafo Law i Barcelona, med erfaring innen skatter\u00e5dgivning for bedrifter i Spania.\" \/>\n<meta name=\"robots\" content=\"index, follow, max-snippet:-1, max-image-preview:large, max-video-preview:-1\" \/>\n<link rel=\"canonical\" href=\"https:\/\/zafolaw.com\/no\/om-oss\/medarbejdere\/jordi-lapiedra-carrasquer\/\" \/>\n<meta property=\"og:locale\" content=\"nb_NO\" \/>\n<meta property=\"og:type\" content=\"article\" \/>\n<meta property=\"og:title\" content=\"Jordi Lapiedra Carrasquer | Senior skatter\u00e5dgiver | Zafo Law\" \/>\n<meta property=\"og:description\" content=\"Les om Jordi Lapiedra Carrasquer, senior skatter\u00e5dgiver hos Zafo Law i Barcelona, med erfaring innen skatter\u00e5dgivning for bedrifter i Spania.\" \/>\n<meta property=\"og:url\" content=\"https:\/\/zafolaw.com\/no\/om-oss\/medarbejdere\/jordi-lapiedra-carrasquer\/\" \/>\n<meta property=\"og:site_name\" content=\"Zafo Law\" \/>\n<meta property=\"article:modified_time\" content=\"2026-03-23T15:48:56+00:00\" \/>\n<meta name=\"twitter:card\" content=\"summary_large_image\" \/>\n<meta name=\"twitter:label1\" content=\"Ansl. lesetid\" \/>\n\t<meta name=\"twitter:data1\" content=\"1 minutt\" \/>\n<script type=\"application\/ld+json\" class=\"yoast-schema-graph\">{\"@context\":\"https:\\\/\\\/schema.org\",\"@graph\":[{\"@type\":\"WebPage\",\"@id\":\"https:\\\/\\\/zafolaw.com\\\/no\\\/om-oss\\\/medarbejdere\\\/jordi-lapiedra-carrasquer\\\/\",\"url\":\"https:\\\/\\\/zafolaw.com\\\/no\\\/om-oss\\\/medarbejdere\\\/jordi-lapiedra-carrasquer\\\/\",\"name\":\"Jordi Lapiedra Carrasquer | Senior skatter\u00e5dgiver | Zafo Law\",\"isPartOf\":{\"@id\":\"https:\\\/\\\/zafolaw.com\\\/no\\\/#website\"},\"primaryImageOfPage\":{\"@id\":\"https:\\\/\\\/zafolaw.com\\\/no\\\/om-oss\\\/medarbejdere\\\/jordi-lapiedra-carrasquer\\\/#primaryimage\"},\"image\":{\"@id\":\"https:\\\/\\\/zafolaw.com\\\/no\\\/om-oss\\\/medarbejdere\\\/jordi-lapiedra-carrasquer\\\/#primaryimage\"},\"thumbnailUrl\":\"https:\\\/\\\/zafolaw.com\\\/wp-content\\\/uploads\\\/2025\\\/12\\\/mail-reply.svg\",\"datePublished\":\"2025-12-04T22:22:06+00:00\",\"dateModified\":\"2026-03-23T15:48:56+00:00\",\"description\":\"Les om Jordi Lapiedra Carrasquer, senior skatter\u00e5dgiver hos Zafo Law i Barcelona, med erfaring innen skatter\u00e5dgivning for bedrifter i Spania.\",\"breadcrumb\":{\"@id\":\"https:\\\/\\\/zafolaw.com\\\/no\\\/om-oss\\\/medarbejdere\\\/jordi-lapiedra-carrasquer\\\/#breadcrumb\"},\"inLanguage\":\"nb-NO\",\"potentialAction\":[{\"@type\":\"ReadAction\",\"target\":[\"https:\\\/\\\/zafolaw.com\\\/no\\\/om-oss\\\/medarbejdere\\\/jordi-lapiedra-carrasquer\\\/\"]}]},{\"@type\":\"ImageObject\",\"inLanguage\":\"nb-NO\",\"@id\":\"https:\\\/\\\/zafolaw.com\\\/no\\\/om-oss\\\/medarbejdere\\\/jordi-lapiedra-carrasquer\\\/#primaryimage\",\"url\":\"https:\\\/\\\/zafolaw.com\\\/wp-content\\\/uploads\\\/2025\\\/12\\\/mail-reply.svg\",\"contentUrl\":\"https:\\\/\\\/zafolaw.com\\\/wp-content\\\/uploads\\\/2025\\\/12\\\/mail-reply.svg\"},{\"@type\":\"BreadcrumbList\",\"@id\":\"https:\\\/\\\/zafolaw.com\\\/no\\\/om-oss\\\/medarbejdere\\\/jordi-lapiedra-carrasquer\\\/#breadcrumb\",\"itemListElement\":[{\"@type\":\"ListItem\",\"position\":1,\"name\":\"Hjem\",\"item\":\"https:\\\/\\\/zafolaw.com\\\/no\\\/\"},{\"@type\":\"ListItem\",\"position\":2,\"name\":\"Om oss\",\"item\":\"https:\\\/\\\/zafolaw.com\\\/no\\\/om-oss\\\/\"},{\"@type\":\"ListItem\",\"position\":3,\"name\":\"Medarbejdere\",\"item\":\"https:\\\/\\\/zafolaw.com\\\/no\\\/om-oss\\\/medarbejdere\\\/\"},{\"@type\":\"ListItem\",\"position\":4,\"name\":\"Jordi Lapiedra Carrasquer\"}]},{\"@type\":\"WebSite\",\"@id\":\"https:\\\/\\\/zafolaw.com\\\/no\\\/#website\",\"url\":\"https:\\\/\\\/zafolaw.com\\\/no\\\/\",\"name\":\"Zafo Law\",\"description\":\"Friend of Scandinavia\",\"publisher\":{\"@id\":\"https:\\\/\\\/zafolaw.com\\\/no\\\/#organization\"},\"potentialAction\":[{\"@type\":\"SearchAction\",\"target\":{\"@type\":\"EntryPoint\",\"urlTemplate\":\"https:\\\/\\\/zafolaw.com\\\/no\\\/?s={search_term_string}\"},\"query-input\":{\"@type\":\"PropertyValueSpecification\",\"valueRequired\":true,\"valueName\":\"search_term_string\"}}],\"inLanguage\":\"nb-NO\"},{\"@type\":\"Organization\",\"@id\":\"https:\\\/\\\/zafolaw.com\\\/no\\\/#organization\",\"name\":\"Zafo Law\",\"url\":\"https:\\\/\\\/zafolaw.com\\\/no\\\/\",\"logo\":{\"@type\":\"ImageObject\",\"inLanguage\":\"nb-NO\",\"@id\":\"https:\\\/\\\/zafolaw.com\\\/no\\\/#\\\/schema\\\/logo\\\/image\\\/\",\"url\":\"https:\\\/\\\/zafolaw.com\\\/wp-content\\\/uploads\\\/2025\\\/11\\\/zafolaw-logo-small.svg\",\"contentUrl\":\"https:\\\/\\\/zafolaw.com\\\/wp-content\\\/uploads\\\/2025\\\/11\\\/zafolaw-logo-small.svg\",\"width\":182,\"height\":40,\"caption\":\"Zafo Law\"},\"image\":{\"@id\":\"https:\\\/\\\/zafolaw.com\\\/no\\\/#\\\/schema\\\/logo\\\/image\\\/\"},\"sameAs\":[\"https:\\\/\\\/www.linkedin.com\\\/company\\\/zafo-law\"]}]}<\/script>\n<!-- \/ Yoast SEO plugin. -->","yoast_head_json":{"title":"Jordi Lapiedra Carrasquer | Senior skatter\u00e5dgiver | Zafo Law","description":"Les om Jordi Lapiedra Carrasquer, senior skatter\u00e5dgiver hos Zafo Law i Barcelona, med erfaring innen skatter\u00e5dgivning for bedrifter i Spania.","robots":{"index":"index","follow":"follow","max-snippet":"max-snippet:-1","max-image-preview":"max-image-preview:large","max-video-preview":"max-video-preview:-1"},"canonical":"https:\/\/zafolaw.com\/no\/om-oss\/medarbejdere\/jordi-lapiedra-carrasquer\/","og_locale":"nb_NO","og_type":"article","og_title":"Jordi Lapiedra Carrasquer | Senior skatter\u00e5dgiver | Zafo Law","og_description":"Les om Jordi Lapiedra Carrasquer, senior skatter\u00e5dgiver hos Zafo Law i Barcelona, med erfaring innen skatter\u00e5dgivning for bedrifter i Spania.","og_url":"https:\/\/zafolaw.com\/no\/om-oss\/medarbejdere\/jordi-lapiedra-carrasquer\/","og_site_name":"Zafo Law","article_modified_time":"2026-03-23T15:48:56+00:00","twitter_card":"summary_large_image","twitter_misc":{"Ansl. lesetid":"1 minutt"},"schema":{"@context":"https:\/\/schema.org","@graph":[{"@type":"WebPage","@id":"https:\/\/zafolaw.com\/no\/om-oss\/medarbejdere\/jordi-lapiedra-carrasquer\/","url":"https:\/\/zafolaw.com\/no\/om-oss\/medarbejdere\/jordi-lapiedra-carrasquer\/","name":"Jordi Lapiedra Carrasquer | Senior skatter\u00e5dgiver | Zafo Law","isPartOf":{"@id":"https:\/\/zafolaw.com\/no\/#website"},"primaryImageOfPage":{"@id":"https:\/\/zafolaw.com\/no\/om-oss\/medarbejdere\/jordi-lapiedra-carrasquer\/#primaryimage"},"image":{"@id":"https:\/\/zafolaw.com\/no\/om-oss\/medarbejdere\/jordi-lapiedra-carrasquer\/#primaryimage"},"thumbnailUrl":"https:\/\/zafolaw.com\/wp-content\/uploads\/2025\/12\/mail-reply.svg","datePublished":"2025-12-04T22:22:06+00:00","dateModified":"2026-03-23T15:48:56+00:00","description":"Les om Jordi Lapiedra Carrasquer, senior skatter\u00e5dgiver hos Zafo Law i Barcelona, med erfaring innen skatter\u00e5dgivning for bedrifter i Spania.","breadcrumb":{"@id":"https:\/\/zafolaw.com\/no\/om-oss\/medarbejdere\/jordi-lapiedra-carrasquer\/#breadcrumb"},"inLanguage":"nb-NO","potentialAction":[{"@type":"ReadAction","target":["https:\/\/zafolaw.com\/no\/om-oss\/medarbejdere\/jordi-lapiedra-carrasquer\/"]}]},{"@type":"ImageObject","inLanguage":"nb-NO","@id":"https:\/\/zafolaw.com\/no\/om-oss\/medarbejdere\/jordi-lapiedra-carrasquer\/#primaryimage","url":"https:\/\/zafolaw.com\/wp-content\/uploads\/2025\/12\/mail-reply.svg","contentUrl":"https:\/\/zafolaw.com\/wp-content\/uploads\/2025\/12\/mail-reply.svg"},{"@type":"BreadcrumbList","@id":"https:\/\/zafolaw.com\/no\/om-oss\/medarbejdere\/jordi-lapiedra-carrasquer\/#breadcrumb","itemListElement":[{"@type":"ListItem","position":1,"name":"Hjem","item":"https:\/\/zafolaw.com\/no\/"},{"@type":"ListItem","position":2,"name":"Om oss","item":"https:\/\/zafolaw.com\/no\/om-oss\/"},{"@type":"ListItem","position":3,"name":"Medarbejdere","item":"https:\/\/zafolaw.com\/no\/om-oss\/medarbejdere\/"},{"@type":"ListItem","position":4,"name":"Jordi Lapiedra Carrasquer"}]},{"@type":"WebSite","@id":"https:\/\/zafolaw.com\/no\/#website","url":"https:\/\/zafolaw.com\/no\/","name":"Zafo Law","description":"Friend of Scandinavia","publisher":{"@id":"https:\/\/zafolaw.com\/no\/#organization"},"potentialAction":[{"@type":"SearchAction","target":{"@type":"EntryPoint","urlTemplate":"https:\/\/zafolaw.com\/no\/?s={search_term_string}"},"query-input":{"@type":"PropertyValueSpecification","valueRequired":true,"valueName":"search_term_string"}}],"inLanguage":"nb-NO"},{"@type":"Organization","@id":"https:\/\/zafolaw.com\/no\/#organization","name":"Zafo Law","url":"https:\/\/zafolaw.com\/no\/","logo":{"@type":"ImageObject","inLanguage":"nb-NO","@id":"https:\/\/zafolaw.com\/no\/#\/schema\/logo\/image\/","url":"https:\/\/zafolaw.com\/wp-content\/uploads\/2025\/11\/zafolaw-logo-small.svg","contentUrl":"https:\/\/zafolaw.com\/wp-content\/uploads\/2025\/11\/zafolaw-logo-small.svg","width":182,"height":40,"caption":"Zafo Law"},"image":{"@id":"https:\/\/zafolaw.com\/no\/#\/schema\/logo\/image\/"},"sameAs":["https:\/\/www.linkedin.com\/company\/zafo-law"]}]}},"_links":{"self":[{"href":"https:\/\/zafolaw.com\/no\/wp-json\/wp\/v2\/pages\/13158","targetHints":{"allow":["GET"]}}],"collection":[{"href":"https:\/\/zafolaw.com\/no\/wp-json\/wp\/v2\/pages"}],"about":[{"href":"https:\/\/zafolaw.com\/no\/wp-json\/wp\/v2\/types\/page"}],"author":[{"embeddable":true,"href":"https:\/\/zafolaw.com\/no\/wp-json\/wp\/v2\/users\/1"}],"replies":[{"embeddable":true,"href":"https:\/\/zafolaw.com\/no\/wp-json\/wp\/v2\/comments?post=13158"}],"version-history":[{"count":2,"href":"https:\/\/zafolaw.com\/no\/wp-json\/wp\/v2\/pages\/13158\/revisions"}],"predecessor-version":[{"id":13204,"href":"https:\/\/zafolaw.com\/no\/wp-json\/wp\/v2\/pages\/13158\/revisions\/13204"}],"up":[{"embeddable":true,"href":"https:\/\/zafolaw.com\/no\/wp-json\/wp\/v2\/pages\/13171"}],"wp:attachment":[{"href":"https:\/\/zafolaw.com\/no\/wp-json\/wp\/v2\/media?parent=13158"}],"curies":[{"name":"wp","href":"https:\/\/api.w.org\/{rel}","templated":true}]}}