{"id":13156,"date":"2025-12-04T23:14:36","date_gmt":"2025-12-04T22:14:36","guid":{"rendered":"https:\/\/zafolaw.com\/maria-jose-juan-blanco\/"},"modified":"2026-03-23T16:48:56","modified_gmt":"2026-03-23T15:48:56","slug":"maria-jose-juan-blanco","status":"publish","type":"page","link":"https:\/\/zafolaw.com\/no\/om-oss\/medarbejdere\/maria-jose-juan-blanco\/","title":{"rendered":"Mar\u00eda Jos\u00e9 Juan Blanco"},"content":{"rendered":"\t\t<div data-elementor-type=\"wp-page\" data-elementor-id=\"13156\" class=\"elementor elementor-13156 elementor-7423\" data-elementor-post-type=\"page\">\n\t\t\t\t<div class=\"elementor-element elementor-element-05fc21d e-con-full e-flex e-con e-parent\" data-id=\"05fc21d\" data-element_type=\"container\" data-e-type=\"container\">\n\t\t<div class=\"elementor-element elementor-element-ce38793 e-con-full e-flex e-con e-child\" data-id=\"ce38793\" data-element_type=\"container\" data-e-type=\"container\">\n\t\t<div class=\"elementor-element elementor-element-e9c3c84 e-flex e-con-boxed e-con e-child\" data-id=\"e9c3c84\" data-element_type=\"container\" data-e-type=\"container\" data-settings=\"{&quot;background_background&quot;:&quot;gradient&quot;}\">\n\t\t\t\t\t<div class=\"e-con-inner\">\n\t\t<div class=\"elementor-element elementor-element-6c54729 e-con-full e-flex e-con e-child\" data-id=\"6c54729\" data-element_type=\"container\" data-e-type=\"container\" data-settings=\"{&quot;background_background&quot;:&quot;classic&quot;}\">\n\t\t<div class=\"elementor-element elementor-element-720693e e-con-full e-flex e-con e-child\" data-id=\"720693e\" data-element_type=\"container\" data-e-type=\"container\">\n\t\t\t\t<div class=\"elementor-element elementor-element-efcd0b9 elementor-widget elementor-widget-text-editor\" data-id=\"efcd0b9\" data-element_type=\"widget\" data-e-type=\"widget\" data-widget_type=\"text-editor.default\">\n\t\t\t\t\t\t\t\t\t<p>\u00d8konomikonsulent<\/p>\t\t\t\t\t\t\t\t<\/div>\n\t\t\t\t<\/div>\n\t\t<div class=\"elementor-element elementor-element-1455ef5 e-con-full e-flex e-con e-child\" data-id=\"1455ef5\" data-element_type=\"container\" data-e-type=\"container\">\n\t\t\t\t<div class=\"elementor-element elementor-element-081857e elementor-widget elementor-widget-image\" data-id=\"081857e\" data-element_type=\"widget\" data-e-type=\"widget\" data-widget_type=\"image.default\">\n\t\t\t\t\t\t\t\t\t\t\t\t\t\t\t\t<a href=\"mailto:mjb@zafolaw.com\">\n\t\t\t\t\t\t\t<img decoding=\"async\" width=\"34\" height=\"31\" src=\"https:\/\/zafolaw.com\/wp-content\/uploads\/2025\/12\/mail-reply.svg\" class=\"attachment-large size-large wp-image-13174\" alt=\"\" \/>\t\t\t\t\t\t\t\t<\/a>\n\t\t\t\t\t\t\t\t\t\t\t\t\t\t\t<\/div>\n\t\t\t\t<div class=\"elementor-element elementor-element-022ff83 elementor-widget elementor-widget-image\" data-id=\"022ff83\" data-element_type=\"widget\" data-e-type=\"widget\" data-widget_type=\"image.default\">\n\t\t\t\t\t\t\t\t\t\t\t\t\t\t\t\t<a href=\"tel:+34%20965%20929%20709\">\n\t\t\t\t\t\t\t<img decoding=\"async\" width=\"30\" height=\"30\" src=\"https:\/\/zafolaw.com\/wp-content\/uploads\/2025\/12\/phone-voice.svg\" class=\"attachment-large size-large wp-image-13175\" alt=\"\" \/>\t\t\t\t\t\t\t\t<\/a>\n\t\t\t\t\t\t\t\t\t\t\t\t\t\t\t<\/div>\n\t\t\t\t<\/div>\n\t\t\t\t<\/div>\n\t\t<div class=\"elementor-element elementor-element-dd5425a e-con-full e-flex e-con e-child\" data-id=\"dd5425a\" data-element_type=\"container\" data-e-type=\"container\">\n\t\t\t\t<div class=\"elementor-element elementor-element-79e0714 elementor-hidden-desktop elementor-hidden-tablet elementor-widget elementor-widget-image\" data-id=\"79e0714\" data-element_type=\"widget\" data-e-type=\"widget\" data-widget_type=\"image.default\">\n\t\t\t\t\t\t\t\t\t\t\t\t\t\t\t<img fetchpriority=\"high\" decoding=\"async\" width=\"600\" height=\"900\" src=\"https:\/\/zafolaw.com\/wp-content\/uploads\/2025\/12\/Maria-Jose-Juan-Blanco-Zafo-Law.jpeg\" class=\"attachment-large size-large wp-image-13186\" alt=\"\" srcset=\"https:\/\/zafolaw.com\/wp-content\/uploads\/2025\/12\/Maria-Jose-Juan-Blanco-Zafo-Law.jpeg 600w, https:\/\/zafolaw.com\/wp-content\/uploads\/2025\/12\/Maria-Jose-Juan-Blanco-Zafo-Law-200x300.jpeg 200w\" sizes=\"(max-width: 600px) 100vw, 600px\" \/>\t\t\t\t\t\t\t\t\t\t\t\t\t\t\t<\/div>\n\t\t\t\t<div class=\"elementor-element elementor-element-0f2a2d5 elementor-absolute elementor-hidden-mobile elementor-widget elementor-widget-image\" data-id=\"0f2a2d5\" data-element_type=\"widget\" data-e-type=\"widget\" data-settings=\"{&quot;_position&quot;:&quot;absolute&quot;}\" data-widget_type=\"image.default\">\n\t\t\t\t\t\t\t\t\t\t\t\t\t\t\t<img fetchpriority=\"high\" decoding=\"async\" width=\"600\" height=\"900\" src=\"https:\/\/zafolaw.com\/wp-content\/uploads\/2025\/12\/Maria-Jose-Juan-Blanco-Zafo-Law.jpeg\" class=\"attachment-large size-large wp-image-13186\" alt=\"\" srcset=\"https:\/\/zafolaw.com\/wp-content\/uploads\/2025\/12\/Maria-Jose-Juan-Blanco-Zafo-Law.jpeg 600w, https:\/\/zafolaw.com\/wp-content\/uploads\/2025\/12\/Maria-Jose-Juan-Blanco-Zafo-Law-200x300.jpeg 200w\" sizes=\"(max-width: 600px) 100vw, 600px\" \/>\t\t\t\t\t\t\t\t\t\t\t\t\t\t\t<\/div>\n\t\t\t\t<\/div>\n\t\t\t\t\t<\/div>\n\t\t\t\t<\/div>\n\t\t\t\t<\/div>\n\t\t\t\t<\/div>\n\t\t<div class=\"elementor-element elementor-element-bf9446c e-flex e-con-boxed e-con e-parent\" data-id=\"bf9446c\" data-element_type=\"container\" data-e-type=\"container\">\n\t\t\t\t\t<div class=\"e-con-inner\">\n\t\t<div class=\"elementor-element elementor-element-7148a592 e-con-full e-flex e-con e-child\" data-id=\"7148a592\" data-element_type=\"container\" data-e-type=\"container\">\n\t\t<div class=\"elementor-element elementor-element-a3d0d81 e-con-full e-flex e-con e-child\" data-id=\"a3d0d81\" data-element_type=\"container\" data-e-type=\"container\">\n\t\t\t\t<div class=\"elementor-element elementor-element-1b976ea8 elementor-widget elementor-widget-heading\" data-id=\"1b976ea8\" data-element_type=\"widget\" data-e-type=\"widget\" data-widget_type=\"heading.default\">\n\t\t\t\t\t<h2 class=\"elementor-heading-title elementor-size-default\">Avdeling:  <\/h2>\t\t\t\t<\/div>\n\t\t\t\t<div class=\"elementor-element elementor-element-4667c32c elementor-widget elementor-widget-text-editor\" data-id=\"4667c32c\" data-element_type=\"widget\" data-e-type=\"widget\" data-widget_type=\"text-editor.default\">\n\t\t\t\t\t\t\t\t\t<p>Alicante<\/p>\t\t\t\t\t\t\t\t<\/div>\n\t\t\t\t<\/div>\n\t\t<div class=\"elementor-element elementor-element-208e8c60 e-con-full e-flex e-con e-child\" data-id=\"208e8c60\" data-element_type=\"container\" data-e-type=\"container\">\n\t\t\t\t<div class=\"elementor-element elementor-element-8dc2ceb elementor-widget elementor-widget-heading\" data-id=\"8dc2ceb\" data-element_type=\"widget\" data-e-type=\"widget\" data-widget_type=\"heading.default\">\n\t\t\t\t\t<h2 class=\"elementor-heading-title elementor-size-default\">Spr\u00e5k:  <\/h2>\t\t\t\t<\/div>\n\t\t<div class=\"elementor-element elementor-element-d427d9f e-con-full e-flex e-con e-child\" data-id=\"d427d9f\" data-element_type=\"container\" data-e-type=\"container\">\n\t\t\t\t<div class=\"elementor-element elementor-element-0552e23 elementor-widget elementor-widget-image\" data-id=\"0552e23\" data-element_type=\"widget\" data-e-type=\"widget\" data-widget_type=\"image.default\">\n\t\t\t\t\t\t\t\t\t\t\t\t\t\t\t<img loading=\"lazy\" decoding=\"async\" width=\"114\" height=\"100\" src=\"https:\/\/zafolaw.com\/wp-content\/uploads\/2020\/02\/sprog-es.png\" class=\"attachment-large size-large wp-image-4881\" alt=\"\" \/>\t\t\t\t\t\t\t\t\t\t\t\t\t\t\t<\/div>\n\t\t\t\t<div class=\"elementor-element elementor-element-4be01fb elementor-widget elementor-widget-image\" data-id=\"4be01fb\" data-element_type=\"widget\" data-e-type=\"widget\" data-widget_type=\"image.default\">\n\t\t\t\t\t\t\t\t\t\t\t\t\t\t\t<img loading=\"lazy\" decoding=\"async\" width=\"114\" height=\"100\" src=\"https:\/\/zafolaw.com\/wp-content\/uploads\/2020\/02\/sprog-en.png\" class=\"attachment-large size-large wp-image-4877\" alt=\"\" \/>\t\t\t\t\t\t\t\t\t\t\t\t\t\t\t<\/div>\n\t\t\t\t<\/div>\n\t\t\t\t<\/div>\n\t\t\t\t<\/div>\n\t\t<div class=\"elementor-element elementor-element-2874beed e-con-full e-flex e-con e-child\" data-id=\"2874beed\" data-element_type=\"container\" data-e-type=\"container\">\n\t\t<div class=\"elementor-element elementor-element-5daede0c e-con-full e-flex e-con e-child\" data-id=\"5daede0c\" data-element_type=\"container\" data-e-type=\"container\">\n\t\t\t\t<div class=\"elementor-element elementor-element-3b7c7dcd elementor-widget elementor-widget-heading\" data-id=\"3b7c7dcd\" data-element_type=\"widget\" data-e-type=\"widget\" data-widget_type=\"heading.default\">\n\t\t\t\t\t<h2 class=\"elementor-heading-title elementor-size-default\">Arbeidsomr\u00e5der:  \n<\/h2>\t\t\t\t<\/div>\n\t\t\t\t<div class=\"elementor-element elementor-element-51fccaf9 elementor-widget elementor-widget-text-editor\" data-id=\"51fccaf9\" data-element_type=\"widget\" data-e-type=\"widget\" data-widget_type=\"text-editor.default\">\n\t\t\t\t\t\t\t\t\t<p>Global Corporate Management.<\/p>\t\t\t\t\t\t\t\t<\/div>\n\t\t\t\t<\/div>\n\t\t<div class=\"elementor-element elementor-element-8980b16 e-con-full e-flex e-con e-child\" data-id=\"8980b16\" data-element_type=\"container\" data-e-type=\"container\">\n\t\t\t\t<div class=\"elementor-element elementor-element-57c0bea9 elementor-widget elementor-widget-heading\" data-id=\"57c0bea9\" data-element_type=\"widget\" data-e-type=\"widget\" data-widget_type=\"heading.default\">\n\t\t\t\t\t<h2 class=\"elementor-heading-title elementor-size-default\">Profil:\n<\/h2>\t\t\t\t<\/div>\n\t\t\t\t<div class=\"elementor-element elementor-element-6542bf78 elementor-widget elementor-widget-text-editor\" data-id=\"6542bf78\" data-element_type=\"widget\" data-e-type=\"widget\" data-widget_type=\"text-editor.default\">\n\t\t\t\t\t\t\t\t\t<p>Mar\u00eda Jos\u00e9 Juan Blanco arbeider i v\u00e5rt Global Corporate Management-team med selvangivelser, regnskapsf\u00f8ring for selskaper og m\u00e5nedlig rapportering til utenlandske morselskaper.<\/p><p>Hun ble en integrert del av teamet i l\u00f8pet av 2023.<\/p>\t\t\t\t\t\t\t\t<\/div>\n\t\t\t\t<\/div>\n\t\t\t\t<\/div>\n\t\t<div class=\"elementor-element elementor-element-55ef593 e-con-full e-flex e-con e-child\" data-id=\"55ef593\" data-element_type=\"container\" data-e-type=\"container\">\n\t\t\t\t<div class=\"elementor-element elementor-element-2d02649 elementor-widget-divider--view-line elementor-widget elementor-widget-divider\" data-id=\"2d02649\" data-element_type=\"widget\" data-e-type=\"widget\" data-widget_type=\"divider.default\">\n\t\t\t\t\t\t\t<div class=\"elementor-divider\">\n\t\t\t<span class=\"elementor-divider-separator\">\n\t\t\t\t\t\t<\/span>\n\t\t<\/div>\n\t\t\t\t\t\t<\/div>\n\t\t\t\t<\/div>\n\t\t\t\t\t<\/div>\n\t\t\t\t<\/div>\n\t\t<div class=\"elementor-element elementor-element-2d383bbc e-flex e-con-boxed e-con e-parent\" data-id=\"2d383bbc\" data-element_type=\"container\" data-e-type=\"container\">\n\t\t\t\t\t<div class=\"e-con-inner\">\n\t\t<div class=\"elementor-element elementor-element-2169e5d3 e-con-full e-flex e-con e-child\" data-id=\"2169e5d3\" data-element_type=\"container\" data-e-type=\"container\">\n\t\t\t\t<div class=\"elementor-element elementor-element-16b9489 elementor-widget elementor-widget-heading\" data-id=\"16b9489\" data-element_type=\"widget\" data-e-type=\"widget\" data-widget_type=\"heading.default\">\n\t\t\t\t\t<h2 class=\"elementor-heading-title elementor-size-default\">Utdanning:\n\n<\/h2>\t\t\t\t<\/div>\n\t\t\t\t<div class=\"elementor-element elementor-element-3754cf3 elementor-widget elementor-widget-text-editor\" data-id=\"3754cf3\" data-element_type=\"widget\" data-e-type=\"widget\" data-widget_type=\"text-editor.default\">\n\t\t\t\t\t\t\t\t\t<ul><li>Bachelorgrad i Business Administration and Management, Universitetet i Alicante<\/li><li>Ekspertkurs i avansert regnskap og administrativ ledelse, Universitetet i Alicante<\/li><\/ul>\t\t\t\t\t\t\t\t<\/div>\n\t\t\t\t<\/div>\n\t\t<div class=\"elementor-element elementor-element-234767cf e-con-full e-flex e-con e-child\" data-id=\"234767cf\" data-element_type=\"container\" data-e-type=\"container\">\n\t\t\t\t<div class=\"elementor-element elementor-element-7babd6f8 elementor-widget elementor-widget-heading\" data-id=\"7babd6f8\" data-element_type=\"widget\" data-e-type=\"widget\" data-widget_type=\"heading.default\">\n\t\t\t\t\t<h2 class=\"elementor-heading-title elementor-size-default\">Erfaring:\n\n<\/h2>\t\t\t\t<\/div>\n\t\t\t\t<div class=\"elementor-element elementor-element-2f14fb5f elementor-widget elementor-widget-text-editor\" data-id=\"2f14fb5f\" data-element_type=\"widget\" data-e-type=\"widget\" data-widget_type=\"text-editor.default\">\n\t\t\t\t\t\t\t\t\t<ul><li>\u00d8konom konsulent i Zafo Law.<br>Regnskapsf\u00f8rer og \u00f8konomisjef i steinutvinningsselskap<\/li><li>Regnskapsf\u00f8rer og \u00f8konomisjef i mineralselskap.<\/li><\/ul>\t\t\t\t\t\t\t\t<\/div>\n\t\t\t\t<\/div>\n\t\t<div class=\"elementor-element elementor-element-495ba9c1 e-con-full e-flex e-con e-child\" data-id=\"495ba9c1\" data-element_type=\"container\" data-e-type=\"container\">\n\t\t\t\t<\/div>\n\t\t<div class=\"elementor-element elementor-element-47ec8c29 e-con-full e-flex e-con e-child\" data-id=\"47ec8c29\" data-element_type=\"container\" data-e-type=\"container\">\n\t\t\t\t<\/div>\n\t\t\t\t\t<\/div>\n\t\t\t\t<\/div>\n\t\t<div class=\"elementor-element elementor-element-fd180ad e-flex e-con-boxed e-con e-parent\" data-id=\"fd180ad\" data-element_type=\"container\" data-e-type=\"container\">\n\t\t\t\t\t<div class=\"e-con-inner\">\n\t\t<div class=\"elementor-element elementor-element-894c89e e-con-full e-flex e-con e-child\" data-id=\"894c89e\" data-element_type=\"container\" data-e-type=\"container\">\n\t\t\t\t<div class=\"elementor-element elementor-element-c13f0f6 elementor-align-right elementor-widget elementor-widget-button\" data-id=\"c13f0f6\" data-element_type=\"widget\" data-e-type=\"widget\" data-widget_type=\"button.default\">\n\t\t\t\t\t\t\t\t\t\t<a class=\"elementor-button elementor-button-link elementor-size-sm\" href=\"https:\/\/zafolaw.com\/no\/medarbejdere\/\">\n\t\t\t\t\t\t<span class=\"elementor-button-content-wrapper\">\n\t\t\t\t\t\t\t\t\t<span class=\"elementor-button-text\">Tilbake til team<\/span>\n\t\t\t\t\t<\/span>\n\t\t\t\t\t<\/a>\n\t\t\t\t\t\t\t\t<\/div>\n\t\t\t\t<\/div>\n\t\t\t\t\t<\/div>\n\t\t\t\t<\/div>\n\t\t\t\t<\/div>\n\t\t","protected":false},"excerpt":{"rendered":"<p>Les om Mar\u00eda Jos\u00e9 Juan Blanco, \u00f8konomisk konsulent hos Zafo Law i Alicante, med erfaring innen regnskap, \u00f8konomi og r\u00e5dgivning til bedrifter i Spania.<\/p>\n","protected":false},"author":1,"featured_media":0,"parent":13171,"menu_order":0,"comment_status":"closed","ping_status":"closed","template":"","meta":{"footnotes":""},"class_list":["post-13156","page","type-page","status-publish","hentry"],"yoast_head":"<!-- This site is optimized with the Yoast SEO plugin v27.4 - https:\/\/yoast.com\/product\/yoast-seo-wordpress\/ -->\n<title>Mar\u00eda Jos\u00e9 Juan Blanco | \u00d8konomikonsulent | Zafo Law<\/title>\n<meta name=\"description\" content=\"Les om Mar\u00eda Jos\u00e9 Juan Blanco, \u00f8konomisk konsulent hos Zafo Law i Alicante, med erfaring innen regnskap, \u00f8konomi og r\u00e5dgivning til bedrifter i Spania.\" \/>\n<meta name=\"robots\" content=\"index, follow, max-snippet:-1, max-image-preview:large, max-video-preview:-1\" \/>\n<link rel=\"canonical\" href=\"https:\/\/zafolaw.com\/no\/om-oss\/medarbejdere\/maria-jose-juan-blanco\/\" \/>\n<meta property=\"og:locale\" content=\"nb_NO\" \/>\n<meta property=\"og:type\" content=\"article\" \/>\n<meta property=\"og:title\" content=\"Mar\u00eda Jos\u00e9 Juan Blanco | \u00d8konomikonsulent | Zafo Law\" \/>\n<meta property=\"og:description\" content=\"Les om Mar\u00eda Jos\u00e9 Juan Blanco, \u00f8konomisk konsulent hos Zafo Law i Alicante, med erfaring innen regnskap, \u00f8konomi og r\u00e5dgivning til bedrifter i Spania.\" \/>\n<meta property=\"og:url\" content=\"https:\/\/zafolaw.com\/no\/om-oss\/medarbejdere\/maria-jose-juan-blanco\/\" \/>\n<meta property=\"og:site_name\" content=\"Zafo Law\" \/>\n<meta property=\"article:modified_time\" content=\"2026-03-23T15:48:56+00:00\" \/>\n<meta name=\"twitter:card\" content=\"summary_large_image\" \/>\n<script type=\"application\/ld+json\" class=\"yoast-schema-graph\">{\"@context\":\"https:\\\/\\\/schema.org\",\"@graph\":[{\"@type\":\"WebPage\",\"@id\":\"https:\\\/\\\/zafolaw.com\\\/no\\\/om-oss\\\/medarbejdere\\\/maria-jose-juan-blanco\\\/\",\"url\":\"https:\\\/\\\/zafolaw.com\\\/no\\\/om-oss\\\/medarbejdere\\\/maria-jose-juan-blanco\\\/\",\"name\":\"Mar\u00eda Jos\u00e9 Juan Blanco | \u00d8konomikonsulent | Zafo Law\",\"isPartOf\":{\"@id\":\"https:\\\/\\\/zafolaw.com\\\/no\\\/#website\"},\"primaryImageOfPage\":{\"@id\":\"https:\\\/\\\/zafolaw.com\\\/no\\\/om-oss\\\/medarbejdere\\\/maria-jose-juan-blanco\\\/#primaryimage\"},\"image\":{\"@id\":\"https:\\\/\\\/zafolaw.com\\\/no\\\/om-oss\\\/medarbejdere\\\/maria-jose-juan-blanco\\\/#primaryimage\"},\"thumbnailUrl\":\"https:\\\/\\\/zafolaw.com\\\/wp-content\\\/uploads\\\/2025\\\/12\\\/mail-reply.svg\",\"datePublished\":\"2025-12-04T22:14:36+00:00\",\"dateModified\":\"2026-03-23T15:48:56+00:00\",\"description\":\"Les om Mar\u00eda Jos\u00e9 Juan Blanco, \u00f8konomisk konsulent hos Zafo Law i Alicante, med erfaring innen regnskap, \u00f8konomi og r\u00e5dgivning til bedrifter i Spania.\",\"breadcrumb\":{\"@id\":\"https:\\\/\\\/zafolaw.com\\\/no\\\/om-oss\\\/medarbejdere\\\/maria-jose-juan-blanco\\\/#breadcrumb\"},\"inLanguage\":\"nb-NO\",\"potentialAction\":[{\"@type\":\"ReadAction\",\"target\":[\"https:\\\/\\\/zafolaw.com\\\/no\\\/om-oss\\\/medarbejdere\\\/maria-jose-juan-blanco\\\/\"]}]},{\"@type\":\"ImageObject\",\"inLanguage\":\"nb-NO\",\"@id\":\"https:\\\/\\\/zafolaw.com\\\/no\\\/om-oss\\\/medarbejdere\\\/maria-jose-juan-blanco\\\/#primaryimage\",\"url\":\"https:\\\/\\\/zafolaw.com\\\/wp-content\\\/uploads\\\/2025\\\/12\\\/mail-reply.svg\",\"contentUrl\":\"https:\\\/\\\/zafolaw.com\\\/wp-content\\\/uploads\\\/2025\\\/12\\\/mail-reply.svg\"},{\"@type\":\"BreadcrumbList\",\"@id\":\"https:\\\/\\\/zafolaw.com\\\/no\\\/om-oss\\\/medarbejdere\\\/maria-jose-juan-blanco\\\/#breadcrumb\",\"itemListElement\":[{\"@type\":\"ListItem\",\"position\":1,\"name\":\"Hjem\",\"item\":\"https:\\\/\\\/zafolaw.com\\\/no\\\/\"},{\"@type\":\"ListItem\",\"position\":2,\"name\":\"Om oss\",\"item\":\"https:\\\/\\\/zafolaw.com\\\/no\\\/om-oss\\\/\"},{\"@type\":\"ListItem\",\"position\":3,\"name\":\"Medarbejdere\",\"item\":\"https:\\\/\\\/zafolaw.com\\\/no\\\/om-oss\\\/medarbejdere\\\/\"},{\"@type\":\"ListItem\",\"position\":4,\"name\":\"Mar\u00eda Jos\u00e9 Juan Blanco\"}]},{\"@type\":\"WebSite\",\"@id\":\"https:\\\/\\\/zafolaw.com\\\/no\\\/#website\",\"url\":\"https:\\\/\\\/zafolaw.com\\\/no\\\/\",\"name\":\"Zafo Law\",\"description\":\"Friend of Scandinavia\",\"publisher\":{\"@id\":\"https:\\\/\\\/zafolaw.com\\\/no\\\/#organization\"},\"potentialAction\":[{\"@type\":\"SearchAction\",\"target\":{\"@type\":\"EntryPoint\",\"urlTemplate\":\"https:\\\/\\\/zafolaw.com\\\/no\\\/?s={search_term_string}\"},\"query-input\":{\"@type\":\"PropertyValueSpecification\",\"valueRequired\":true,\"valueName\":\"search_term_string\"}}],\"inLanguage\":\"nb-NO\"},{\"@type\":\"Organization\",\"@id\":\"https:\\\/\\\/zafolaw.com\\\/no\\\/#organization\",\"name\":\"Zafo Law\",\"url\":\"https:\\\/\\\/zafolaw.com\\\/no\\\/\",\"logo\":{\"@type\":\"ImageObject\",\"inLanguage\":\"nb-NO\",\"@id\":\"https:\\\/\\\/zafolaw.com\\\/no\\\/#\\\/schema\\\/logo\\\/image\\\/\",\"url\":\"https:\\\/\\\/zafolaw.com\\\/wp-content\\\/uploads\\\/2025\\\/11\\\/zafolaw-logo-small.svg\",\"contentUrl\":\"https:\\\/\\\/zafolaw.com\\\/wp-content\\\/uploads\\\/2025\\\/11\\\/zafolaw-logo-small.svg\",\"width\":182,\"height\":40,\"caption\":\"Zafo Law\"},\"image\":{\"@id\":\"https:\\\/\\\/zafolaw.com\\\/no\\\/#\\\/schema\\\/logo\\\/image\\\/\"},\"sameAs\":[\"https:\\\/\\\/www.linkedin.com\\\/company\\\/zafo-law\"]}]}<\/script>\n<!-- \/ Yoast SEO plugin. -->","yoast_head_json":{"title":"Mar\u00eda Jos\u00e9 Juan Blanco | \u00d8konomikonsulent | Zafo Law","description":"Les om Mar\u00eda Jos\u00e9 Juan Blanco, \u00f8konomisk konsulent hos Zafo Law i Alicante, med erfaring innen regnskap, \u00f8konomi og r\u00e5dgivning til bedrifter i Spania.","robots":{"index":"index","follow":"follow","max-snippet":"max-snippet:-1","max-image-preview":"max-image-preview:large","max-video-preview":"max-video-preview:-1"},"canonical":"https:\/\/zafolaw.com\/no\/om-oss\/medarbejdere\/maria-jose-juan-blanco\/","og_locale":"nb_NO","og_type":"article","og_title":"Mar\u00eda Jos\u00e9 Juan Blanco | \u00d8konomikonsulent | Zafo Law","og_description":"Les om Mar\u00eda Jos\u00e9 Juan Blanco, \u00f8konomisk konsulent hos Zafo Law i Alicante, med erfaring innen regnskap, \u00f8konomi og r\u00e5dgivning til bedrifter i Spania.","og_url":"https:\/\/zafolaw.com\/no\/om-oss\/medarbejdere\/maria-jose-juan-blanco\/","og_site_name":"Zafo Law","article_modified_time":"2026-03-23T15:48:56+00:00","twitter_card":"summary_large_image","schema":{"@context":"https:\/\/schema.org","@graph":[{"@type":"WebPage","@id":"https:\/\/zafolaw.com\/no\/om-oss\/medarbejdere\/maria-jose-juan-blanco\/","url":"https:\/\/zafolaw.com\/no\/om-oss\/medarbejdere\/maria-jose-juan-blanco\/","name":"Mar\u00eda Jos\u00e9 Juan Blanco | \u00d8konomikonsulent | Zafo Law","isPartOf":{"@id":"https:\/\/zafolaw.com\/no\/#website"},"primaryImageOfPage":{"@id":"https:\/\/zafolaw.com\/no\/om-oss\/medarbejdere\/maria-jose-juan-blanco\/#primaryimage"},"image":{"@id":"https:\/\/zafolaw.com\/no\/om-oss\/medarbejdere\/maria-jose-juan-blanco\/#primaryimage"},"thumbnailUrl":"https:\/\/zafolaw.com\/wp-content\/uploads\/2025\/12\/mail-reply.svg","datePublished":"2025-12-04T22:14:36+00:00","dateModified":"2026-03-23T15:48:56+00:00","description":"Les om Mar\u00eda Jos\u00e9 Juan Blanco, \u00f8konomisk konsulent hos Zafo Law i Alicante, med erfaring innen regnskap, \u00f8konomi og r\u00e5dgivning til bedrifter i Spania.","breadcrumb":{"@id":"https:\/\/zafolaw.com\/no\/om-oss\/medarbejdere\/maria-jose-juan-blanco\/#breadcrumb"},"inLanguage":"nb-NO","potentialAction":[{"@type":"ReadAction","target":["https:\/\/zafolaw.com\/no\/om-oss\/medarbejdere\/maria-jose-juan-blanco\/"]}]},{"@type":"ImageObject","inLanguage":"nb-NO","@id":"https:\/\/zafolaw.com\/no\/om-oss\/medarbejdere\/maria-jose-juan-blanco\/#primaryimage","url":"https:\/\/zafolaw.com\/wp-content\/uploads\/2025\/12\/mail-reply.svg","contentUrl":"https:\/\/zafolaw.com\/wp-content\/uploads\/2025\/12\/mail-reply.svg"},{"@type":"BreadcrumbList","@id":"https:\/\/zafolaw.com\/no\/om-oss\/medarbejdere\/maria-jose-juan-blanco\/#breadcrumb","itemListElement":[{"@type":"ListItem","position":1,"name":"Hjem","item":"https:\/\/zafolaw.com\/no\/"},{"@type":"ListItem","position":2,"name":"Om oss","item":"https:\/\/zafolaw.com\/no\/om-oss\/"},{"@type":"ListItem","position":3,"name":"Medarbejdere","item":"https:\/\/zafolaw.com\/no\/om-oss\/medarbejdere\/"},{"@type":"ListItem","position":4,"name":"Mar\u00eda Jos\u00e9 Juan Blanco"}]},{"@type":"WebSite","@id":"https:\/\/zafolaw.com\/no\/#website","url":"https:\/\/zafolaw.com\/no\/","name":"Zafo Law","description":"Friend of Scandinavia","publisher":{"@id":"https:\/\/zafolaw.com\/no\/#organization"},"potentialAction":[{"@type":"SearchAction","target":{"@type":"EntryPoint","urlTemplate":"https:\/\/zafolaw.com\/no\/?s={search_term_string}"},"query-input":{"@type":"PropertyValueSpecification","valueRequired":true,"valueName":"search_term_string"}}],"inLanguage":"nb-NO"},{"@type":"Organization","@id":"https:\/\/zafolaw.com\/no\/#organization","name":"Zafo Law","url":"https:\/\/zafolaw.com\/no\/","logo":{"@type":"ImageObject","inLanguage":"nb-NO","@id":"https:\/\/zafolaw.com\/no\/#\/schema\/logo\/image\/","url":"https:\/\/zafolaw.com\/wp-content\/uploads\/2025\/11\/zafolaw-logo-small.svg","contentUrl":"https:\/\/zafolaw.com\/wp-content\/uploads\/2025\/11\/zafolaw-logo-small.svg","width":182,"height":40,"caption":"Zafo Law"},"image":{"@id":"https:\/\/zafolaw.com\/no\/#\/schema\/logo\/image\/"},"sameAs":["https:\/\/www.linkedin.com\/company\/zafo-law"]}]}},"_links":{"self":[{"href":"https:\/\/zafolaw.com\/no\/wp-json\/wp\/v2\/pages\/13156","targetHints":{"allow":["GET"]}}],"collection":[{"href":"https:\/\/zafolaw.com\/no\/wp-json\/wp\/v2\/pages"}],"about":[{"href":"https:\/\/zafolaw.com\/no\/wp-json\/wp\/v2\/types\/page"}],"author":[{"embeddable":true,"href":"https:\/\/zafolaw.com\/no\/wp-json\/wp\/v2\/users\/1"}],"replies":[{"embeddable":true,"href":"https:\/\/zafolaw.com\/no\/wp-json\/wp\/v2\/comments?post=13156"}],"version-history":[{"count":2,"href":"https:\/\/zafolaw.com\/no\/wp-json\/wp\/v2\/pages\/13156\/revisions"}],"predecessor-version":[{"id":13203,"href":"https:\/\/zafolaw.com\/no\/wp-json\/wp\/v2\/pages\/13156\/revisions\/13203"}],"up":[{"embeddable":true,"href":"https:\/\/zafolaw.com\/no\/wp-json\/wp\/v2\/pages\/13171"}],"wp:attachment":[{"href":"https:\/\/zafolaw.com\/no\/wp-json\/wp\/v2\/media?parent=13156"}],"curies":[{"name":"wp","href":"https:\/\/api.w.org\/{rel}","templated":true}]}}